{"id":10,"date":"2023-12-06T03:25:34","date_gmt":"2023-12-06T03:25:34","guid":{"rendered":"https:\/\/catfiesta.com\/lightedmirror\/?page_id=10"},"modified":"2026-02-26T03:15:34","modified_gmt":"2026-02-26T03:15:34","slug":"lux","status":"publish","type":"page","link":"https:\/\/evervue.com.pa\/grandmirrors\/lux\/","title":{"rendered":"LUX"},"content":{"rendered":"","protected":false},"excerpt":{"rendered":"","protected":false},"author":1,"featured_media":0,"parent":0,"menu_order":0,"comment_status":"closed","ping_status":"closed","template":"","meta":{"_monsterinsights_skip_tracking":false,"_monsterinsights_sitenote_active":false,"_monsterinsights_sitenote_note":"","_monsterinsights_sitenote_category":0,"footnotes":""},"class_list":["post-10","page","type-page","status-publish","hentry"],"yoast_head":"<!-- This site is optimized with the Yoast SEO plugin v27.3 - https:\/\/yoast.com\/product\/yoast-seo-wordpress\/ -->\n<title>LUX | Grand Mirrors<\/title>\n<meta name=\"description\" content=\"Grand Mirrors LUX es el espejo de ba\u00f1o iluminado m\u00e1s delgado del mundo con la luz LED m\u00e1s eficiente. LUX est\u00e1 hecho a la medida para adaptarse a cualquier ba\u00f1o. Luz LED Osram.\" \/>\n<meta name=\"robots\" content=\"index, follow, max-snippet:-1, max-image-preview:large, max-video-preview:-1\" \/>\n<link rel=\"canonical\" href=\"https:\/\/evervue.com.pa\/grandmirrors\/lux\/\" \/>\n<meta property=\"og:locale\" content=\"en_US\" \/>\n<meta property=\"og:type\" content=\"article\" \/>\n<meta property=\"og:title\" content=\"LUX | Grand Mirrors\" \/>\n<meta property=\"og:description\" content=\"Grand Mirrors LUX es el espejo de ba\u00f1o iluminado m\u00e1s delgado del mundo con la luz LED m\u00e1s eficiente. LUX est\u00e1 hecho a la medida para adaptarse a cualquier ba\u00f1o. Luz LED Osram.\" \/>\n<meta property=\"og:url\" content=\"https:\/\/evervue.com.pa\/grandmirrors\/lux\/\" \/>\n<meta property=\"og:site_name\" content=\"Grand Mirrors\" \/>\n<meta property=\"article:modified_time\" content=\"2026-02-26T03:15:34+00:00\" \/>\n<meta property=\"og:image\" content=\"https:\/\/evervue.com.pa\/grandmirrors\/wp-content\/uploads\/lux-mirror.webp\" \/>\n\t<meta property=\"og:image:width\" content=\"1900\" \/>\n\t<meta property=\"og:image:height\" content=\"1080\" \/>\n\t<meta property=\"og:image:type\" content=\"image\/webp\" \/>\n<meta name=\"twitter:card\" content=\"summary_large_image\" \/>\n<meta name=\"twitter:title\" content=\"LUX | Grand Mirrors\" \/>\n<meta name=\"twitter:description\" content=\"Grand Mirrors LUX es el espejo de ba\u00f1o iluminado m\u00e1s delgado del mundo con la luz LED m\u00e1s eficiente. LUX est\u00e1 hecho a la medida para adaptarse a cualquier ba\u00f1o. Luz LED Osram.\" \/>\n<meta name=\"twitter:image\" content=\"https:\/\/evervue.com.pa\/grandmirrors\/wp-content\/uploads\/lux-mirror.webp\" \/>\n<script type=\"application\/ld+json\" class=\"yoast-schema-graph\">{\"@context\":\"https:\\\/\\\/schema.org\",\"@graph\":[{\"@type\":\"WebPage\",\"@id\":\"https:\\\/\\\/evervue.com.pa\\\/grandmirrors\\\/lux\\\/\",\"url\":\"https:\\\/\\\/evervue.com.pa\\\/grandmirrors\\\/lux\\\/\",\"name\":\"LUX | Grand Mirrors\",\"isPartOf\":{\"@id\":\"https:\\\/\\\/evervue.com.pa\\\/grandmirrors\\\/#website\"},\"datePublished\":\"2023-12-06T03:25:34+00:00\",\"dateModified\":\"2026-02-26T03:15:34+00:00\",\"description\":\"Grand Mirrors LUX es el espejo de ba\u00f1o iluminado m\u00e1s delgado del mundo con la luz LED m\u00e1s eficiente. LUX est\u00e1 hecho a la medida para adaptarse a cualquier ba\u00f1o. Luz LED Osram.\",\"breadcrumb\":{\"@id\":\"https:\\\/\\\/evervue.com.pa\\\/grandmirrors\\\/lux\\\/#breadcrumb\"},\"inLanguage\":\"en-US\",\"potentialAction\":[{\"@type\":\"ReadAction\",\"target\":[\"https:\\\/\\\/evervue.com.pa\\\/grandmirrors\\\/lux\\\/\"]}]},{\"@type\":\"BreadcrumbList\",\"@id\":\"https:\\\/\\\/evervue.com.pa\\\/grandmirrors\\\/lux\\\/#breadcrumb\",\"itemListElement\":[{\"@type\":\"ListItem\",\"position\":1,\"name\":\"Home\",\"item\":\"https:\\\/\\\/evervue.com.pa\\\/grandmirrors\\\/\"},{\"@type\":\"ListItem\",\"position\":2,\"name\":\"LUX\"}]},{\"@type\":\"WebSite\",\"@id\":\"https:\\\/\\\/evervue.com.pa\\\/grandmirrors\\\/#website\",\"url\":\"https:\\\/\\\/evervue.com.pa\\\/grandmirrors\\\/\",\"name\":\"Grand Mirrors\",\"description\":\"\",\"potentialAction\":[{\"@type\":\"SearchAction\",\"target\":{\"@type\":\"EntryPoint\",\"urlTemplate\":\"https:\\\/\\\/evervue.com.pa\\\/grandmirrors\\\/?s={search_term_string}\"},\"query-input\":{\"@type\":\"PropertyValueSpecification\",\"valueRequired\":true,\"valueName\":\"search_term_string\"}}],\"inLanguage\":\"en-US\"}]}<\/script>\n<!-- \/ Yoast SEO plugin. -->","yoast_head_json":{"title":"LUX | Grand Mirrors","description":"Grand Mirrors LUX es el espejo de ba\u00f1o iluminado m\u00e1s delgado del mundo con la luz LED m\u00e1s eficiente. LUX est\u00e1 hecho a la medida para adaptarse a cualquier ba\u00f1o. Luz LED Osram.","robots":{"index":"index","follow":"follow","max-snippet":"max-snippet:-1","max-image-preview":"max-image-preview:large","max-video-preview":"max-video-preview:-1"},"canonical":"https:\/\/evervue.com.pa\/grandmirrors\/lux\/","og_locale":"en_US","og_type":"article","og_title":"LUX | Grand Mirrors","og_description":"Grand Mirrors LUX es el espejo de ba\u00f1o iluminado m\u00e1s delgado del mundo con la luz LED m\u00e1s eficiente. LUX est\u00e1 hecho a la medida para adaptarse a cualquier ba\u00f1o. Luz LED Osram.","og_url":"https:\/\/evervue.com.pa\/grandmirrors\/lux\/","og_site_name":"Grand Mirrors","article_modified_time":"2026-02-26T03:15:34+00:00","og_image":[{"width":1900,"height":1080,"url":"https:\/\/evervue.com.pa\/grandmirrors\/wp-content\/uploads\/lux-mirror.webp","type":"image\/webp"}],"twitter_card":"summary_large_image","twitter_title":"LUX | Grand Mirrors","twitter_description":"Grand Mirrors LUX es el espejo de ba\u00f1o iluminado m\u00e1s delgado del mundo con la luz LED m\u00e1s eficiente. LUX est\u00e1 hecho a la medida para adaptarse a cualquier ba\u00f1o. Luz LED Osram.","twitter_image":"https:\/\/evervue.com.pa\/grandmirrors\/wp-content\/uploads\/lux-mirror.webp","schema":{"@context":"https:\/\/schema.org","@graph":[{"@type":"WebPage","@id":"https:\/\/evervue.com.pa\/grandmirrors\/lux\/","url":"https:\/\/evervue.com.pa\/grandmirrors\/lux\/","name":"LUX | Grand Mirrors","isPartOf":{"@id":"https:\/\/evervue.com.pa\/grandmirrors\/#website"},"datePublished":"2023-12-06T03:25:34+00:00","dateModified":"2026-02-26T03:15:34+00:00","description":"Grand Mirrors LUX es el espejo de ba\u00f1o iluminado m\u00e1s delgado del mundo con la luz LED m\u00e1s eficiente. LUX est\u00e1 hecho a la medida para adaptarse a cualquier ba\u00f1o. Luz LED Osram.","breadcrumb":{"@id":"https:\/\/evervue.com.pa\/grandmirrors\/lux\/#breadcrumb"},"inLanguage":"en-US","potentialAction":[{"@type":"ReadAction","target":["https:\/\/evervue.com.pa\/grandmirrors\/lux\/"]}]},{"@type":"BreadcrumbList","@id":"https:\/\/evervue.com.pa\/grandmirrors\/lux\/#breadcrumb","itemListElement":[{"@type":"ListItem","position":1,"name":"Home","item":"https:\/\/evervue.com.pa\/grandmirrors\/"},{"@type":"ListItem","position":2,"name":"LUX"}]},{"@type":"WebSite","@id":"https:\/\/evervue.com.pa\/grandmirrors\/#website","url":"https:\/\/evervue.com.pa\/grandmirrors\/","name":"Grand Mirrors","description":"","potentialAction":[{"@type":"SearchAction","target":{"@type":"EntryPoint","urlTemplate":"https:\/\/evervue.com.pa\/grandmirrors\/?s={search_term_string}"},"query-input":{"@type":"PropertyValueSpecification","valueRequired":true,"valueName":"search_term_string"}}],"inLanguage":"en-US"}]}},"_links":{"self":[{"href":"https:\/\/evervue.com.pa\/grandmirrors\/wp-json\/wp\/v2\/pages\/10","targetHints":{"allow":["GET"]}}],"collection":[{"href":"https:\/\/evervue.com.pa\/grandmirrors\/wp-json\/wp\/v2\/pages"}],"about":[{"href":"https:\/\/evervue.com.pa\/grandmirrors\/wp-json\/wp\/v2\/types\/page"}],"author":[{"embeddable":true,"href":"https:\/\/evervue.com.pa\/grandmirrors\/wp-json\/wp\/v2\/users\/1"}],"replies":[{"embeddable":true,"href":"https:\/\/evervue.com.pa\/grandmirrors\/wp-json\/wp\/v2\/comments?post=10"}],"version-history":[{"count":7,"href":"https:\/\/evervue.com.pa\/grandmirrors\/wp-json\/wp\/v2\/pages\/10\/revisions"}],"predecessor-version":[{"id":13380,"href":"https:\/\/evervue.com.pa\/grandmirrors\/wp-json\/wp\/v2\/pages\/10\/revisions\/13380"}],"wp:attachment":[{"href":"https:\/\/evervue.com.pa\/grandmirrors\/wp-json\/wp\/v2\/media?parent=10"}],"curies":[{"name":"wp","href":"https:\/\/api.w.org\/{rel}","templated":true}]}}