{"id":215,"date":"2023-12-11T00:48:40","date_gmt":"2023-12-11T00:48:40","guid":{"rendered":"https:\/\/catfiesta.com\/lightedmirror\/?page_id=215"},"modified":"2026-02-26T03:11:39","modified_gmt":"2026-02-26T03:11:39","slug":"lumiere","status":"publish","type":"page","link":"https:\/\/evervue.com.pa\/grandmirrors\/lumiere\/","title":{"rendered":"LUMIERE"},"content":{"rendered":"","protected":false},"excerpt":{"rendered":"","protected":false},"author":1,"featured_media":0,"parent":0,"menu_order":0,"comment_status":"closed","ping_status":"closed","template":"","meta":{"_monsterinsights_skip_tracking":false,"_monsterinsights_sitenote_active":false,"_monsterinsights_sitenote_note":"","_monsterinsights_sitenote_category":0,"footnotes":""},"class_list":["post-215","page","type-page","status-publish","hentry"],"yoast_head":"<!-- This site is optimized with the Yoast SEO plugin v27.3 - https:\/\/yoast.com\/product\/yoast-seo-wordpress\/ -->\n<title>LUMI\u00c8RE | Espejos Grand Mirrors\u2122 con bordes esmerilados y luz LED<\/title>\n<meta name=\"description\" content=\"Grand Mirrors LUMI\u00c8RE es un magn\u00edfico espejo iluminado que se fabrica a medida. Elija entre las opciones de iluminaci\u00f3n LED de Philips.\" \/>\n<meta name=\"robots\" content=\"index, follow, max-snippet:-1, max-image-preview:large, max-video-preview:-1\" \/>\n<link rel=\"canonical\" href=\"https:\/\/evervue.com.pa\/grandmirrors\/lumiere\/\" \/>\n<meta property=\"og:locale\" content=\"en_US\" \/>\n<meta property=\"og:type\" content=\"article\" \/>\n<meta property=\"og:title\" content=\"LUMI\u00c8RE | Espejos Grand Mirrors\u2122 con bordes esmerilados y luz LED\" \/>\n<meta property=\"og:description\" content=\"Grand Mirrors LUMI\u00c8RE es un magn\u00edfico espejo iluminado que se fabrica a medida. Elija entre las opciones de iluminaci\u00f3n LED de Philips.\" \/>\n<meta property=\"og:url\" content=\"https:\/\/evervue.com.pa\/grandmirrors\/lumiere\/\" \/>\n<meta property=\"og:site_name\" content=\"Grand Mirrors\" \/>\n<meta property=\"article:modified_time\" content=\"2026-02-26T03:11:39+00:00\" \/>\n<meta property=\"og:image\" content=\"https:\/\/evervue.com.pa\/grandmirrors\/wp-content\/uploads\/lumiere-mirror.webp\" \/>\n\t<meta property=\"og:image:width\" content=\"1900\" \/>\n\t<meta property=\"og:image:height\" content=\"1080\" \/>\n\t<meta property=\"og:image:type\" content=\"image\/webp\" \/>\n<meta name=\"twitter:card\" content=\"summary_large_image\" \/>\n<meta name=\"twitter:title\" content=\"LUMI\u00c8RE | Espejos Grand Mirrors\u2122 con bordes esmerilados y luz LED\" \/>\n<meta name=\"twitter:description\" content=\"Grand Mirrors LUMI\u00c8RE es un magn\u00edfico espejo iluminado que se fabrica a medida. Elija entre las opciones de iluminaci\u00f3n LED de Philips.\" \/>\n<meta name=\"twitter:image\" content=\"https:\/\/evervue.com.pa\/grandmirrors\/wp-content\/uploads\/lumiere-mirror.webp\" \/>\n<script type=\"application\/ld+json\" class=\"yoast-schema-graph\">{\"@context\":\"https:\\\/\\\/schema.org\",\"@graph\":[{\"@type\":\"WebPage\",\"@id\":\"https:\\\/\\\/evervue.com.pa\\\/grandmirrors\\\/lumiere\\\/\",\"url\":\"https:\\\/\\\/evervue.com.pa\\\/grandmirrors\\\/lumiere\\\/\",\"name\":\"LUMI\u00c8RE | Espejos Grand Mirrors\u2122 con bordes esmerilados y luz LED\",\"isPartOf\":{\"@id\":\"https:\\\/\\\/evervue.com.pa\\\/grandmirrors\\\/#website\"},\"datePublished\":\"2023-12-11T00:48:40+00:00\",\"dateModified\":\"2026-02-26T03:11:39+00:00\",\"description\":\"Grand Mirrors LUMI\u00c8RE es un magn\u00edfico espejo iluminado que se fabrica a medida. Elija entre las opciones de iluminaci\u00f3n LED de Philips.\",\"breadcrumb\":{\"@id\":\"https:\\\/\\\/evervue.com.pa\\\/grandmirrors\\\/lumiere\\\/#breadcrumb\"},\"inLanguage\":\"en-US\",\"potentialAction\":[{\"@type\":\"ReadAction\",\"target\":[\"https:\\\/\\\/evervue.com.pa\\\/grandmirrors\\\/lumiere\\\/\"]}]},{\"@type\":\"BreadcrumbList\",\"@id\":\"https:\\\/\\\/evervue.com.pa\\\/grandmirrors\\\/lumiere\\\/#breadcrumb\",\"itemListElement\":[{\"@type\":\"ListItem\",\"position\":1,\"name\":\"Home\",\"item\":\"https:\\\/\\\/evervue.com.pa\\\/grandmirrors\\\/\"},{\"@type\":\"ListItem\",\"position\":2,\"name\":\"LUMIERE\"}]},{\"@type\":\"WebSite\",\"@id\":\"https:\\\/\\\/evervue.com.pa\\\/grandmirrors\\\/#website\",\"url\":\"https:\\\/\\\/evervue.com.pa\\\/grandmirrors\\\/\",\"name\":\"Grand Mirrors\",\"description\":\"\",\"potentialAction\":[{\"@type\":\"SearchAction\",\"target\":{\"@type\":\"EntryPoint\",\"urlTemplate\":\"https:\\\/\\\/evervue.com.pa\\\/grandmirrors\\\/?s={search_term_string}\"},\"query-input\":{\"@type\":\"PropertyValueSpecification\",\"valueRequired\":true,\"valueName\":\"search_term_string\"}}],\"inLanguage\":\"en-US\"}]}<\/script>\n<!-- \/ Yoast SEO plugin. -->","yoast_head_json":{"title":"LUMI\u00c8RE | Espejos Grand Mirrors\u2122 con bordes esmerilados y luz LED","description":"Grand Mirrors LUMI\u00c8RE es un magn\u00edfico espejo iluminado que se fabrica a medida. Elija entre las opciones de iluminaci\u00f3n LED de Philips.","robots":{"index":"index","follow":"follow","max-snippet":"max-snippet:-1","max-image-preview":"max-image-preview:large","max-video-preview":"max-video-preview:-1"},"canonical":"https:\/\/evervue.com.pa\/grandmirrors\/lumiere\/","og_locale":"en_US","og_type":"article","og_title":"LUMI\u00c8RE | Espejos Grand Mirrors\u2122 con bordes esmerilados y luz LED","og_description":"Grand Mirrors LUMI\u00c8RE es un magn\u00edfico espejo iluminado que se fabrica a medida. Elija entre las opciones de iluminaci\u00f3n LED de Philips.","og_url":"https:\/\/evervue.com.pa\/grandmirrors\/lumiere\/","og_site_name":"Grand Mirrors","article_modified_time":"2026-02-26T03:11:39+00:00","og_image":[{"width":1900,"height":1080,"url":"https:\/\/evervue.com.pa\/grandmirrors\/wp-content\/uploads\/lumiere-mirror.webp","type":"image\/webp"}],"twitter_card":"summary_large_image","twitter_title":"LUMI\u00c8RE | Espejos Grand Mirrors\u2122 con bordes esmerilados y luz LED","twitter_description":"Grand Mirrors LUMI\u00c8RE es un magn\u00edfico espejo iluminado que se fabrica a medida. Elija entre las opciones de iluminaci\u00f3n LED de Philips.","twitter_image":"https:\/\/evervue.com.pa\/grandmirrors\/wp-content\/uploads\/lumiere-mirror.webp","schema":{"@context":"https:\/\/schema.org","@graph":[{"@type":"WebPage","@id":"https:\/\/evervue.com.pa\/grandmirrors\/lumiere\/","url":"https:\/\/evervue.com.pa\/grandmirrors\/lumiere\/","name":"LUMI\u00c8RE | Espejos Grand Mirrors\u2122 con bordes esmerilados y luz LED","isPartOf":{"@id":"https:\/\/evervue.com.pa\/grandmirrors\/#website"},"datePublished":"2023-12-11T00:48:40+00:00","dateModified":"2026-02-26T03:11:39+00:00","description":"Grand Mirrors LUMI\u00c8RE es un magn\u00edfico espejo iluminado que se fabrica a medida. Elija entre las opciones de iluminaci\u00f3n LED de Philips.","breadcrumb":{"@id":"https:\/\/evervue.com.pa\/grandmirrors\/lumiere\/#breadcrumb"},"inLanguage":"en-US","potentialAction":[{"@type":"ReadAction","target":["https:\/\/evervue.com.pa\/grandmirrors\/lumiere\/"]}]},{"@type":"BreadcrumbList","@id":"https:\/\/evervue.com.pa\/grandmirrors\/lumiere\/#breadcrumb","itemListElement":[{"@type":"ListItem","position":1,"name":"Home","item":"https:\/\/evervue.com.pa\/grandmirrors\/"},{"@type":"ListItem","position":2,"name":"LUMIERE"}]},{"@type":"WebSite","@id":"https:\/\/evervue.com.pa\/grandmirrors\/#website","url":"https:\/\/evervue.com.pa\/grandmirrors\/","name":"Grand Mirrors","description":"","potentialAction":[{"@type":"SearchAction","target":{"@type":"EntryPoint","urlTemplate":"https:\/\/evervue.com.pa\/grandmirrors\/?s={search_term_string}"},"query-input":{"@type":"PropertyValueSpecification","valueRequired":true,"valueName":"search_term_string"}}],"inLanguage":"en-US"}]}},"_links":{"self":[{"href":"https:\/\/evervue.com.pa\/grandmirrors\/wp-json\/wp\/v2\/pages\/215","targetHints":{"allow":["GET"]}}],"collection":[{"href":"https:\/\/evervue.com.pa\/grandmirrors\/wp-json\/wp\/v2\/pages"}],"about":[{"href":"https:\/\/evervue.com.pa\/grandmirrors\/wp-json\/wp\/v2\/types\/page"}],"author":[{"embeddable":true,"href":"https:\/\/evervue.com.pa\/grandmirrors\/wp-json\/wp\/v2\/users\/1"}],"replies":[{"embeddable":true,"href":"https:\/\/evervue.com.pa\/grandmirrors\/wp-json\/wp\/v2\/comments?post=215"}],"version-history":[{"count":4,"href":"https:\/\/evervue.com.pa\/grandmirrors\/wp-json\/wp\/v2\/pages\/215\/revisions"}],"predecessor-version":[{"id":13376,"href":"https:\/\/evervue.com.pa\/grandmirrors\/wp-json\/wp\/v2\/pages\/215\/revisions\/13376"}],"wp:attachment":[{"href":"https:\/\/evervue.com.pa\/grandmirrors\/wp-json\/wp\/v2\/media?parent=215"}],"curies":[{"name":"wp","href":"https:\/\/api.w.org\/{rel}","templated":true}]}}