{"id":232,"date":"2023-12-11T06:30:38","date_gmt":"2023-12-11T06:30:38","guid":{"rendered":"https:\/\/catfiesta.com\/lightedmirror\/?page_id=232"},"modified":"2026-02-26T07:16:45","modified_gmt":"2026-02-26T07:16:45","slug":"eclipse","status":"publish","type":"page","link":"https:\/\/evervue.com.pa\/grandmirrors\/eclipse\/","title":{"rendered":"ECLIPSE"},"content":{"rendered":"","protected":false},"excerpt":{"rendered":"","protected":false},"author":1,"featured_media":0,"parent":0,"menu_order":0,"comment_status":"closed","ping_status":"closed","template":"","meta":{"_monsterinsights_skip_tracking":false,"_monsterinsights_sitenote_active":false,"_monsterinsights_sitenote_note":"","_monsterinsights_sitenote_category":0,"footnotes":""},"class_list":["post-232","page","type-page","status-publish","hentry"],"yoast_head":"<!-- This site is optimized with the Yoast SEO plugin v27.3 - https:\/\/yoast.com\/product\/yoast-seo-wordpress\/ -->\n<title>ECLIPSE | Grand Mirrors\u2122 Espejo retroiluminado personalizado<\/title>\n<meta name=\"description\" content=\"Grand Mirrors ECLIPSE con luces se fabrica en casi cualquier tama\u00f1o. Este espejo iluminado tambi\u00e9n est\u00e1 fabricado con luz LED.\" \/>\n<meta name=\"robots\" content=\"index, follow, max-snippet:-1, max-image-preview:large, max-video-preview:-1\" \/>\n<link rel=\"canonical\" href=\"https:\/\/evervue.com.pa\/grandmirrors\/eclipse\/\" \/>\n<meta property=\"og:locale\" content=\"en_US\" \/>\n<meta property=\"og:type\" content=\"article\" \/>\n<meta property=\"og:title\" content=\"ECLIPSE | Grand Mirrors\u2122 Espejo retroiluminado personalizado\" \/>\n<meta property=\"og:description\" content=\"Grand Mirrors ECLIPSE con luces se fabrica en casi cualquier tama\u00f1o. Este espejo iluminado tambi\u00e9n est\u00e1 fabricado con luz LED.\" \/>\n<meta property=\"og:url\" content=\"https:\/\/evervue.com.pa\/grandmirrors\/eclipse\/\" \/>\n<meta property=\"og:site_name\" content=\"Grand Mirrors\" \/>\n<meta property=\"article:modified_time\" content=\"2026-02-26T07:16:45+00:00\" \/>\n<meta property=\"og:image\" content=\"https:\/\/evervue.com.pa\/grandmirrors\/wp-content\/uploads\/abu-dhabi-restroom-with-backlit-mirror.webp\" \/>\n\t<meta property=\"og:image:width\" content=\"2500\" \/>\n\t<meta property=\"og:image:height\" content=\"1000\" \/>\n\t<meta property=\"og:image:type\" content=\"image\/webp\" \/>\n<meta name=\"twitter:card\" content=\"summary_large_image\" \/>\n<meta name=\"twitter:title\" content=\"ECLIPSE | Grand Mirrors\u2122 Espejo retroiluminado personalizado\" \/>\n<meta name=\"twitter:description\" content=\"Grand Mirrors ECLIPSE con luces se fabrica en casi cualquier tama\u00f1o. Este espejo iluminado tambi\u00e9n est\u00e1 fabricado con luz LED.\" \/>\n<meta name=\"twitter:image\" content=\"https:\/\/evervue.com.pa\/grandmirrors\/wp-content\/uploads\/abu-dhabi-restroom-with-backlit-mirror.webp\" \/>\n<script type=\"application\/ld+json\" class=\"yoast-schema-graph\">{\"@context\":\"https:\\\/\\\/schema.org\",\"@graph\":[{\"@type\":\"WebPage\",\"@id\":\"https:\\\/\\\/evervue.com.pa\\\/grandmirrors\\\/eclipse\\\/\",\"url\":\"https:\\\/\\\/evervue.com.pa\\\/grandmirrors\\\/eclipse\\\/\",\"name\":\"ECLIPSE | Grand Mirrors\u2122 Espejo retroiluminado personalizado\",\"isPartOf\":{\"@id\":\"https:\\\/\\\/evervue.com.pa\\\/grandmirrors\\\/#website\"},\"datePublished\":\"2023-12-11T06:30:38+00:00\",\"dateModified\":\"2026-02-26T07:16:45+00:00\",\"description\":\"Grand Mirrors ECLIPSE con luces se fabrica en casi cualquier tama\u00f1o. Este espejo iluminado tambi\u00e9n est\u00e1 fabricado con luz LED.\",\"breadcrumb\":{\"@id\":\"https:\\\/\\\/evervue.com.pa\\\/grandmirrors\\\/eclipse\\\/#breadcrumb\"},\"inLanguage\":\"en-US\",\"potentialAction\":[{\"@type\":\"ReadAction\",\"target\":[\"https:\\\/\\\/evervue.com.pa\\\/grandmirrors\\\/eclipse\\\/\"]}]},{\"@type\":\"BreadcrumbList\",\"@id\":\"https:\\\/\\\/evervue.com.pa\\\/grandmirrors\\\/eclipse\\\/#breadcrumb\",\"itemListElement\":[{\"@type\":\"ListItem\",\"position\":1,\"name\":\"Home\",\"item\":\"https:\\\/\\\/evervue.com.pa\\\/grandmirrors\\\/\"},{\"@type\":\"ListItem\",\"position\":2,\"name\":\"ECLIPSE\"}]},{\"@type\":\"WebSite\",\"@id\":\"https:\\\/\\\/evervue.com.pa\\\/grandmirrors\\\/#website\",\"url\":\"https:\\\/\\\/evervue.com.pa\\\/grandmirrors\\\/\",\"name\":\"Grand Mirrors\",\"description\":\"\",\"potentialAction\":[{\"@type\":\"SearchAction\",\"target\":{\"@type\":\"EntryPoint\",\"urlTemplate\":\"https:\\\/\\\/evervue.com.pa\\\/grandmirrors\\\/?s={search_term_string}\"},\"query-input\":{\"@type\":\"PropertyValueSpecification\",\"valueRequired\":true,\"valueName\":\"search_term_string\"}}],\"inLanguage\":\"en-US\"}]}<\/script>\n<!-- \/ Yoast SEO plugin. -->","yoast_head_json":{"title":"ECLIPSE | Grand Mirrors\u2122 Espejo retroiluminado personalizado","description":"Grand Mirrors ECLIPSE con luces se fabrica en casi cualquier tama\u00f1o. Este espejo iluminado tambi\u00e9n est\u00e1 fabricado con luz LED.","robots":{"index":"index","follow":"follow","max-snippet":"max-snippet:-1","max-image-preview":"max-image-preview:large","max-video-preview":"max-video-preview:-1"},"canonical":"https:\/\/evervue.com.pa\/grandmirrors\/eclipse\/","og_locale":"en_US","og_type":"article","og_title":"ECLIPSE | Grand Mirrors\u2122 Espejo retroiluminado personalizado","og_description":"Grand Mirrors ECLIPSE con luces se fabrica en casi cualquier tama\u00f1o. Este espejo iluminado tambi\u00e9n est\u00e1 fabricado con luz LED.","og_url":"https:\/\/evervue.com.pa\/grandmirrors\/eclipse\/","og_site_name":"Grand Mirrors","article_modified_time":"2026-02-26T07:16:45+00:00","og_image":[{"width":2500,"height":1000,"url":"https:\/\/evervue.com.pa\/grandmirrors\/wp-content\/uploads\/abu-dhabi-restroom-with-backlit-mirror.webp","type":"image\/webp"}],"twitter_card":"summary_large_image","twitter_title":"ECLIPSE | Grand Mirrors\u2122 Espejo retroiluminado personalizado","twitter_description":"Grand Mirrors ECLIPSE con luces se fabrica en casi cualquier tama\u00f1o. Este espejo iluminado tambi\u00e9n est\u00e1 fabricado con luz LED.","twitter_image":"https:\/\/evervue.com.pa\/grandmirrors\/wp-content\/uploads\/abu-dhabi-restroom-with-backlit-mirror.webp","schema":{"@context":"https:\/\/schema.org","@graph":[{"@type":"WebPage","@id":"https:\/\/evervue.com.pa\/grandmirrors\/eclipse\/","url":"https:\/\/evervue.com.pa\/grandmirrors\/eclipse\/","name":"ECLIPSE | Grand Mirrors\u2122 Espejo retroiluminado personalizado","isPartOf":{"@id":"https:\/\/evervue.com.pa\/grandmirrors\/#website"},"datePublished":"2023-12-11T06:30:38+00:00","dateModified":"2026-02-26T07:16:45+00:00","description":"Grand Mirrors ECLIPSE con luces se fabrica en casi cualquier tama\u00f1o. Este espejo iluminado tambi\u00e9n est\u00e1 fabricado con luz LED.","breadcrumb":{"@id":"https:\/\/evervue.com.pa\/grandmirrors\/eclipse\/#breadcrumb"},"inLanguage":"en-US","potentialAction":[{"@type":"ReadAction","target":["https:\/\/evervue.com.pa\/grandmirrors\/eclipse\/"]}]},{"@type":"BreadcrumbList","@id":"https:\/\/evervue.com.pa\/grandmirrors\/eclipse\/#breadcrumb","itemListElement":[{"@type":"ListItem","position":1,"name":"Home","item":"https:\/\/evervue.com.pa\/grandmirrors\/"},{"@type":"ListItem","position":2,"name":"ECLIPSE"}]},{"@type":"WebSite","@id":"https:\/\/evervue.com.pa\/grandmirrors\/#website","url":"https:\/\/evervue.com.pa\/grandmirrors\/","name":"Grand Mirrors","description":"","potentialAction":[{"@type":"SearchAction","target":{"@type":"EntryPoint","urlTemplate":"https:\/\/evervue.com.pa\/grandmirrors\/?s={search_term_string}"},"query-input":{"@type":"PropertyValueSpecification","valueRequired":true,"valueName":"search_term_string"}}],"inLanguage":"en-US"}]}},"_links":{"self":[{"href":"https:\/\/evervue.com.pa\/grandmirrors\/wp-json\/wp\/v2\/pages\/232","targetHints":{"allow":["GET"]}}],"collection":[{"href":"https:\/\/evervue.com.pa\/grandmirrors\/wp-json\/wp\/v2\/pages"}],"about":[{"href":"https:\/\/evervue.com.pa\/grandmirrors\/wp-json\/wp\/v2\/types\/page"}],"author":[{"embeddable":true,"href":"https:\/\/evervue.com.pa\/grandmirrors\/wp-json\/wp\/v2\/users\/1"}],"replies":[{"embeddable":true,"href":"https:\/\/evervue.com.pa\/grandmirrors\/wp-json\/wp\/v2\/comments?post=232"}],"version-history":[{"count":4,"href":"https:\/\/evervue.com.pa\/grandmirrors\/wp-json\/wp\/v2\/pages\/232\/revisions"}],"predecessor-version":[{"id":13378,"href":"https:\/\/evervue.com.pa\/grandmirrors\/wp-json\/wp\/v2\/pages\/232\/revisions\/13378"}],"wp:attachment":[{"href":"https:\/\/evervue.com.pa\/grandmirrors\/wp-json\/wp\/v2\/media?parent=232"}],"curies":[{"name":"wp","href":"https:\/\/api.w.org\/{rel}","templated":true}]}}