{"id":159,"date":"2026-02-18T07:54:44","date_gmt":"2026-02-18T07:54:44","guid":{"rendered":"https:\/\/catfiesta.com\/evstorepa\/?post_type=product&#038;p=159"},"modified":"2026-03-02T06:31:03","modified_gmt":"2026-03-02T06:31:03","slug":"cinema-smart-tv-100-tv-de-cine-completa-de-100-con-base-de-piso","status":"publish","type":"product","link":"https:\/\/evervue.com.pa\/tienda\/producto\/cinema-smart-tv-100-tv-de-cine-completa-de-100-con-base-de-piso\/","title":{"rendered":"Cinema Smart TV 100 (TV de cine completa, 100\u2033, con base de piso)"},"content":{"rendered":"","protected":false},"excerpt":{"rendered":"<p>With Cinema Smart TV You Can Enjoy Life Size Entertainment!<\/p>\n<p>Key Features:<\/p>\n<ul>\n<li>TV sizes include 60\u2033, 75\u201d, 85\u201d, 100\u201d and 110\u201d.<\/li>\n<li>4K, Ultra High Definition resolution.<\/li>\n<li>Standard with stainless steel floor mount.<\/li>\n<li>Choose from different frame finishes.<\/li>\n<li>Compatible with Apple TV, DirecTV, Infinity and much more.<\/li>\n<li>Game Consoles (PlayStation, Xbox) installed on the back of the TV.<\/li>\n<li>Cable Free with AC outlets on the back of the TV.<\/li>\n<li>Compatible with Mirror Feeds App. <a href=\"https:\/\/www.mirrorfeeds.com\/\" target=\"_blank\" rel=\"noopener\">What is this?<\/a><\/li>\n<\/ul>\n<p>Please note that this product does not come with a return policy.<br \/>\nWarranty: 1 year parts and labor.<\/p>\n<p>Click <a href=\"https:\/\/www.evervue.com\/cinema\/\" target=\"_blank\" rel=\"noopener\">here<\/a> to learn more about this product.<\/p>\n","protected":false},"featured_media":181,"comment_status":"closed","ping_status":"closed","template":"","meta":[],"product_brand":[],"product_cat":[26],"product_tag":[],"class_list":{"0":"post-159","1":"product","2":"type-product","3":"status-publish","4":"has-post-thumbnail","6":"product_cat-cinema-smart-tv","7":"tm-has-options","9":"first","10":"instock","11":"taxable","12":"shipping-taxable","13":"purchasable","14":"product-type-simple"},"yoast_head":"<!-- This site is optimized with the Yoast SEO plugin v27.4 - https:\/\/yoast.com\/product\/yoast-seo-wordpress\/ -->\n<title>Cinema Smart TV 100 | Evervue Am\u00e9ricas S.A.<\/title>\n<meta name=\"description\" content=\"Compra el Cinema Smart TV de 100 pulgadas con soporte de piso. Con resoluci\u00f3n 4K Ultra Alta Definici\u00f3n y base de acero inoxidable. Ideal para cines en casa. Disfruta de entretenimiento a tama\u00f1o real con Cinema Smart TV.\" \/>\n<meta name=\"robots\" content=\"index, follow, max-snippet:-1, max-image-preview:large, max-video-preview:-1\" \/>\n<link rel=\"canonical\" href=\"https:\/\/evervue.com.pa\/tienda\/producto\/cinema-smart-tv-100-tv-de-cine-completa-de-100-con-base-de-piso\/\" \/>\n<meta property=\"og:locale\" content=\"es_ES\" \/>\n<meta property=\"og:type\" content=\"article\" \/>\n<meta property=\"og:title\" content=\"Cinema Smart TV 100 | Evervue Am\u00e9ricas S.A.\" \/>\n<meta property=\"og:description\" content=\"Compra el Cinema Smart TV de 100 pulgadas con soporte de piso. Con resoluci\u00f3n 4K Ultra Alta Definici\u00f3n y base de acero inoxidable. Ideal para cines en casa. Disfruta de entretenimiento a tama\u00f1o real con Cinema Smart TV.\" \/>\n<meta property=\"og:url\" content=\"https:\/\/evervue.com.pa\/tienda\/producto\/cinema-smart-tv-100-tv-de-cine-completa-de-100-con-base-de-piso\/\" \/>\n<meta property=\"og:site_name\" content=\"Evervue Am\u00e9ricas S.A.\" \/>\n<meta property=\"article:modified_time\" content=\"2026-03-02T06:31:03+00:00\" \/>\n<meta property=\"og:image\" content=\"https:\/\/evervue.com.pa\/tienda\/wp-content\/uploads\/cinema-smart-tv-100.webp\" \/>\n\t<meta property=\"og:image:width\" content=\"1000\" \/>\n\t<meta property=\"og:image:height\" content=\"1000\" \/>\n\t<meta property=\"og:image:type\" content=\"image\/webp\" \/>\n<meta name=\"twitter:card\" content=\"summary_large_image\" \/>\n<meta name=\"twitter:label1\" content=\"Tiempo de lectura\" \/>\n\t<meta name=\"twitter:data1\" content=\"1 minuto\" \/>\n<script type=\"application\/ld+json\" class=\"yoast-schema-graph\">{\"@context\":\"https:\\\/\\\/schema.org\",\"@graph\":[{\"@type\":\"WebPage\",\"@id\":\"https:\\\/\\\/evervue.com.pa\\\/tienda\\\/producto\\\/cinema-smart-tv-100-tv-de-cine-completa-de-100-con-base-de-piso\\\/\",\"url\":\"https:\\\/\\\/evervue.com.pa\\\/tienda\\\/producto\\\/cinema-smart-tv-100-tv-de-cine-completa-de-100-con-base-de-piso\\\/\",\"name\":\"Cinema Smart TV 100 | Evervue Am\u00e9ricas S.A.\",\"isPartOf\":{\"@id\":\"https:\\\/\\\/evervue.com.pa\\\/tienda\\\/#website\"},\"primaryImageOfPage\":{\"@id\":\"https:\\\/\\\/evervue.com.pa\\\/tienda\\\/producto\\\/cinema-smart-tv-100-tv-de-cine-completa-de-100-con-base-de-piso\\\/#primaryimage\"},\"image\":{\"@id\":\"https:\\\/\\\/evervue.com.pa\\\/tienda\\\/producto\\\/cinema-smart-tv-100-tv-de-cine-completa-de-100-con-base-de-piso\\\/#primaryimage\"},\"thumbnailUrl\":\"https:\\\/\\\/evervue.com.pa\\\/tienda\\\/wp-content\\\/uploads\\\/cinema-smart-tv-100.webp\",\"datePublished\":\"2026-02-18T07:54:44+00:00\",\"dateModified\":\"2026-03-02T06:31:03+00:00\",\"description\":\"Compra el Cinema Smart TV de 100 pulgadas con soporte de piso. Con resoluci\u00f3n 4K Ultra Alta Definici\u00f3n y base de acero inoxidable. Ideal para cines en casa. Disfruta de entretenimiento a tama\u00f1o real con Cinema Smart TV.\",\"breadcrumb\":{\"@id\":\"https:\\\/\\\/evervue.com.pa\\\/tienda\\\/producto\\\/cinema-smart-tv-100-tv-de-cine-completa-de-100-con-base-de-piso\\\/#breadcrumb\"},\"inLanguage\":\"es\",\"potentialAction\":[{\"@type\":\"ReadAction\",\"target\":[\"https:\\\/\\\/evervue.com.pa\\\/tienda\\\/producto\\\/cinema-smart-tv-100-tv-de-cine-completa-de-100-con-base-de-piso\\\/\"]}]},{\"@type\":\"ImageObject\",\"inLanguage\":\"es\",\"@id\":\"https:\\\/\\\/evervue.com.pa\\\/tienda\\\/producto\\\/cinema-smart-tv-100-tv-de-cine-completa-de-100-con-base-de-piso\\\/#primaryimage\",\"url\":\"https:\\\/\\\/evervue.com.pa\\\/tienda\\\/wp-content\\\/uploads\\\/cinema-smart-tv-100.webp\",\"contentUrl\":\"https:\\\/\\\/evervue.com.pa\\\/tienda\\\/wp-content\\\/uploads\\\/cinema-smart-tv-100.webp\",\"width\":1000,\"height\":1000},{\"@type\":\"BreadcrumbList\",\"@id\":\"https:\\\/\\\/evervue.com.pa\\\/tienda\\\/producto\\\/cinema-smart-tv-100-tv-de-cine-completa-de-100-con-base-de-piso\\\/#breadcrumb\",\"itemListElement\":[{\"@type\":\"ListItem\",\"position\":1,\"name\":\"Home\",\"item\":\"https:\\\/\\\/evervue.com.pa\\\/tienda\\\/\"},{\"@type\":\"ListItem\",\"position\":2,\"name\":\"Comprar\",\"item\":\"https:\\\/\\\/evervue.com.pa\\\/tienda\\\/store\\\/\"},{\"@type\":\"ListItem\",\"position\":3,\"name\":\"Cinema Smart TV 100 (TV de cine completa, 100\u2033, con base de piso)\"}]},{\"@type\":\"WebSite\",\"@id\":\"https:\\\/\\\/evervue.com.pa\\\/tienda\\\/#website\",\"url\":\"https:\\\/\\\/evervue.com.pa\\\/tienda\\\/\",\"name\":\"Evervue Am\u00e9ricas S.A.\",\"description\":\"\",\"potentialAction\":[{\"@type\":\"SearchAction\",\"target\":{\"@type\":\"EntryPoint\",\"urlTemplate\":\"https:\\\/\\\/evervue.com.pa\\\/tienda\\\/?s={search_term_string}\"},\"query-input\":{\"@type\":\"PropertyValueSpecification\",\"valueRequired\":true,\"valueName\":\"search_term_string\"}}],\"inLanguage\":\"es\"}]}<\/script>\n<!-- \/ Yoast SEO plugin. -->","yoast_head_json":{"title":"Cinema Smart TV 100 | Evervue Am\u00e9ricas S.A.","description":"Compra el Cinema Smart TV de 100 pulgadas con soporte de piso. Con resoluci\u00f3n 4K Ultra Alta Definici\u00f3n y base de acero inoxidable. Ideal para cines en casa. Disfruta de entretenimiento a tama\u00f1o real con Cinema Smart TV.","robots":{"index":"index","follow":"follow","max-snippet":"max-snippet:-1","max-image-preview":"max-image-preview:large","max-video-preview":"max-video-preview:-1"},"canonical":"https:\/\/evervue.com.pa\/tienda\/producto\/cinema-smart-tv-100-tv-de-cine-completa-de-100-con-base-de-piso\/","og_locale":"es_ES","og_type":"article","og_title":"Cinema Smart TV 100 | Evervue Am\u00e9ricas S.A.","og_description":"Compra el Cinema Smart TV de 100 pulgadas con soporte de piso. Con resoluci\u00f3n 4K Ultra Alta Definici\u00f3n y base de acero inoxidable. Ideal para cines en casa. Disfruta de entretenimiento a tama\u00f1o real con Cinema Smart TV.","og_url":"https:\/\/evervue.com.pa\/tienda\/producto\/cinema-smart-tv-100-tv-de-cine-completa-de-100-con-base-de-piso\/","og_site_name":"Evervue Am\u00e9ricas S.A.","article_modified_time":"2026-03-02T06:31:03+00:00","og_image":[{"width":1000,"height":1000,"url":"https:\/\/evervue.com.pa\/tienda\/wp-content\/uploads\/cinema-smart-tv-100.webp","type":"image\/webp"}],"twitter_card":"summary_large_image","twitter_misc":{"Tiempo de lectura":"1 minuto"},"schema":{"@context":"https:\/\/schema.org","@graph":[{"@type":"WebPage","@id":"https:\/\/evervue.com.pa\/tienda\/producto\/cinema-smart-tv-100-tv-de-cine-completa-de-100-con-base-de-piso\/","url":"https:\/\/evervue.com.pa\/tienda\/producto\/cinema-smart-tv-100-tv-de-cine-completa-de-100-con-base-de-piso\/","name":"Cinema Smart TV 100 | Evervue Am\u00e9ricas S.A.","isPartOf":{"@id":"https:\/\/evervue.com.pa\/tienda\/#website"},"primaryImageOfPage":{"@id":"https:\/\/evervue.com.pa\/tienda\/producto\/cinema-smart-tv-100-tv-de-cine-completa-de-100-con-base-de-piso\/#primaryimage"},"image":{"@id":"https:\/\/evervue.com.pa\/tienda\/producto\/cinema-smart-tv-100-tv-de-cine-completa-de-100-con-base-de-piso\/#primaryimage"},"thumbnailUrl":"https:\/\/evervue.com.pa\/tienda\/wp-content\/uploads\/cinema-smart-tv-100.webp","datePublished":"2026-02-18T07:54:44+00:00","dateModified":"2026-03-02T06:31:03+00:00","description":"Compra el Cinema Smart TV de 100 pulgadas con soporte de piso. Con resoluci\u00f3n 4K Ultra Alta Definici\u00f3n y base de acero inoxidable. Ideal para cines en casa. Disfruta de entretenimiento a tama\u00f1o real con Cinema Smart TV.","breadcrumb":{"@id":"https:\/\/evervue.com.pa\/tienda\/producto\/cinema-smart-tv-100-tv-de-cine-completa-de-100-con-base-de-piso\/#breadcrumb"},"inLanguage":"es","potentialAction":[{"@type":"ReadAction","target":["https:\/\/evervue.com.pa\/tienda\/producto\/cinema-smart-tv-100-tv-de-cine-completa-de-100-con-base-de-piso\/"]}]},{"@type":"ImageObject","inLanguage":"es","@id":"https:\/\/evervue.com.pa\/tienda\/producto\/cinema-smart-tv-100-tv-de-cine-completa-de-100-con-base-de-piso\/#primaryimage","url":"https:\/\/evervue.com.pa\/tienda\/wp-content\/uploads\/cinema-smart-tv-100.webp","contentUrl":"https:\/\/evervue.com.pa\/tienda\/wp-content\/uploads\/cinema-smart-tv-100.webp","width":1000,"height":1000},{"@type":"BreadcrumbList","@id":"https:\/\/evervue.com.pa\/tienda\/producto\/cinema-smart-tv-100-tv-de-cine-completa-de-100-con-base-de-piso\/#breadcrumb","itemListElement":[{"@type":"ListItem","position":1,"name":"Home","item":"https:\/\/evervue.com.pa\/tienda\/"},{"@type":"ListItem","position":2,"name":"Comprar","item":"https:\/\/evervue.com.pa\/tienda\/store\/"},{"@type":"ListItem","position":3,"name":"Cinema Smart TV 100 (TV de cine completa, 100\u2033, con base de piso)"}]},{"@type":"WebSite","@id":"https:\/\/evervue.com.pa\/tienda\/#website","url":"https:\/\/evervue.com.pa\/tienda\/","name":"Evervue Am\u00e9ricas S.A.","description":"","potentialAction":[{"@type":"SearchAction","target":{"@type":"EntryPoint","urlTemplate":"https:\/\/evervue.com.pa\/tienda\/?s={search_term_string}"},"query-input":{"@type":"PropertyValueSpecification","valueRequired":true,"valueName":"search_term_string"}}],"inLanguage":"es"}]}},"_links":{"self":[{"href":"https:\/\/evervue.com.pa\/tienda\/wp-json\/wp\/v2\/product\/159","targetHints":{"allow":["GET"]}}],"collection":[{"href":"https:\/\/evervue.com.pa\/tienda\/wp-json\/wp\/v2\/product"}],"about":[{"href":"https:\/\/evervue.com.pa\/tienda\/wp-json\/wp\/v2\/types\/product"}],"replies":[{"embeddable":true,"href":"https:\/\/evervue.com.pa\/tienda\/wp-json\/wp\/v2\/comments?post=159"}],"wp:featuredmedia":[{"embeddable":true,"href":"https:\/\/evervue.com.pa\/tienda\/wp-json\/wp\/v2\/media\/181"}],"wp:attachment":[{"href":"https:\/\/evervue.com.pa\/tienda\/wp-json\/wp\/v2\/media?parent=159"}],"wp:term":[{"taxonomy":"product_brand","embeddable":true,"href":"https:\/\/evervue.com.pa\/tienda\/wp-json\/wp\/v2\/product_brand?post=159"},{"taxonomy":"product_cat","embeddable":true,"href":"https:\/\/evervue.com.pa\/tienda\/wp-json\/wp\/v2\/product_cat?post=159"},{"taxonomy":"product_tag","embeddable":true,"href":"https:\/\/evervue.com.pa\/tienda\/wp-json\/wp\/v2\/product_tag?post=159"}],"curies":[{"name":"wp","href":"https:\/\/api.w.org\/{rel}","templated":true}]}}