{"id":164,"date":"2026-02-18T07:54:44","date_gmt":"2026-02-18T07:54:44","guid":{"rendered":"https:\/\/catfiesta.com\/evstorepa\/?post_type=product&#038;p=164"},"modified":"2026-02-27T09:09:16","modified_gmt":"2026-02-27T09:09:16","slug":"televisor-de-bano-ocea-280-smart-touch-28-4k-ultra-hd","status":"publish","type":"product","link":"https:\/\/evervue.com.pa\/tienda\/producto\/televisor-de-bano-ocea-280-smart-touch-28-4k-ultra-hd\/","title":{"rendered":"Ocea Pro 280 TV Inteligente T\u00e1ctil Para Ba\u00f1o (28\u2033, 4K Ultra HD)"},"content":{"rendered":"<p>zzz<iframe title=\"YouTube video player\" src=\"https:\/\/www.youtube.com\/embed\/FYLlQtHGscY?si=jQnZ0jcYVMwPP4Da\" frameborder=\"0\" allowfullscreen=\"allowfullscreen\"><\/iframe><\/p>\n","protected":false},"excerpt":{"rendered":"<ul>\n<li>Ocea Pro 280. TV de ba\u00f1o resistente al agua de 28\u2033, 4K Ultra HD con control t\u00e1ctil inteligente.<\/li>\n<li>El TV de ba\u00f1o Ocea Pro con control t\u00e1ctil inteligente est\u00e1 equipado con una pantalla t\u00e1ctil de cuerpo completo y resistente al agua. Controla tu TV hasta un 50% m\u00e1s r\u00e1pido que con un control remoto convencional.<\/li>\n<li>Con control por voz de Google Assistant.<\/li>\n<li>Incluye el \u00faltimo sistema Android Smart TV. Se conecta a Wi-Fi.<\/li>\n<li>Funciona con una fuente segura de 24 voltios.<\/li>\n<li>Sistema de enfriamiento interno autom\u00e1tico.<\/li>\n<li>Pantalla libre de empa\u00f1amiento.<\/li>\n<li>Vidrio espejo templado.<\/li>\n<li>Puede instalarse empotrado o en superficie.<\/li>\n<li>Excelente calidad de sonido con barra de sonido o bocinas externas.<\/li>\n<li>Compatible con la aplicaci\u00f3n Mirror Feeds. <a href=\"https:\/\/www.mirrorfeeds.com\/\">\u00bfQu\u00e9 es esto?<\/a><\/li>\n<li>Un a\u00f1o de garant\u00eda de f\u00e1brica (piezas y mano de obra).<\/li>\n<li>Pol\u00edtica de devoluci\u00f3n sencilla: Devoluciones dentro de los 14 d\u00edas (solo en EE. UU.).<\/li>\n<\/ul>\n<p>Estado de stock: En existencia, env\u00edo r\u00e1pido.<\/p>\n<p>Haz clic <a href=\"https:\/\/www.oceatv.com\/ocea-pro\/\">aqu\u00ed<\/a> para obtener m\u00e1s informaci\u00f3n sobre este producto.<\/p>\n","protected":false},"featured_media":206,"comment_status":"closed","ping_status":"closed","template":"","meta":[],"product_brand":[],"product_cat":[28],"product_tag":[],"class_list":{"0":"post-164","1":"product","2":"type-product","3":"status-publish","4":"has-post-thumbnail","6":"product_cat-ocea-pro-bathroom-tv","7":"tm-has-options","9":"first","10":"instock","11":"featured","12":"taxable","13":"shipping-taxable","14":"purchasable","15":"product-type-simple"},"yoast_head":"<!-- This site is optimized with the Yoast SEO plugin v27.4 - https:\/\/yoast.com\/product\/yoast-seo-wordpress\/ -->\n<title>TV de Ba\u00f1o Ocea Pro 280 | Evervue Am\u00e9ricas S.A.<\/title>\n<meta name=\"description\" content=\"Compra el TV de Ba\u00f1o OCEA de 28 Pulgadas. Fabricado con vidrio espejo templado, utiliza barra de sonido o bocinas externas para una excelente calidad de sonido. Ofrece un a\u00f1o de garant\u00eda en piezas y mano de obra.\" \/>\n<meta name=\"robots\" content=\"index, follow, max-snippet:-1, max-image-preview:large, max-video-preview:-1\" \/>\n<link rel=\"canonical\" href=\"https:\/\/evervue.com.pa\/tienda\/producto\/televisor-de-bano-ocea-280-smart-touch-28-4k-ultra-hd\/\" \/>\n<meta property=\"og:locale\" content=\"es_ES\" \/>\n<meta property=\"og:type\" content=\"article\" \/>\n<meta property=\"og:title\" content=\"TV de Ba\u00f1o Ocea Pro 280 | Evervue Am\u00e9ricas S.A.\" \/>\n<meta property=\"og:description\" content=\"Compra el TV de Ba\u00f1o OCEA de 28 Pulgadas. Fabricado con vidrio espejo templado, utiliza barra de sonido o bocinas externas para una excelente calidad de sonido. Ofrece un a\u00f1o de garant\u00eda en piezas y mano de obra.\" \/>\n<meta property=\"og:url\" content=\"https:\/\/evervue.com.pa\/tienda\/producto\/televisor-de-bano-ocea-280-smart-touch-28-4k-ultra-hd\/\" \/>\n<meta property=\"og:site_name\" content=\"Evervue Am\u00e9ricas S.A.\" \/>\n<meta property=\"article:modified_time\" content=\"2026-02-27T09:09:16+00:00\" \/>\n<meta property=\"og:image\" content=\"https:\/\/evervue.com.pa\/tienda\/wp-content\/uploads\/smart-touch-bathroom-tv-la-chorrera-280.webp\" \/>\n\t<meta property=\"og:image:width\" content=\"1000\" \/>\n\t<meta property=\"og:image:height\" content=\"1000\" \/>\n\t<meta property=\"og:image:type\" content=\"image\/webp\" \/>\n<meta name=\"twitter:card\" content=\"summary_large_image\" \/>\n<meta name=\"twitter:label1\" content=\"Tiempo de lectura\" \/>\n\t<meta name=\"twitter:data1\" content=\"1 minuto\" \/>\n<script type=\"application\/ld+json\" class=\"yoast-schema-graph\">{\"@context\":\"https:\\\/\\\/schema.org\",\"@graph\":[{\"@type\":\"WebPage\",\"@id\":\"https:\\\/\\\/evervue.com.pa\\\/tienda\\\/producto\\\/televisor-de-bano-ocea-280-smart-touch-28-4k-ultra-hd\\\/\",\"url\":\"https:\\\/\\\/evervue.com.pa\\\/tienda\\\/producto\\\/televisor-de-bano-ocea-280-smart-touch-28-4k-ultra-hd\\\/\",\"name\":\"TV de Ba\u00f1o Ocea Pro 280 | Evervue Am\u00e9ricas S.A.\",\"isPartOf\":{\"@id\":\"https:\\\/\\\/evervue.com.pa\\\/tienda\\\/#website\"},\"primaryImageOfPage\":{\"@id\":\"https:\\\/\\\/evervue.com.pa\\\/tienda\\\/producto\\\/televisor-de-bano-ocea-280-smart-touch-28-4k-ultra-hd\\\/#primaryimage\"},\"image\":{\"@id\":\"https:\\\/\\\/evervue.com.pa\\\/tienda\\\/producto\\\/televisor-de-bano-ocea-280-smart-touch-28-4k-ultra-hd\\\/#primaryimage\"},\"thumbnailUrl\":\"https:\\\/\\\/evervue.com.pa\\\/tienda\\\/wp-content\\\/uploads\\\/smart-touch-bathroom-tv-la-chorrera-280.webp\",\"datePublished\":\"2026-02-18T07:54:44+00:00\",\"dateModified\":\"2026-02-27T09:09:16+00:00\",\"description\":\"Compra el TV de Ba\u00f1o OCEA de 28 Pulgadas. Fabricado con vidrio espejo templado, utiliza barra de sonido o bocinas externas para una excelente calidad de sonido. Ofrece un a\u00f1o de garant\u00eda en piezas y mano de obra.\",\"breadcrumb\":{\"@id\":\"https:\\\/\\\/evervue.com.pa\\\/tienda\\\/producto\\\/televisor-de-bano-ocea-280-smart-touch-28-4k-ultra-hd\\\/#breadcrumb\"},\"inLanguage\":\"es\",\"potentialAction\":[{\"@type\":\"ReadAction\",\"target\":[\"https:\\\/\\\/evervue.com.pa\\\/tienda\\\/producto\\\/televisor-de-bano-ocea-280-smart-touch-28-4k-ultra-hd\\\/\"]}]},{\"@type\":\"ImageObject\",\"inLanguage\":\"es\",\"@id\":\"https:\\\/\\\/evervue.com.pa\\\/tienda\\\/producto\\\/televisor-de-bano-ocea-280-smart-touch-28-4k-ultra-hd\\\/#primaryimage\",\"url\":\"https:\\\/\\\/evervue.com.pa\\\/tienda\\\/wp-content\\\/uploads\\\/smart-touch-bathroom-tv-la-chorrera-280.webp\",\"contentUrl\":\"https:\\\/\\\/evervue.com.pa\\\/tienda\\\/wp-content\\\/uploads\\\/smart-touch-bathroom-tv-la-chorrera-280.webp\",\"width\":1000,\"height\":1000},{\"@type\":\"BreadcrumbList\",\"@id\":\"https:\\\/\\\/evervue.com.pa\\\/tienda\\\/producto\\\/televisor-de-bano-ocea-280-smart-touch-28-4k-ultra-hd\\\/#breadcrumb\",\"itemListElement\":[{\"@type\":\"ListItem\",\"position\":1,\"name\":\"Home\",\"item\":\"https:\\\/\\\/evervue.com.pa\\\/tienda\\\/\"},{\"@type\":\"ListItem\",\"position\":2,\"name\":\"Comprar\",\"item\":\"https:\\\/\\\/evervue.com.pa\\\/tienda\\\/store\\\/\"},{\"@type\":\"ListItem\",\"position\":3,\"name\":\"Ocea Pro 280 TV Inteligente T\u00e1ctil Para Ba\u00f1o (28\u2033, 4K Ultra HD)\"}]},{\"@type\":\"WebSite\",\"@id\":\"https:\\\/\\\/evervue.com.pa\\\/tienda\\\/#website\",\"url\":\"https:\\\/\\\/evervue.com.pa\\\/tienda\\\/\",\"name\":\"Evervue Am\u00e9ricas S.A.\",\"description\":\"\",\"potentialAction\":[{\"@type\":\"SearchAction\",\"target\":{\"@type\":\"EntryPoint\",\"urlTemplate\":\"https:\\\/\\\/evervue.com.pa\\\/tienda\\\/?s={search_term_string}\"},\"query-input\":{\"@type\":\"PropertyValueSpecification\",\"valueRequired\":true,\"valueName\":\"search_term_string\"}}],\"inLanguage\":\"es\"}]}<\/script>\n<!-- \/ Yoast SEO plugin. -->","yoast_head_json":{"title":"TV de Ba\u00f1o Ocea Pro 280 | Evervue Am\u00e9ricas S.A.","description":"Compra el TV de Ba\u00f1o OCEA de 28 Pulgadas. Fabricado con vidrio espejo templado, utiliza barra de sonido o bocinas externas para una excelente calidad de sonido. Ofrece un a\u00f1o de garant\u00eda en piezas y mano de obra.","robots":{"index":"index","follow":"follow","max-snippet":"max-snippet:-1","max-image-preview":"max-image-preview:large","max-video-preview":"max-video-preview:-1"},"canonical":"https:\/\/evervue.com.pa\/tienda\/producto\/televisor-de-bano-ocea-280-smart-touch-28-4k-ultra-hd\/","og_locale":"es_ES","og_type":"article","og_title":"TV de Ba\u00f1o Ocea Pro 280 | Evervue Am\u00e9ricas S.A.","og_description":"Compra el TV de Ba\u00f1o OCEA de 28 Pulgadas. Fabricado con vidrio espejo templado, utiliza barra de sonido o bocinas externas para una excelente calidad de sonido. Ofrece un a\u00f1o de garant\u00eda en piezas y mano de obra.","og_url":"https:\/\/evervue.com.pa\/tienda\/producto\/televisor-de-bano-ocea-280-smart-touch-28-4k-ultra-hd\/","og_site_name":"Evervue Am\u00e9ricas S.A.","article_modified_time":"2026-02-27T09:09:16+00:00","og_image":[{"width":1000,"height":1000,"url":"https:\/\/evervue.com.pa\/tienda\/wp-content\/uploads\/smart-touch-bathroom-tv-la-chorrera-280.webp","type":"image\/webp"}],"twitter_card":"summary_large_image","twitter_misc":{"Tiempo de lectura":"1 minuto"},"schema":{"@context":"https:\/\/schema.org","@graph":[{"@type":"WebPage","@id":"https:\/\/evervue.com.pa\/tienda\/producto\/televisor-de-bano-ocea-280-smart-touch-28-4k-ultra-hd\/","url":"https:\/\/evervue.com.pa\/tienda\/producto\/televisor-de-bano-ocea-280-smart-touch-28-4k-ultra-hd\/","name":"TV de Ba\u00f1o Ocea Pro 280 | Evervue Am\u00e9ricas S.A.","isPartOf":{"@id":"https:\/\/evervue.com.pa\/tienda\/#website"},"primaryImageOfPage":{"@id":"https:\/\/evervue.com.pa\/tienda\/producto\/televisor-de-bano-ocea-280-smart-touch-28-4k-ultra-hd\/#primaryimage"},"image":{"@id":"https:\/\/evervue.com.pa\/tienda\/producto\/televisor-de-bano-ocea-280-smart-touch-28-4k-ultra-hd\/#primaryimage"},"thumbnailUrl":"https:\/\/evervue.com.pa\/tienda\/wp-content\/uploads\/smart-touch-bathroom-tv-la-chorrera-280.webp","datePublished":"2026-02-18T07:54:44+00:00","dateModified":"2026-02-27T09:09:16+00:00","description":"Compra el TV de Ba\u00f1o OCEA de 28 Pulgadas. Fabricado con vidrio espejo templado, utiliza barra de sonido o bocinas externas para una excelente calidad de sonido. Ofrece un a\u00f1o de garant\u00eda en piezas y mano de obra.","breadcrumb":{"@id":"https:\/\/evervue.com.pa\/tienda\/producto\/televisor-de-bano-ocea-280-smart-touch-28-4k-ultra-hd\/#breadcrumb"},"inLanguage":"es","potentialAction":[{"@type":"ReadAction","target":["https:\/\/evervue.com.pa\/tienda\/producto\/televisor-de-bano-ocea-280-smart-touch-28-4k-ultra-hd\/"]}]},{"@type":"ImageObject","inLanguage":"es","@id":"https:\/\/evervue.com.pa\/tienda\/producto\/televisor-de-bano-ocea-280-smart-touch-28-4k-ultra-hd\/#primaryimage","url":"https:\/\/evervue.com.pa\/tienda\/wp-content\/uploads\/smart-touch-bathroom-tv-la-chorrera-280.webp","contentUrl":"https:\/\/evervue.com.pa\/tienda\/wp-content\/uploads\/smart-touch-bathroom-tv-la-chorrera-280.webp","width":1000,"height":1000},{"@type":"BreadcrumbList","@id":"https:\/\/evervue.com.pa\/tienda\/producto\/televisor-de-bano-ocea-280-smart-touch-28-4k-ultra-hd\/#breadcrumb","itemListElement":[{"@type":"ListItem","position":1,"name":"Home","item":"https:\/\/evervue.com.pa\/tienda\/"},{"@type":"ListItem","position":2,"name":"Comprar","item":"https:\/\/evervue.com.pa\/tienda\/store\/"},{"@type":"ListItem","position":3,"name":"Ocea Pro 280 TV Inteligente T\u00e1ctil Para Ba\u00f1o (28\u2033, 4K Ultra HD)"}]},{"@type":"WebSite","@id":"https:\/\/evervue.com.pa\/tienda\/#website","url":"https:\/\/evervue.com.pa\/tienda\/","name":"Evervue Am\u00e9ricas S.A.","description":"","potentialAction":[{"@type":"SearchAction","target":{"@type":"EntryPoint","urlTemplate":"https:\/\/evervue.com.pa\/tienda\/?s={search_term_string}"},"query-input":{"@type":"PropertyValueSpecification","valueRequired":true,"valueName":"search_term_string"}}],"inLanguage":"es"}]}},"_links":{"self":[{"href":"https:\/\/evervue.com.pa\/tienda\/wp-json\/wp\/v2\/product\/164","targetHints":{"allow":["GET"]}}],"collection":[{"href":"https:\/\/evervue.com.pa\/tienda\/wp-json\/wp\/v2\/product"}],"about":[{"href":"https:\/\/evervue.com.pa\/tienda\/wp-json\/wp\/v2\/types\/product"}],"replies":[{"embeddable":true,"href":"https:\/\/evervue.com.pa\/tienda\/wp-json\/wp\/v2\/comments?post=164"}],"wp:featuredmedia":[{"embeddable":true,"href":"https:\/\/evervue.com.pa\/tienda\/wp-json\/wp\/v2\/media\/206"}],"wp:attachment":[{"href":"https:\/\/evervue.com.pa\/tienda\/wp-json\/wp\/v2\/media?parent=164"}],"wp:term":[{"taxonomy":"product_brand","embeddable":true,"href":"https:\/\/evervue.com.pa\/tienda\/wp-json\/wp\/v2\/product_brand?post=164"},{"taxonomy":"product_cat","embeddable":true,"href":"https:\/\/evervue.com.pa\/tienda\/wp-json\/wp\/v2\/product_cat?post=164"},{"taxonomy":"product_tag","embeddable":true,"href":"https:\/\/evervue.com.pa\/tienda\/wp-json\/wp\/v2\/product_tag?post=164"}],"curies":[{"name":"wp","href":"https:\/\/api.w.org\/{rel}","templated":true}]}}