{"id":170,"date":"2026-02-18T07:54:45","date_gmt":"2026-02-18T07:54:45","guid":{"rendered":"https:\/\/catfiesta.com\/evstorepa\/?post_type=product&#038;p=170"},"modified":"2026-02-19T11:59:46","modified_gmt":"2026-02-19T11:59:46","slug":"soporte-giratorio-de-aluminio-ocea-pro-br-100","status":"publish","type":"product","link":"https:\/\/evervue.com.pa\/tienda\/producto\/soporte-giratorio-de-aluminio-ocea-pro-br-100\/","title":{"rendered":"Soporte Giratorio de Aluminio Ocea Pro BR-100"},"content":{"rendered":"","protected":false},"excerpt":{"rendered":"<p>Soporte giratorio de aluminio para Ocea Pro 180<\/p>\n<p>Esta es una de las formas m\u00e1s populares de instalar el Ocea Pro. Puedes montar el Ocea Pro con el soporte de aluminio y girar el televisor en la direcci\u00f3n deseada. Esta opci\u00f3n es ideal si deseas usar el Ocea Pro tanto en la ba\u00f1era como en el espacio general del ba\u00f1o. Ofrecemos varios tipos de soportes para los distintos tama\u00f1os de TV y diferentes aplicaciones.<\/p>\n<p>&nbsp;<\/p>\n","protected":false},"featured_media":225,"comment_status":"closed","ping_status":"closed","template":"","meta":[],"product_brand":[],"product_cat":[28],"product_tag":[],"class_list":{"0":"post-170","1":"product","2":"type-product","3":"status-publish","4":"has-post-thumbnail","6":"product_cat-ocea-pro-bathroom-tv","7":"tm-has-options","9":"first","10":"instock","11":"taxable","12":"shipping-taxable","13":"purchasable","14":"product-type-simple"},"yoast_head":"<!-- This site is optimized with the Yoast SEO plugin v27.4 - https:\/\/yoast.com\/product\/yoast-seo-wordpress\/ -->\n<title>Soporte Giratorio de Aluminio Ocea Pro BR-100 | Evervue Am\u00e9ricas S.A.<\/title>\n<meta name=\"description\" content=\"Compra el Soporte Giratorio de Aluminio BR-100 de OCEA. Un soporte giratorio compatible con el OCEA 180.\" \/>\n<meta name=\"robots\" content=\"index, follow, max-snippet:-1, max-image-preview:large, max-video-preview:-1\" \/>\n<link rel=\"canonical\" href=\"https:\/\/evervue.com.pa\/tienda\/producto\/soporte-giratorio-de-aluminio-ocea-pro-br-100\/\" \/>\n<meta property=\"og:locale\" content=\"es_ES\" \/>\n<meta property=\"og:type\" content=\"article\" \/>\n<meta property=\"og:title\" content=\"Soporte Giratorio de Aluminio Ocea Pro BR-100 | Evervue Am\u00e9ricas S.A.\" \/>\n<meta property=\"og:description\" content=\"Compra el Soporte Giratorio de Aluminio BR-100 de OCEA. Un soporte giratorio compatible con el OCEA 180.\" \/>\n<meta property=\"og:url\" content=\"https:\/\/evervue.com.pa\/tienda\/producto\/soporte-giratorio-de-aluminio-ocea-pro-br-100\/\" \/>\n<meta property=\"og:site_name\" content=\"Evervue Am\u00e9ricas S.A.\" \/>\n<meta property=\"article:modified_time\" content=\"2026-02-19T11:59:46+00:00\" \/>\n<meta property=\"og:image\" content=\"https:\/\/evervue.com.pa\/tienda\/wp-content\/uploads\/ocea-br-100.webp\" \/>\n\t<meta property=\"og:image:width\" content=\"900\" \/>\n\t<meta property=\"og:image:height\" content=\"900\" \/>\n\t<meta property=\"og:image:type\" content=\"image\/webp\" \/>\n<meta name=\"twitter:card\" content=\"summary_large_image\" \/>\n<meta name=\"twitter:label1\" content=\"Tiempo de lectura\" \/>\n\t<meta name=\"twitter:data1\" content=\"1 minuto\" \/>\n<script type=\"application\/ld+json\" class=\"yoast-schema-graph\">{\"@context\":\"https:\\\/\\\/schema.org\",\"@graph\":[{\"@type\":\"WebPage\",\"@id\":\"https:\\\/\\\/evervue.com.pa\\\/tienda\\\/producto\\\/soporte-giratorio-de-aluminio-ocea-pro-br-100\\\/\",\"url\":\"https:\\\/\\\/evervue.com.pa\\\/tienda\\\/producto\\\/soporte-giratorio-de-aluminio-ocea-pro-br-100\\\/\",\"name\":\"Soporte Giratorio de Aluminio Ocea Pro BR-100 | Evervue Am\u00e9ricas S.A.\",\"isPartOf\":{\"@id\":\"https:\\\/\\\/evervue.com.pa\\\/tienda\\\/#website\"},\"primaryImageOfPage\":{\"@id\":\"https:\\\/\\\/evervue.com.pa\\\/tienda\\\/producto\\\/soporte-giratorio-de-aluminio-ocea-pro-br-100\\\/#primaryimage\"},\"image\":{\"@id\":\"https:\\\/\\\/evervue.com.pa\\\/tienda\\\/producto\\\/soporte-giratorio-de-aluminio-ocea-pro-br-100\\\/#primaryimage\"},\"thumbnailUrl\":\"https:\\\/\\\/evervue.com.pa\\\/tienda\\\/wp-content\\\/uploads\\\/ocea-br-100.webp\",\"datePublished\":\"2026-02-18T07:54:45+00:00\",\"dateModified\":\"2026-02-19T11:59:46+00:00\",\"description\":\"Compra el Soporte Giratorio de Aluminio BR-100 de OCEA. Un soporte giratorio compatible con el OCEA 180.\",\"breadcrumb\":{\"@id\":\"https:\\\/\\\/evervue.com.pa\\\/tienda\\\/producto\\\/soporte-giratorio-de-aluminio-ocea-pro-br-100\\\/#breadcrumb\"},\"inLanguage\":\"es\",\"potentialAction\":[{\"@type\":\"ReadAction\",\"target\":[\"https:\\\/\\\/evervue.com.pa\\\/tienda\\\/producto\\\/soporte-giratorio-de-aluminio-ocea-pro-br-100\\\/\"]}]},{\"@type\":\"ImageObject\",\"inLanguage\":\"es\",\"@id\":\"https:\\\/\\\/evervue.com.pa\\\/tienda\\\/producto\\\/soporte-giratorio-de-aluminio-ocea-pro-br-100\\\/#primaryimage\",\"url\":\"https:\\\/\\\/evervue.com.pa\\\/tienda\\\/wp-content\\\/uploads\\\/ocea-br-100.webp\",\"contentUrl\":\"https:\\\/\\\/evervue.com.pa\\\/tienda\\\/wp-content\\\/uploads\\\/ocea-br-100.webp\",\"width\":900,\"height\":900},{\"@type\":\"BreadcrumbList\",\"@id\":\"https:\\\/\\\/evervue.com.pa\\\/tienda\\\/producto\\\/soporte-giratorio-de-aluminio-ocea-pro-br-100\\\/#breadcrumb\",\"itemListElement\":[{\"@type\":\"ListItem\",\"position\":1,\"name\":\"Home\",\"item\":\"https:\\\/\\\/evervue.com.pa\\\/tienda\\\/\"},{\"@type\":\"ListItem\",\"position\":2,\"name\":\"Comprar\",\"item\":\"https:\\\/\\\/evervue.com.pa\\\/tienda\\\/store\\\/\"},{\"@type\":\"ListItem\",\"position\":3,\"name\":\"Soporte Giratorio de Aluminio Ocea Pro BR-100\"}]},{\"@type\":\"WebSite\",\"@id\":\"https:\\\/\\\/evervue.com.pa\\\/tienda\\\/#website\",\"url\":\"https:\\\/\\\/evervue.com.pa\\\/tienda\\\/\",\"name\":\"Evervue Am\u00e9ricas S.A.\",\"description\":\"\",\"potentialAction\":[{\"@type\":\"SearchAction\",\"target\":{\"@type\":\"EntryPoint\",\"urlTemplate\":\"https:\\\/\\\/evervue.com.pa\\\/tienda\\\/?s={search_term_string}\"},\"query-input\":{\"@type\":\"PropertyValueSpecification\",\"valueRequired\":true,\"valueName\":\"search_term_string\"}}],\"inLanguage\":\"es\"}]}<\/script>\n<!-- \/ Yoast SEO plugin. -->","yoast_head_json":{"title":"Soporte Giratorio de Aluminio Ocea Pro BR-100 | Evervue Am\u00e9ricas S.A.","description":"Compra el Soporte Giratorio de Aluminio BR-100 de OCEA. Un soporte giratorio compatible con el OCEA 180.","robots":{"index":"index","follow":"follow","max-snippet":"max-snippet:-1","max-image-preview":"max-image-preview:large","max-video-preview":"max-video-preview:-1"},"canonical":"https:\/\/evervue.com.pa\/tienda\/producto\/soporte-giratorio-de-aluminio-ocea-pro-br-100\/","og_locale":"es_ES","og_type":"article","og_title":"Soporte Giratorio de Aluminio Ocea Pro BR-100 | Evervue Am\u00e9ricas S.A.","og_description":"Compra el Soporte Giratorio de Aluminio BR-100 de OCEA. Un soporte giratorio compatible con el OCEA 180.","og_url":"https:\/\/evervue.com.pa\/tienda\/producto\/soporte-giratorio-de-aluminio-ocea-pro-br-100\/","og_site_name":"Evervue Am\u00e9ricas S.A.","article_modified_time":"2026-02-19T11:59:46+00:00","og_image":[{"width":900,"height":900,"url":"https:\/\/evervue.com.pa\/tienda\/wp-content\/uploads\/ocea-br-100.webp","type":"image\/webp"}],"twitter_card":"summary_large_image","twitter_misc":{"Tiempo de lectura":"1 minuto"},"schema":{"@context":"https:\/\/schema.org","@graph":[{"@type":"WebPage","@id":"https:\/\/evervue.com.pa\/tienda\/producto\/soporte-giratorio-de-aluminio-ocea-pro-br-100\/","url":"https:\/\/evervue.com.pa\/tienda\/producto\/soporte-giratorio-de-aluminio-ocea-pro-br-100\/","name":"Soporte Giratorio de Aluminio Ocea Pro BR-100 | Evervue Am\u00e9ricas S.A.","isPartOf":{"@id":"https:\/\/evervue.com.pa\/tienda\/#website"},"primaryImageOfPage":{"@id":"https:\/\/evervue.com.pa\/tienda\/producto\/soporte-giratorio-de-aluminio-ocea-pro-br-100\/#primaryimage"},"image":{"@id":"https:\/\/evervue.com.pa\/tienda\/producto\/soporte-giratorio-de-aluminio-ocea-pro-br-100\/#primaryimage"},"thumbnailUrl":"https:\/\/evervue.com.pa\/tienda\/wp-content\/uploads\/ocea-br-100.webp","datePublished":"2026-02-18T07:54:45+00:00","dateModified":"2026-02-19T11:59:46+00:00","description":"Compra el Soporte Giratorio de Aluminio BR-100 de OCEA. Un soporte giratorio compatible con el OCEA 180.","breadcrumb":{"@id":"https:\/\/evervue.com.pa\/tienda\/producto\/soporte-giratorio-de-aluminio-ocea-pro-br-100\/#breadcrumb"},"inLanguage":"es","potentialAction":[{"@type":"ReadAction","target":["https:\/\/evervue.com.pa\/tienda\/producto\/soporte-giratorio-de-aluminio-ocea-pro-br-100\/"]}]},{"@type":"ImageObject","inLanguage":"es","@id":"https:\/\/evervue.com.pa\/tienda\/producto\/soporte-giratorio-de-aluminio-ocea-pro-br-100\/#primaryimage","url":"https:\/\/evervue.com.pa\/tienda\/wp-content\/uploads\/ocea-br-100.webp","contentUrl":"https:\/\/evervue.com.pa\/tienda\/wp-content\/uploads\/ocea-br-100.webp","width":900,"height":900},{"@type":"BreadcrumbList","@id":"https:\/\/evervue.com.pa\/tienda\/producto\/soporte-giratorio-de-aluminio-ocea-pro-br-100\/#breadcrumb","itemListElement":[{"@type":"ListItem","position":1,"name":"Home","item":"https:\/\/evervue.com.pa\/tienda\/"},{"@type":"ListItem","position":2,"name":"Comprar","item":"https:\/\/evervue.com.pa\/tienda\/store\/"},{"@type":"ListItem","position":3,"name":"Soporte Giratorio de Aluminio Ocea Pro BR-100"}]},{"@type":"WebSite","@id":"https:\/\/evervue.com.pa\/tienda\/#website","url":"https:\/\/evervue.com.pa\/tienda\/","name":"Evervue Am\u00e9ricas S.A.","description":"","potentialAction":[{"@type":"SearchAction","target":{"@type":"EntryPoint","urlTemplate":"https:\/\/evervue.com.pa\/tienda\/?s={search_term_string}"},"query-input":{"@type":"PropertyValueSpecification","valueRequired":true,"valueName":"search_term_string"}}],"inLanguage":"es"}]}},"_links":{"self":[{"href":"https:\/\/evervue.com.pa\/tienda\/wp-json\/wp\/v2\/product\/170","targetHints":{"allow":["GET"]}}],"collection":[{"href":"https:\/\/evervue.com.pa\/tienda\/wp-json\/wp\/v2\/product"}],"about":[{"href":"https:\/\/evervue.com.pa\/tienda\/wp-json\/wp\/v2\/types\/product"}],"replies":[{"embeddable":true,"href":"https:\/\/evervue.com.pa\/tienda\/wp-json\/wp\/v2\/comments?post=170"}],"wp:featuredmedia":[{"embeddable":true,"href":"https:\/\/evervue.com.pa\/tienda\/wp-json\/wp\/v2\/media\/225"}],"wp:attachment":[{"href":"https:\/\/evervue.com.pa\/tienda\/wp-json\/wp\/v2\/media?parent=170"}],"wp:term":[{"taxonomy":"product_brand","embeddable":true,"href":"https:\/\/evervue.com.pa\/tienda\/wp-json\/wp\/v2\/product_brand?post=170"},{"taxonomy":"product_cat","embeddable":true,"href":"https:\/\/evervue.com.pa\/tienda\/wp-json\/wp\/v2\/product_cat?post=170"},{"taxonomy":"product_tag","embeddable":true,"href":"https:\/\/evervue.com.pa\/tienda\/wp-json\/wp\/v2\/product_tag?post=170"}],"curies":[{"name":"wp","href":"https:\/\/api.w.org\/{rel}","templated":true}]}}