{"id":193,"date":"2026-02-18T07:57:43","date_gmt":"2026-02-18T07:57:43","guid":{"rendered":"https:\/\/catfiesta.com\/evstorepa\/?post_type=product&#038;p=193"},"modified":"2026-03-02T05:50:05","modified_gmt":"2026-03-02T05:50:05","slug":"decovue-renacimiento","status":"publish","type":"product","link":"https:\/\/evervue.com.pa\/tienda\/producto\/decovue-renacimiento\/","title":{"rendered":"DecoVue Renacimiento"},"content":{"rendered":"","protected":false},"excerpt":{"rendered":"<ul>\n<li>Elige entre muchos marcos estilo Renacimiento. Por favor, <a href=\"https:\/\/www.decovue.com\/frames\/\" target=\"_blank\" rel=\"noopener noreferrer\">haz clic aqu\u00ed<\/a> para ver los marcos disponibles.<\/li>\n<li>Disponible en 40\u2033, 50\u2033, 60\u2033 y 75\u2033.<\/li>\n<li>Cuando el televisor est\u00e1 apagado, la parte frontal es un espejo.<\/li>\n<li>Resoluci\u00f3n 4K Ultra HD.<\/li>\n<li>2 entradas HDMI.<\/li>\n<li>Altavoces integrados.<\/li>\n<li>Listo para colgar en la pared o instalar en un soporte VESA.<\/li>\n<li>Completo con aplicaci\u00f3n Smart TV instalada.<\/li>\n<li>Conexi\u00f3n a Wi-Fi y LAN.<\/li>\n<li>Un compartimiento integrado para set-top box facilita la instalaci\u00f3n de Apple TV u otro decodificador.<\/li>\n<li>Compatible con la aplicaci\u00f3n Mirror Feeds <a href=\"https:\/\/www.mirrorfeeds.com\/\" target=\"_blank\" rel=\"noopener noreferrer\">\u00bfQu\u00e9 es esto?<\/a><\/li>\n<\/ul>\n<p>Haz clic <a href=\"https:\/\/www.decovue.com\/\" target=\"_blank\" rel=\"noopener noreferrer\">aqu\u00ed<\/a> para obtener m\u00e1s informaci\u00f3n sobre este producto.<\/p>\n","protected":false},"featured_media":260,"comment_status":"closed","ping_status":"closed","template":"","meta":[],"product_brand":[],"product_cat":[30],"product_tag":[],"class_list":{"0":"post-193","1":"product","2":"type-product","3":"status-publish","4":"has-post-thumbnail","6":"product_cat-decovue-framed-tv","7":"tm-has-options","9":"first","10":"instock","11":"featured","12":"taxable","13":"shipping-taxable","14":"purchasable","15":"product-type-simple"},"yoast_head":"<!-- This site is optimized with the Yoast SEO plugin v27.4 - https:\/\/yoast.com\/product\/yoast-seo-wordpress\/ -->\n<title>DecoVue Renacimiento | Evervue Am\u00e9ricas S.A.<\/title>\n<meta name=\"description\" content=\"Compra el TV DecoVue con marcos estilo Renacimiento. Disponible en muchos dise\u00f1os diferentes con resoluci\u00f3n 4K Ultra HD. DecoVue se transforma en un espejo cuando el TV est\u00e1 apagado. Listo para colgar en la pared o instalar en un soporte VESA.\" \/>\n<meta name=\"robots\" content=\"index, follow, max-snippet:-1, max-image-preview:large, max-video-preview:-1\" \/>\n<link rel=\"canonical\" href=\"https:\/\/evervue.com.pa\/tienda\/producto\/decovue-renacimiento\/\" \/>\n<meta property=\"og:locale\" content=\"es_ES\" \/>\n<meta property=\"og:type\" content=\"article\" \/>\n<meta property=\"og:title\" content=\"DecoVue Renacimiento | Evervue Am\u00e9ricas S.A.\" \/>\n<meta property=\"og:description\" content=\"Compra el TV DecoVue con marcos estilo Renacimiento. Disponible en muchos dise\u00f1os diferentes con resoluci\u00f3n 4K Ultra HD. DecoVue se transforma en un espejo cuando el TV est\u00e1 apagado. Listo para colgar en la pared o instalar en un soporte VESA.\" \/>\n<meta property=\"og:url\" content=\"https:\/\/evervue.com.pa\/tienda\/producto\/decovue-renacimiento\/\" \/>\n<meta property=\"og:site_name\" content=\"Evervue Am\u00e9ricas S.A.\" \/>\n<meta property=\"article:modified_time\" content=\"2026-03-02T05:50:05+00:00\" \/>\n<meta property=\"og:image\" content=\"https:\/\/evervue.com.pa\/tienda\/wp-content\/uploads\/decovue-renaissance.webp\" \/>\n\t<meta property=\"og:image:width\" content=\"900\" \/>\n\t<meta property=\"og:image:height\" content=\"900\" \/>\n\t<meta property=\"og:image:type\" content=\"image\/webp\" \/>\n<meta name=\"twitter:card\" content=\"summary_large_image\" \/>\n<meta name=\"twitter:label1\" content=\"Tiempo de lectura\" \/>\n\t<meta name=\"twitter:data1\" content=\"1 minuto\" \/>\n<script type=\"application\/ld+json\" class=\"yoast-schema-graph\">{\"@context\":\"https:\\\/\\\/schema.org\",\"@graph\":[{\"@type\":\"WebPage\",\"@id\":\"https:\\\/\\\/evervue.com.pa\\\/tienda\\\/producto\\\/decovue-renacimiento\\\/\",\"url\":\"https:\\\/\\\/evervue.com.pa\\\/tienda\\\/producto\\\/decovue-renacimiento\\\/\",\"name\":\"DecoVue Renacimiento | Evervue Am\u00e9ricas S.A.\",\"isPartOf\":{\"@id\":\"https:\\\/\\\/evervue.com.pa\\\/tienda\\\/#website\"},\"primaryImageOfPage\":{\"@id\":\"https:\\\/\\\/evervue.com.pa\\\/tienda\\\/producto\\\/decovue-renacimiento\\\/#primaryimage\"},\"image\":{\"@id\":\"https:\\\/\\\/evervue.com.pa\\\/tienda\\\/producto\\\/decovue-renacimiento\\\/#primaryimage\"},\"thumbnailUrl\":\"https:\\\/\\\/evervue.com.pa\\\/tienda\\\/wp-content\\\/uploads\\\/decovue-renaissance.webp\",\"datePublished\":\"2026-02-18T07:57:43+00:00\",\"dateModified\":\"2026-03-02T05:50:05+00:00\",\"description\":\"Compra el TV DecoVue con marcos estilo Renacimiento. Disponible en muchos dise\u00f1os diferentes con resoluci\u00f3n 4K Ultra HD. DecoVue se transforma en un espejo cuando el TV est\u00e1 apagado. Listo para colgar en la pared o instalar en un soporte VESA.\",\"breadcrumb\":{\"@id\":\"https:\\\/\\\/evervue.com.pa\\\/tienda\\\/producto\\\/decovue-renacimiento\\\/#breadcrumb\"},\"inLanguage\":\"es\",\"potentialAction\":[{\"@type\":\"ReadAction\",\"target\":[\"https:\\\/\\\/evervue.com.pa\\\/tienda\\\/producto\\\/decovue-renacimiento\\\/\"]}]},{\"@type\":\"ImageObject\",\"inLanguage\":\"es\",\"@id\":\"https:\\\/\\\/evervue.com.pa\\\/tienda\\\/producto\\\/decovue-renacimiento\\\/#primaryimage\",\"url\":\"https:\\\/\\\/evervue.com.pa\\\/tienda\\\/wp-content\\\/uploads\\\/decovue-renaissance.webp\",\"contentUrl\":\"https:\\\/\\\/evervue.com.pa\\\/tienda\\\/wp-content\\\/uploads\\\/decovue-renaissance.webp\",\"width\":900,\"height\":900},{\"@type\":\"BreadcrumbList\",\"@id\":\"https:\\\/\\\/evervue.com.pa\\\/tienda\\\/producto\\\/decovue-renacimiento\\\/#breadcrumb\",\"itemListElement\":[{\"@type\":\"ListItem\",\"position\":1,\"name\":\"Home\",\"item\":\"https:\\\/\\\/evervue.com.pa\\\/tienda\\\/\"},{\"@type\":\"ListItem\",\"position\":2,\"name\":\"Comprar\",\"item\":\"https:\\\/\\\/evervue.com.pa\\\/tienda\\\/store\\\/\"},{\"@type\":\"ListItem\",\"position\":3,\"name\":\"DecoVue Renacimiento\"}]},{\"@type\":\"WebSite\",\"@id\":\"https:\\\/\\\/evervue.com.pa\\\/tienda\\\/#website\",\"url\":\"https:\\\/\\\/evervue.com.pa\\\/tienda\\\/\",\"name\":\"Evervue Am\u00e9ricas S.A.\",\"description\":\"\",\"potentialAction\":[{\"@type\":\"SearchAction\",\"target\":{\"@type\":\"EntryPoint\",\"urlTemplate\":\"https:\\\/\\\/evervue.com.pa\\\/tienda\\\/?s={search_term_string}\"},\"query-input\":{\"@type\":\"PropertyValueSpecification\",\"valueRequired\":true,\"valueName\":\"search_term_string\"}}],\"inLanguage\":\"es\"}]}<\/script>\n<!-- \/ Yoast SEO plugin. -->","yoast_head_json":{"title":"DecoVue Renacimiento | Evervue Am\u00e9ricas S.A.","description":"Compra el TV DecoVue con marcos estilo Renacimiento. Disponible en muchos dise\u00f1os diferentes con resoluci\u00f3n 4K Ultra HD. DecoVue se transforma en un espejo cuando el TV est\u00e1 apagado. Listo para colgar en la pared o instalar en un soporte VESA.","robots":{"index":"index","follow":"follow","max-snippet":"max-snippet:-1","max-image-preview":"max-image-preview:large","max-video-preview":"max-video-preview:-1"},"canonical":"https:\/\/evervue.com.pa\/tienda\/producto\/decovue-renacimiento\/","og_locale":"es_ES","og_type":"article","og_title":"DecoVue Renacimiento | Evervue Am\u00e9ricas S.A.","og_description":"Compra el TV DecoVue con marcos estilo Renacimiento. Disponible en muchos dise\u00f1os diferentes con resoluci\u00f3n 4K Ultra HD. DecoVue se transforma en un espejo cuando el TV est\u00e1 apagado. Listo para colgar en la pared o instalar en un soporte VESA.","og_url":"https:\/\/evervue.com.pa\/tienda\/producto\/decovue-renacimiento\/","og_site_name":"Evervue Am\u00e9ricas S.A.","article_modified_time":"2026-03-02T05:50:05+00:00","og_image":[{"width":900,"height":900,"url":"https:\/\/evervue.com.pa\/tienda\/wp-content\/uploads\/decovue-renaissance.webp","type":"image\/webp"}],"twitter_card":"summary_large_image","twitter_misc":{"Tiempo de lectura":"1 minuto"},"schema":{"@context":"https:\/\/schema.org","@graph":[{"@type":"WebPage","@id":"https:\/\/evervue.com.pa\/tienda\/producto\/decovue-renacimiento\/","url":"https:\/\/evervue.com.pa\/tienda\/producto\/decovue-renacimiento\/","name":"DecoVue Renacimiento | Evervue Am\u00e9ricas S.A.","isPartOf":{"@id":"https:\/\/evervue.com.pa\/tienda\/#website"},"primaryImageOfPage":{"@id":"https:\/\/evervue.com.pa\/tienda\/producto\/decovue-renacimiento\/#primaryimage"},"image":{"@id":"https:\/\/evervue.com.pa\/tienda\/producto\/decovue-renacimiento\/#primaryimage"},"thumbnailUrl":"https:\/\/evervue.com.pa\/tienda\/wp-content\/uploads\/decovue-renaissance.webp","datePublished":"2026-02-18T07:57:43+00:00","dateModified":"2026-03-02T05:50:05+00:00","description":"Compra el TV DecoVue con marcos estilo Renacimiento. Disponible en muchos dise\u00f1os diferentes con resoluci\u00f3n 4K Ultra HD. DecoVue se transforma en un espejo cuando el TV est\u00e1 apagado. Listo para colgar en la pared o instalar en un soporte VESA.","breadcrumb":{"@id":"https:\/\/evervue.com.pa\/tienda\/producto\/decovue-renacimiento\/#breadcrumb"},"inLanguage":"es","potentialAction":[{"@type":"ReadAction","target":["https:\/\/evervue.com.pa\/tienda\/producto\/decovue-renacimiento\/"]}]},{"@type":"ImageObject","inLanguage":"es","@id":"https:\/\/evervue.com.pa\/tienda\/producto\/decovue-renacimiento\/#primaryimage","url":"https:\/\/evervue.com.pa\/tienda\/wp-content\/uploads\/decovue-renaissance.webp","contentUrl":"https:\/\/evervue.com.pa\/tienda\/wp-content\/uploads\/decovue-renaissance.webp","width":900,"height":900},{"@type":"BreadcrumbList","@id":"https:\/\/evervue.com.pa\/tienda\/producto\/decovue-renacimiento\/#breadcrumb","itemListElement":[{"@type":"ListItem","position":1,"name":"Home","item":"https:\/\/evervue.com.pa\/tienda\/"},{"@type":"ListItem","position":2,"name":"Comprar","item":"https:\/\/evervue.com.pa\/tienda\/store\/"},{"@type":"ListItem","position":3,"name":"DecoVue Renacimiento"}]},{"@type":"WebSite","@id":"https:\/\/evervue.com.pa\/tienda\/#website","url":"https:\/\/evervue.com.pa\/tienda\/","name":"Evervue Am\u00e9ricas S.A.","description":"","potentialAction":[{"@type":"SearchAction","target":{"@type":"EntryPoint","urlTemplate":"https:\/\/evervue.com.pa\/tienda\/?s={search_term_string}"},"query-input":{"@type":"PropertyValueSpecification","valueRequired":true,"valueName":"search_term_string"}}],"inLanguage":"es"}]}},"_links":{"self":[{"href":"https:\/\/evervue.com.pa\/tienda\/wp-json\/wp\/v2\/product\/193","targetHints":{"allow":["GET"]}}],"collection":[{"href":"https:\/\/evervue.com.pa\/tienda\/wp-json\/wp\/v2\/product"}],"about":[{"href":"https:\/\/evervue.com.pa\/tienda\/wp-json\/wp\/v2\/types\/product"}],"replies":[{"embeddable":true,"href":"https:\/\/evervue.com.pa\/tienda\/wp-json\/wp\/v2\/comments?post=193"}],"wp:featuredmedia":[{"embeddable":true,"href":"https:\/\/evervue.com.pa\/tienda\/wp-json\/wp\/v2\/media\/260"}],"wp:attachment":[{"href":"https:\/\/evervue.com.pa\/tienda\/wp-json\/wp\/v2\/media?parent=193"}],"wp:term":[{"taxonomy":"product_brand","embeddable":true,"href":"https:\/\/evervue.com.pa\/tienda\/wp-json\/wp\/v2\/product_brand?post=193"},{"taxonomy":"product_cat","embeddable":true,"href":"https:\/\/evervue.com.pa\/tienda\/wp-json\/wp\/v2\/product_cat?post=193"},{"taxonomy":"product_tag","embeddable":true,"href":"https:\/\/evervue.com.pa\/tienda\/wp-json\/wp\/v2\/product_tag?post=193"}],"curies":[{"name":"wp","href":"https:\/\/api.w.org\/{rel}","templated":true}]}}