{"id":198,"date":"2026-02-18T07:57:43","date_gmt":"2026-02-18T07:57:43","guid":{"rendered":"https:\/\/catfiesta.com\/evstorepa\/?post_type=product&#038;p=198"},"modified":"2026-03-03T06:57:56","modified_gmt":"2026-03-03T06:57:56","slug":"mirrorvue-de-tamano-personalizado","status":"publish","type":"product","link":"https:\/\/evervue.com.pa\/tienda\/producto\/mirrorvue-de-tamano-personalizado\/","title":{"rendered":"MirrorVue de Tama\u00f1o Personalizado"},"content":{"rendered":"","protected":false},"excerpt":{"rendered":"<ul>\n<li>Personaliza y ordena tu Mirror TV aqu\u00ed. Es f\u00e1cil, completo y recibir\u00e1s exactamente la configuraci\u00f3n de espejo que deseas.<\/li>\n<li>Elige entre diferentes colores de vidrio para el espejo. Se recomienda el tono de vidrio plateado, y el TV desaparece completamente cuando est\u00e1 apagado.<\/li>\n<li>Gran calidad de imagen: usamos paneles LED de mayor brillo para un rendimiento \u00f3ptimo del TV.<\/li>\n<li>Carcasa extra delgada de 1.3\u2033 para TV que hace que Mirrorvue luzca elegante y delgado.<\/li>\n<li>Bajo voltaje de 12 o 24 voltios para seguridad en el ba\u00f1o. Se incluye fuente de alimentaci\u00f3n universal.<\/li>\n<li>Full HD en los tama\u00f1os de 22\u2033 y resoluci\u00f3n 4K UHD en TVs de 28\u2033 y m\u00e1s grandes.<\/li>\n<li>Compatible con la aplicaci\u00f3n Mirror Feeds. <a href=\"https:\/\/www.mirrorfeeds.com\/\" target=\"_blank\" rel=\"noopener noreferrer\">\u00bfQu\u00e9 es esto?<\/a><\/li>\n<\/ul>\n<p class=\"desc-title\">\u00bfC\u00f3mo funciona?<\/p>\n<ol>\n<li>Por favor proporciona la siguiente informaci\u00f3n de tu MirrorVue: tama\u00f1os del espejo, tama\u00f1o del TV, ubicaci\u00f3n del TV, luz LED y otras opciones disponibles, luego procede con el pago.<\/li>\n<li>Recibir\u00e1s tu plano de producci\u00f3n personalizado para revisar tu pedido dentro de 1 d\u00eda h\u00e1bil. Luego podr\u00e1s revisar tu MirrorVue, hacer cambios o aprobar, y procederemos con la producci\u00f3n.<\/li>\n<li>Una vez recibamos tu aprobaci\u00f3n final, iniciaremos la producci\u00f3n, para que tengas control total y recibas tu MirrorVue exactamente como lo quieres.<\/li>\n<\/ol>\n<p>Tu MirrorVue ser\u00e1 entregado en tu puerta. Ofrecemos una Garant\u00eda de Entrega sin Da\u00f1os. Si el espejo llega da\u00f1ado, enviaremos uno nuevo sin costo alguno para ti. Haz clic <a href=\"https:\/\/www.mirrorvue.com\/\" target=\"_blank\" rel=\"noopener noreferrer\">aqu\u00ed<\/a> para obtener m\u00e1s informaci\u00f3n sobre este producto.<\/p>\n","protected":false},"featured_media":268,"comment_status":"closed","ping_status":"closed","template":"","meta":[],"product_brand":[],"product_cat":[31],"product_tag":[],"class_list":{"0":"post-198","1":"product","2":"type-product","3":"status-publish","4":"has-post-thumbnail","6":"product_cat-mirrorvue-mirror-tv","7":"tm-has-options","9":"first","10":"instock","11":"taxable","12":"shipping-taxable","13":"purchasable","14":"product-type-simple"},"yoast_head":"<!-- This site is optimized with the Yoast SEO plugin v27.4 - https:\/\/yoast.com\/product\/yoast-seo-wordpress\/ -->\n<title>MirrorVue de Tama\u00f1o Personalizado | Evervue Am\u00e9ricas S.A.<\/title>\n<meta name=\"description\" content=\"Compra el Espejo TV MirrorVue Personalizado. Ingresa tu longitud, altura y tama\u00f1o de TV preferidos. Incluye el montaje del espejo TV y una carcasa extra delgada de 1.3&quot; para TVs de hasta 98 pulgadas.\" \/>\n<meta name=\"robots\" content=\"index, follow, max-snippet:-1, max-image-preview:large, max-video-preview:-1\" \/>\n<link rel=\"canonical\" href=\"https:\/\/evervue.com.pa\/tienda\/producto\/mirrorvue-de-tamano-personalizado\/\" \/>\n<meta property=\"og:locale\" content=\"es_ES\" \/>\n<meta property=\"og:type\" content=\"article\" \/>\n<meta property=\"og:title\" content=\"MirrorVue de Tama\u00f1o Personalizado | Evervue Am\u00e9ricas S.A.\" \/>\n<meta property=\"og:description\" content=\"Compra el Espejo TV MirrorVue Personalizado. Ingresa tu longitud, altura y tama\u00f1o de TV preferidos. Incluye el montaje del espejo TV y una carcasa extra delgada de 1.3&quot; para TVs de hasta 98 pulgadas.\" \/>\n<meta property=\"og:url\" content=\"https:\/\/evervue.com.pa\/tienda\/producto\/mirrorvue-de-tamano-personalizado\/\" \/>\n<meta property=\"og:site_name\" content=\"Evervue Am\u00e9ricas S.A.\" \/>\n<meta property=\"article:modified_time\" content=\"2026-03-03T06:57:56+00:00\" \/>\n<meta property=\"og:image\" content=\"https:\/\/evervue.com.pa\/tienda\/wp-content\/uploads\/custom-mirror.gif\" \/>\n\t<meta property=\"og:image:width\" content=\"1000\" \/>\n\t<meta property=\"og:image:height\" content=\"1000\" \/>\n\t<meta property=\"og:image:type\" content=\"image\/gif\" \/>\n<meta name=\"twitter:card\" content=\"summary_large_image\" \/>\n<meta name=\"twitter:label1\" content=\"Tiempo de lectura\" \/>\n\t<meta name=\"twitter:data1\" content=\"1 minuto\" \/>\n<script type=\"application\/ld+json\" class=\"yoast-schema-graph\">{\"@context\":\"https:\\\/\\\/schema.org\",\"@graph\":[{\"@type\":\"WebPage\",\"@id\":\"https:\\\/\\\/evervue.com.pa\\\/tienda\\\/producto\\\/mirrorvue-de-tamano-personalizado\\\/\",\"url\":\"https:\\\/\\\/evervue.com.pa\\\/tienda\\\/producto\\\/mirrorvue-de-tamano-personalizado\\\/\",\"name\":\"MirrorVue de Tama\u00f1o Personalizado | Evervue Am\u00e9ricas S.A.\",\"isPartOf\":{\"@id\":\"https:\\\/\\\/evervue.com.pa\\\/tienda\\\/#website\"},\"primaryImageOfPage\":{\"@id\":\"https:\\\/\\\/evervue.com.pa\\\/tienda\\\/producto\\\/mirrorvue-de-tamano-personalizado\\\/#primaryimage\"},\"image\":{\"@id\":\"https:\\\/\\\/evervue.com.pa\\\/tienda\\\/producto\\\/mirrorvue-de-tamano-personalizado\\\/#primaryimage\"},\"thumbnailUrl\":\"https:\\\/\\\/evervue.com.pa\\\/tienda\\\/wp-content\\\/uploads\\\/custom-mirror.gif\",\"datePublished\":\"2026-02-18T07:57:43+00:00\",\"dateModified\":\"2026-03-03T06:57:56+00:00\",\"description\":\"Compra el Espejo TV MirrorVue Personalizado. Ingresa tu longitud, altura y tama\u00f1o de TV preferidos. Incluye el montaje del espejo TV y una carcasa extra delgada de 1.3\\\" para TVs de hasta 98 pulgadas.\",\"breadcrumb\":{\"@id\":\"https:\\\/\\\/evervue.com.pa\\\/tienda\\\/producto\\\/mirrorvue-de-tamano-personalizado\\\/#breadcrumb\"},\"inLanguage\":\"es\",\"potentialAction\":[{\"@type\":\"ReadAction\",\"target\":[\"https:\\\/\\\/evervue.com.pa\\\/tienda\\\/producto\\\/mirrorvue-de-tamano-personalizado\\\/\"]}]},{\"@type\":\"ImageObject\",\"inLanguage\":\"es\",\"@id\":\"https:\\\/\\\/evervue.com.pa\\\/tienda\\\/producto\\\/mirrorvue-de-tamano-personalizado\\\/#primaryimage\",\"url\":\"https:\\\/\\\/evervue.com.pa\\\/tienda\\\/wp-content\\\/uploads\\\/custom-mirror.gif\",\"contentUrl\":\"https:\\\/\\\/evervue.com.pa\\\/tienda\\\/wp-content\\\/uploads\\\/custom-mirror.gif\",\"width\":1000,\"height\":1000},{\"@type\":\"BreadcrumbList\",\"@id\":\"https:\\\/\\\/evervue.com.pa\\\/tienda\\\/producto\\\/mirrorvue-de-tamano-personalizado\\\/#breadcrumb\",\"itemListElement\":[{\"@type\":\"ListItem\",\"position\":1,\"name\":\"Home\",\"item\":\"https:\\\/\\\/evervue.com.pa\\\/tienda\\\/\"},{\"@type\":\"ListItem\",\"position\":2,\"name\":\"Comprar\",\"item\":\"https:\\\/\\\/evervue.com.pa\\\/tienda\\\/store\\\/\"},{\"@type\":\"ListItem\",\"position\":3,\"name\":\"MirrorVue de Tama\u00f1o Personalizado\"}]},{\"@type\":\"WebSite\",\"@id\":\"https:\\\/\\\/evervue.com.pa\\\/tienda\\\/#website\",\"url\":\"https:\\\/\\\/evervue.com.pa\\\/tienda\\\/\",\"name\":\"Evervue Am\u00e9ricas S.A.\",\"description\":\"\",\"potentialAction\":[{\"@type\":\"SearchAction\",\"target\":{\"@type\":\"EntryPoint\",\"urlTemplate\":\"https:\\\/\\\/evervue.com.pa\\\/tienda\\\/?s={search_term_string}\"},\"query-input\":{\"@type\":\"PropertyValueSpecification\",\"valueRequired\":true,\"valueName\":\"search_term_string\"}}],\"inLanguage\":\"es\"}]}<\/script>\n<!-- \/ Yoast SEO plugin. -->","yoast_head_json":{"title":"MirrorVue de Tama\u00f1o Personalizado | Evervue Am\u00e9ricas S.A.","description":"Compra el Espejo TV MirrorVue Personalizado. Ingresa tu longitud, altura y tama\u00f1o de TV preferidos. Incluye el montaje del espejo TV y una carcasa extra delgada de 1.3\" para TVs de hasta 98 pulgadas.","robots":{"index":"index","follow":"follow","max-snippet":"max-snippet:-1","max-image-preview":"max-image-preview:large","max-video-preview":"max-video-preview:-1"},"canonical":"https:\/\/evervue.com.pa\/tienda\/producto\/mirrorvue-de-tamano-personalizado\/","og_locale":"es_ES","og_type":"article","og_title":"MirrorVue de Tama\u00f1o Personalizado | Evervue Am\u00e9ricas S.A.","og_description":"Compra el Espejo TV MirrorVue Personalizado. Ingresa tu longitud, altura y tama\u00f1o de TV preferidos. Incluye el montaje del espejo TV y una carcasa extra delgada de 1.3\" para TVs de hasta 98 pulgadas.","og_url":"https:\/\/evervue.com.pa\/tienda\/producto\/mirrorvue-de-tamano-personalizado\/","og_site_name":"Evervue Am\u00e9ricas S.A.","article_modified_time":"2026-03-03T06:57:56+00:00","og_image":[{"width":1000,"height":1000,"url":"https:\/\/evervue.com.pa\/tienda\/wp-content\/uploads\/custom-mirror.gif","type":"image\/gif"}],"twitter_card":"summary_large_image","twitter_misc":{"Tiempo de lectura":"1 minuto"},"schema":{"@context":"https:\/\/schema.org","@graph":[{"@type":"WebPage","@id":"https:\/\/evervue.com.pa\/tienda\/producto\/mirrorvue-de-tamano-personalizado\/","url":"https:\/\/evervue.com.pa\/tienda\/producto\/mirrorvue-de-tamano-personalizado\/","name":"MirrorVue de Tama\u00f1o Personalizado | Evervue Am\u00e9ricas S.A.","isPartOf":{"@id":"https:\/\/evervue.com.pa\/tienda\/#website"},"primaryImageOfPage":{"@id":"https:\/\/evervue.com.pa\/tienda\/producto\/mirrorvue-de-tamano-personalizado\/#primaryimage"},"image":{"@id":"https:\/\/evervue.com.pa\/tienda\/producto\/mirrorvue-de-tamano-personalizado\/#primaryimage"},"thumbnailUrl":"https:\/\/evervue.com.pa\/tienda\/wp-content\/uploads\/custom-mirror.gif","datePublished":"2026-02-18T07:57:43+00:00","dateModified":"2026-03-03T06:57:56+00:00","description":"Compra el Espejo TV MirrorVue Personalizado. Ingresa tu longitud, altura y tama\u00f1o de TV preferidos. Incluye el montaje del espejo TV y una carcasa extra delgada de 1.3\" para TVs de hasta 98 pulgadas.","breadcrumb":{"@id":"https:\/\/evervue.com.pa\/tienda\/producto\/mirrorvue-de-tamano-personalizado\/#breadcrumb"},"inLanguage":"es","potentialAction":[{"@type":"ReadAction","target":["https:\/\/evervue.com.pa\/tienda\/producto\/mirrorvue-de-tamano-personalizado\/"]}]},{"@type":"ImageObject","inLanguage":"es","@id":"https:\/\/evervue.com.pa\/tienda\/producto\/mirrorvue-de-tamano-personalizado\/#primaryimage","url":"https:\/\/evervue.com.pa\/tienda\/wp-content\/uploads\/custom-mirror.gif","contentUrl":"https:\/\/evervue.com.pa\/tienda\/wp-content\/uploads\/custom-mirror.gif","width":1000,"height":1000},{"@type":"BreadcrumbList","@id":"https:\/\/evervue.com.pa\/tienda\/producto\/mirrorvue-de-tamano-personalizado\/#breadcrumb","itemListElement":[{"@type":"ListItem","position":1,"name":"Home","item":"https:\/\/evervue.com.pa\/tienda\/"},{"@type":"ListItem","position":2,"name":"Comprar","item":"https:\/\/evervue.com.pa\/tienda\/store\/"},{"@type":"ListItem","position":3,"name":"MirrorVue de Tama\u00f1o Personalizado"}]},{"@type":"WebSite","@id":"https:\/\/evervue.com.pa\/tienda\/#website","url":"https:\/\/evervue.com.pa\/tienda\/","name":"Evervue Am\u00e9ricas S.A.","description":"","potentialAction":[{"@type":"SearchAction","target":{"@type":"EntryPoint","urlTemplate":"https:\/\/evervue.com.pa\/tienda\/?s={search_term_string}"},"query-input":{"@type":"PropertyValueSpecification","valueRequired":true,"valueName":"search_term_string"}}],"inLanguage":"es"}]}},"_links":{"self":[{"href":"https:\/\/evervue.com.pa\/tienda\/wp-json\/wp\/v2\/product\/198","targetHints":{"allow":["GET"]}}],"collection":[{"href":"https:\/\/evervue.com.pa\/tienda\/wp-json\/wp\/v2\/product"}],"about":[{"href":"https:\/\/evervue.com.pa\/tienda\/wp-json\/wp\/v2\/types\/product"}],"replies":[{"embeddable":true,"href":"https:\/\/evervue.com.pa\/tienda\/wp-json\/wp\/v2\/comments?post=198"}],"wp:featuredmedia":[{"embeddable":true,"href":"https:\/\/evervue.com.pa\/tienda\/wp-json\/wp\/v2\/media\/268"}],"wp:attachment":[{"href":"https:\/\/evervue.com.pa\/tienda\/wp-json\/wp\/v2\/media?parent=198"}],"wp:term":[{"taxonomy":"product_brand","embeddable":true,"href":"https:\/\/evervue.com.pa\/tienda\/wp-json\/wp\/v2\/product_brand?post=198"},{"taxonomy":"product_cat","embeddable":true,"href":"https:\/\/evervue.com.pa\/tienda\/wp-json\/wp\/v2\/product_cat?post=198"},{"taxonomy":"product_tag","embeddable":true,"href":"https:\/\/evervue.com.pa\/tienda\/wp-json\/wp\/v2\/product_tag?post=198"}],"curies":[{"name":"wp","href":"https:\/\/api.w.org\/{rel}","templated":true}]}}