{"id":199,"date":"2026-02-18T07:57:43","date_gmt":"2026-02-18T07:57:43","guid":{"rendered":"https:\/\/catfiesta.com\/evstorepa\/?post_type=product&#038;p=199"},"modified":"2026-03-02T07:59:28","modified_gmt":"2026-03-02T07:59:28","slug":"tamano-estandar-de-mirrorvue-para-lavabos-individuales","status":"publish","type":"product","link":"https:\/\/evervue.com.pa\/tienda\/producto\/tamano-estandar-de-mirrorvue-para-lavabos-individuales\/","title":{"rendered":"Tama\u00f1o Est\u00e1ndar de MirrorVue Para Lavabos Individuales"},"content":{"rendered":"","protected":false},"excerpt":{"rendered":"<p>MirrorVue Tama\u00f1os Est\u00e1ndar para Lavabos Individuales. Mejora tu ba\u00f1o con un Espejo TV Inteligente. Pedido f\u00e1cil, entrega r\u00e1pida y pol\u00edtica de devoluci\u00f3n sencilla de 7 d\u00edas (solo EE. UU. y Canad\u00e1).<\/p>\n<ul>\n<li>Completo y listo para colgar en la pared y usar.<\/li>\n<li>Televisor que desaparece completamente.<\/li>\n<li>Solo 1.5\u201d \/ 38mm de grosor (incluyendo el espejo).<\/li>\n<li>Compatible con la aplicaci\u00f3n Mirror Feeds. <a href=\"https:\/\/www.mirrorfeeds.com\/\" target=\"_blank\" rel=\"noopener noreferrer\">\u00bfQu\u00e9 es esto?<\/a><\/li>\n<li>F\u00e1cil de ordenar en l\u00ednea.<\/li>\n<\/ul>\n<p>Equipado est\u00e1ndar con:<\/p>\n<ul>\n<li>Smart TV y acceso a Internet.<\/li>\n<li>Aplicaci\u00f3n de Espejo Inteligente.<\/li>\n<li>Wi-Fi \/ LAN.<\/li>\n<li>Botones t\u00e1ctiles invisibles (control de TV).<\/li>\n<li>Altavoces integrados.<\/li>\n<li>Control remoto Zepp con soporte de ventosa.<\/li>\n<\/ul>\n<p>Haz clic <a href=\"https:\/\/www.mirrorvue.com\/\" target=\"_blank\" rel=\"noopener noreferrer\">aqu\u00ed<\/a> para obtener m\u00e1s informaci\u00f3n sobre este producto.<\/p>\n","protected":false},"featured_media":277,"comment_status":"closed","ping_status":"closed","template":"","meta":[],"product_brand":[],"product_cat":[31],"product_tag":[],"class_list":{"0":"post-199","1":"product","2":"type-product","3":"status-publish","4":"has-post-thumbnail","6":"product_cat-mirrorvue-mirror-tv","7":"tm-has-options","9":"first","10":"instock","11":"featured","12":"taxable","13":"shipping-taxable","14":"purchasable","15":"product-type-simple"},"yoast_head":"<!-- This site is optimized with the Yoast SEO plugin v27.4 - https:\/\/yoast.com\/product\/yoast-seo-wordpress\/ -->\n<title>Tama\u00f1o Est\u00e1ndar de MirrorVue Para Lavabos Individuales | Evervue Am\u00e9ricas S.A.<\/title>\n<meta name=\"description\" content=\"Compra el Espejo MirrorVue de Tama\u00f1o Est\u00e1ndar para Lavabo Individual. Un televisor que desaparece completamente, listo para colgar en la pared y usar. Compatible con Wifi y Bluetooth, con altavoces integrados.\" \/>\n<meta name=\"robots\" content=\"index, follow, max-snippet:-1, max-image-preview:large, max-video-preview:-1\" \/>\n<link rel=\"canonical\" href=\"https:\/\/evervue.com.pa\/tienda\/producto\/tamano-estandar-de-mirrorvue-para-lavabos-individuales\/\" \/>\n<meta property=\"og:locale\" content=\"es_ES\" \/>\n<meta property=\"og:type\" content=\"article\" \/>\n<meta property=\"og:title\" content=\"Tama\u00f1o Est\u00e1ndar de MirrorVue Para Lavabos Individuales | Evervue Am\u00e9ricas S.A.\" \/>\n<meta property=\"og:description\" content=\"Compra el Espejo MirrorVue de Tama\u00f1o Est\u00e1ndar para Lavabo Individual. Un televisor que desaparece completamente, listo para colgar en la pared y usar. Compatible con Wifi y Bluetooth, con altavoces integrados.\" \/>\n<meta property=\"og:url\" content=\"https:\/\/evervue.com.pa\/tienda\/producto\/tamano-estandar-de-mirrorvue-para-lavabos-individuales\/\" \/>\n<meta property=\"og:site_name\" content=\"Evervue Am\u00e9ricas S.A.\" \/>\n<meta property=\"article:modified_time\" content=\"2026-03-02T07:59:28+00:00\" \/>\n<meta property=\"og:image\" content=\"https:\/\/evervue.com.pa\/tienda\/wp-content\/uploads\/mirrorvue-single-sink.webp\" \/>\n\t<meta property=\"og:image:width\" content=\"1000\" \/>\n\t<meta property=\"og:image:height\" content=\"1000\" \/>\n\t<meta property=\"og:image:type\" content=\"image\/webp\" \/>\n<meta name=\"twitter:card\" content=\"summary_large_image\" \/>\n<meta name=\"twitter:label1\" content=\"Tiempo de lectura\" \/>\n\t<meta name=\"twitter:data1\" content=\"1 minuto\" \/>\n<script type=\"application\/ld+json\" class=\"yoast-schema-graph\">{\"@context\":\"https:\\\/\\\/schema.org\",\"@graph\":[{\"@type\":\"WebPage\",\"@id\":\"https:\\\/\\\/evervue.com.pa\\\/tienda\\\/producto\\\/tamano-estandar-de-mirrorvue-para-lavabos-individuales\\\/\",\"url\":\"https:\\\/\\\/evervue.com.pa\\\/tienda\\\/producto\\\/tamano-estandar-de-mirrorvue-para-lavabos-individuales\\\/\",\"name\":\"Tama\u00f1o Est\u00e1ndar de MirrorVue Para Lavabos Individuales | Evervue Am\u00e9ricas S.A.\",\"isPartOf\":{\"@id\":\"https:\\\/\\\/evervue.com.pa\\\/tienda\\\/#website\"},\"primaryImageOfPage\":{\"@id\":\"https:\\\/\\\/evervue.com.pa\\\/tienda\\\/producto\\\/tamano-estandar-de-mirrorvue-para-lavabos-individuales\\\/#primaryimage\"},\"image\":{\"@id\":\"https:\\\/\\\/evervue.com.pa\\\/tienda\\\/producto\\\/tamano-estandar-de-mirrorvue-para-lavabos-individuales\\\/#primaryimage\"},\"thumbnailUrl\":\"https:\\\/\\\/evervue.com.pa\\\/tienda\\\/wp-content\\\/uploads\\\/mirrorvue-single-sink.webp\",\"datePublished\":\"2026-02-18T07:57:43+00:00\",\"dateModified\":\"2026-03-02T07:59:28+00:00\",\"description\":\"Compra el Espejo MirrorVue de Tama\u00f1o Est\u00e1ndar para Lavabo Individual. Un televisor que desaparece completamente, listo para colgar en la pared y usar. Compatible con Wifi y Bluetooth, con altavoces integrados.\",\"breadcrumb\":{\"@id\":\"https:\\\/\\\/evervue.com.pa\\\/tienda\\\/producto\\\/tamano-estandar-de-mirrorvue-para-lavabos-individuales\\\/#breadcrumb\"},\"inLanguage\":\"es\",\"potentialAction\":[{\"@type\":\"ReadAction\",\"target\":[\"https:\\\/\\\/evervue.com.pa\\\/tienda\\\/producto\\\/tamano-estandar-de-mirrorvue-para-lavabos-individuales\\\/\"]}]},{\"@type\":\"ImageObject\",\"inLanguage\":\"es\",\"@id\":\"https:\\\/\\\/evervue.com.pa\\\/tienda\\\/producto\\\/tamano-estandar-de-mirrorvue-para-lavabos-individuales\\\/#primaryimage\",\"url\":\"https:\\\/\\\/evervue.com.pa\\\/tienda\\\/wp-content\\\/uploads\\\/mirrorvue-single-sink.webp\",\"contentUrl\":\"https:\\\/\\\/evervue.com.pa\\\/tienda\\\/wp-content\\\/uploads\\\/mirrorvue-single-sink.webp\",\"width\":1000,\"height\":1000},{\"@type\":\"BreadcrumbList\",\"@id\":\"https:\\\/\\\/evervue.com.pa\\\/tienda\\\/producto\\\/tamano-estandar-de-mirrorvue-para-lavabos-individuales\\\/#breadcrumb\",\"itemListElement\":[{\"@type\":\"ListItem\",\"position\":1,\"name\":\"Home\",\"item\":\"https:\\\/\\\/evervue.com.pa\\\/tienda\\\/\"},{\"@type\":\"ListItem\",\"position\":2,\"name\":\"Comprar\",\"item\":\"https:\\\/\\\/evervue.com.pa\\\/tienda\\\/store\\\/\"},{\"@type\":\"ListItem\",\"position\":3,\"name\":\"Tama\u00f1o Est\u00e1ndar de MirrorVue Para Lavabos Individuales\"}]},{\"@type\":\"WebSite\",\"@id\":\"https:\\\/\\\/evervue.com.pa\\\/tienda\\\/#website\",\"url\":\"https:\\\/\\\/evervue.com.pa\\\/tienda\\\/\",\"name\":\"Evervue Am\u00e9ricas S.A.\",\"description\":\"\",\"potentialAction\":[{\"@type\":\"SearchAction\",\"target\":{\"@type\":\"EntryPoint\",\"urlTemplate\":\"https:\\\/\\\/evervue.com.pa\\\/tienda\\\/?s={search_term_string}\"},\"query-input\":{\"@type\":\"PropertyValueSpecification\",\"valueRequired\":true,\"valueName\":\"search_term_string\"}}],\"inLanguage\":\"es\"}]}<\/script>\n<!-- \/ Yoast SEO plugin. -->","yoast_head_json":{"title":"Tama\u00f1o Est\u00e1ndar de MirrorVue Para Lavabos Individuales | Evervue Am\u00e9ricas S.A.","description":"Compra el Espejo MirrorVue de Tama\u00f1o Est\u00e1ndar para Lavabo Individual. Un televisor que desaparece completamente, listo para colgar en la pared y usar. Compatible con Wifi y Bluetooth, con altavoces integrados.","robots":{"index":"index","follow":"follow","max-snippet":"max-snippet:-1","max-image-preview":"max-image-preview:large","max-video-preview":"max-video-preview:-1"},"canonical":"https:\/\/evervue.com.pa\/tienda\/producto\/tamano-estandar-de-mirrorvue-para-lavabos-individuales\/","og_locale":"es_ES","og_type":"article","og_title":"Tama\u00f1o Est\u00e1ndar de MirrorVue Para Lavabos Individuales | Evervue Am\u00e9ricas S.A.","og_description":"Compra el Espejo MirrorVue de Tama\u00f1o Est\u00e1ndar para Lavabo Individual. Un televisor que desaparece completamente, listo para colgar en la pared y usar. Compatible con Wifi y Bluetooth, con altavoces integrados.","og_url":"https:\/\/evervue.com.pa\/tienda\/producto\/tamano-estandar-de-mirrorvue-para-lavabos-individuales\/","og_site_name":"Evervue Am\u00e9ricas S.A.","article_modified_time":"2026-03-02T07:59:28+00:00","og_image":[{"width":1000,"height":1000,"url":"https:\/\/evervue.com.pa\/tienda\/wp-content\/uploads\/mirrorvue-single-sink.webp","type":"image\/webp"}],"twitter_card":"summary_large_image","twitter_misc":{"Tiempo de lectura":"1 minuto"},"schema":{"@context":"https:\/\/schema.org","@graph":[{"@type":"WebPage","@id":"https:\/\/evervue.com.pa\/tienda\/producto\/tamano-estandar-de-mirrorvue-para-lavabos-individuales\/","url":"https:\/\/evervue.com.pa\/tienda\/producto\/tamano-estandar-de-mirrorvue-para-lavabos-individuales\/","name":"Tama\u00f1o Est\u00e1ndar de MirrorVue Para Lavabos Individuales | Evervue Am\u00e9ricas S.A.","isPartOf":{"@id":"https:\/\/evervue.com.pa\/tienda\/#website"},"primaryImageOfPage":{"@id":"https:\/\/evervue.com.pa\/tienda\/producto\/tamano-estandar-de-mirrorvue-para-lavabos-individuales\/#primaryimage"},"image":{"@id":"https:\/\/evervue.com.pa\/tienda\/producto\/tamano-estandar-de-mirrorvue-para-lavabos-individuales\/#primaryimage"},"thumbnailUrl":"https:\/\/evervue.com.pa\/tienda\/wp-content\/uploads\/mirrorvue-single-sink.webp","datePublished":"2026-02-18T07:57:43+00:00","dateModified":"2026-03-02T07:59:28+00:00","description":"Compra el Espejo MirrorVue de Tama\u00f1o Est\u00e1ndar para Lavabo Individual. Un televisor que desaparece completamente, listo para colgar en la pared y usar. Compatible con Wifi y Bluetooth, con altavoces integrados.","breadcrumb":{"@id":"https:\/\/evervue.com.pa\/tienda\/producto\/tamano-estandar-de-mirrorvue-para-lavabos-individuales\/#breadcrumb"},"inLanguage":"es","potentialAction":[{"@type":"ReadAction","target":["https:\/\/evervue.com.pa\/tienda\/producto\/tamano-estandar-de-mirrorvue-para-lavabos-individuales\/"]}]},{"@type":"ImageObject","inLanguage":"es","@id":"https:\/\/evervue.com.pa\/tienda\/producto\/tamano-estandar-de-mirrorvue-para-lavabos-individuales\/#primaryimage","url":"https:\/\/evervue.com.pa\/tienda\/wp-content\/uploads\/mirrorvue-single-sink.webp","contentUrl":"https:\/\/evervue.com.pa\/tienda\/wp-content\/uploads\/mirrorvue-single-sink.webp","width":1000,"height":1000},{"@type":"BreadcrumbList","@id":"https:\/\/evervue.com.pa\/tienda\/producto\/tamano-estandar-de-mirrorvue-para-lavabos-individuales\/#breadcrumb","itemListElement":[{"@type":"ListItem","position":1,"name":"Home","item":"https:\/\/evervue.com.pa\/tienda\/"},{"@type":"ListItem","position":2,"name":"Comprar","item":"https:\/\/evervue.com.pa\/tienda\/store\/"},{"@type":"ListItem","position":3,"name":"Tama\u00f1o Est\u00e1ndar de MirrorVue Para Lavabos Individuales"}]},{"@type":"WebSite","@id":"https:\/\/evervue.com.pa\/tienda\/#website","url":"https:\/\/evervue.com.pa\/tienda\/","name":"Evervue Am\u00e9ricas S.A.","description":"","potentialAction":[{"@type":"SearchAction","target":{"@type":"EntryPoint","urlTemplate":"https:\/\/evervue.com.pa\/tienda\/?s={search_term_string}"},"query-input":{"@type":"PropertyValueSpecification","valueRequired":true,"valueName":"search_term_string"}}],"inLanguage":"es"}]}},"_links":{"self":[{"href":"https:\/\/evervue.com.pa\/tienda\/wp-json\/wp\/v2\/product\/199","targetHints":{"allow":["GET"]}}],"collection":[{"href":"https:\/\/evervue.com.pa\/tienda\/wp-json\/wp\/v2\/product"}],"about":[{"href":"https:\/\/evervue.com.pa\/tienda\/wp-json\/wp\/v2\/types\/product"}],"replies":[{"embeddable":true,"href":"https:\/\/evervue.com.pa\/tienda\/wp-json\/wp\/v2\/comments?post=199"}],"wp:featuredmedia":[{"embeddable":true,"href":"https:\/\/evervue.com.pa\/tienda\/wp-json\/wp\/v2\/media\/277"}],"wp:attachment":[{"href":"https:\/\/evervue.com.pa\/tienda\/wp-json\/wp\/v2\/media?parent=199"}],"wp:term":[{"taxonomy":"product_brand","embeddable":true,"href":"https:\/\/evervue.com.pa\/tienda\/wp-json\/wp\/v2\/product_brand?post=199"},{"taxonomy":"product_cat","embeddable":true,"href":"https:\/\/evervue.com.pa\/tienda\/wp-json\/wp\/v2\/product_cat?post=199"},{"taxonomy":"product_tag","embeddable":true,"href":"https:\/\/evervue.com.pa\/tienda\/wp-json\/wp\/v2\/product_tag?post=199"}],"curies":[{"name":"wp","href":"https:\/\/api.w.org\/{rel}","templated":true}]}}