{"id":493,"date":"2026-02-19T09:13:43","date_gmt":"2026-02-19T09:13:43","guid":{"rendered":"https:\/\/catfiesta.com\/evstorepa\/?post_type=product&#038;p=493"},"modified":"2026-02-19T09:22:28","modified_gmt":"2026-02-19T09:22:28","slug":"actualizacion-a-android-smart-tv","status":"publish","type":"product","link":"https:\/\/evervue.com.pa\/tienda\/producto\/actualizacion-a-android-smart-tv\/","title":{"rendered":"Actualizaci\u00f3n a Android Smart TV"},"content":{"rendered":"","protected":false},"excerpt":{"rendered":"<p>Actualiza tu TV Evervue al Android TV m\u00e1s reciente.<\/p>\n<ul>\n<li>Simplemente reemplaza la caja de TV ubicada en la parte trasera de tu producto Evervue y disfruta de las \u00faltimas actualizaciones de Android.<\/li>\n<li>Actualizaci\u00f3n disponible para todos los Smart TV de ba\u00f1o Ocea PRO, el espejo TV MirrorVue, QAIO The Smarter Mirror, DecoVue Smart TV con marco, CabiTV CT-100 y CT-200, Cosmos Outdoor TV, Cinema Smart TV y Spectrum Smart TV. (El TV de ba\u00f1o Ocea Style no puede aprovechar esta actualizaci\u00f3n de Android).<\/li>\n<li>Adecuado para los productos mencionados anteriormente y debe haber sido enviado despu\u00e9s de 2015. Si no est\u00e1s seguro de que tu producto Evervue califique para una actualizaci\u00f3n a Android TV, por favor cont\u00e1ctanos.<\/li>\n<\/ul>\n<p>&nbsp;<\/p>\n","protected":false},"featured_media":506,"comment_status":"closed","ping_status":"closed","template":"","meta":[],"product_brand":[],"product_cat":[36],"product_tag":[],"class_list":{"0":"post-493","1":"product","2":"type-product","3":"status-publish","4":"has-post-thumbnail","6":"product_cat-accesorios","7":"tm-has-options","9":"first","10":"instock","11":"taxable","12":"shipping-taxable","13":"purchasable","14":"product-type-simple"},"yoast_head":"<!-- This site is optimized with the Yoast SEO plugin v27.4 - https:\/\/yoast.com\/product\/yoast-seo-wordpress\/ -->\n<title>Actualizaci\u00f3n a Android Smart TV | Evervue Am\u00e9ricas S.A.<\/title>\n<meta name=\"description\" content=\"Actualiza tu TV Evervue al Android TV m\u00e1s reciente.\" \/>\n<meta name=\"robots\" content=\"index, follow, max-snippet:-1, max-image-preview:large, max-video-preview:-1\" \/>\n<link rel=\"canonical\" href=\"https:\/\/evervue.com.pa\/tienda\/producto\/actualizacion-a-android-smart-tv\/\" \/>\n<meta property=\"og:locale\" content=\"es_ES\" \/>\n<meta property=\"og:type\" content=\"article\" \/>\n<meta property=\"og:title\" content=\"Actualizaci\u00f3n a Android Smart TV | Evervue Am\u00e9ricas S.A.\" \/>\n<meta property=\"og:description\" content=\"Actualiza tu TV Evervue al Android TV m\u00e1s reciente.\" \/>\n<meta property=\"og:url\" content=\"https:\/\/evervue.com.pa\/tienda\/producto\/actualizacion-a-android-smart-tv\/\" \/>\n<meta property=\"og:site_name\" content=\"Evervue Am\u00e9ricas S.A.\" \/>\n<meta property=\"article:modified_time\" content=\"2026-02-19T09:22:28+00:00\" \/>\n<meta property=\"og:image\" content=\"https:\/\/evervue.com.pa\/tienda\/wp-content\/uploads\/android-tv.webp\" \/>\n\t<meta property=\"og:image:width\" content=\"900\" \/>\n\t<meta property=\"og:image:height\" content=\"900\" \/>\n\t<meta property=\"og:image:type\" content=\"image\/webp\" \/>\n<meta name=\"twitter:card\" content=\"summary_large_image\" \/>\n<meta name=\"twitter:label1\" content=\"Tiempo de lectura\" \/>\n\t<meta name=\"twitter:data1\" content=\"1 minuto\" \/>\n<script type=\"application\/ld+json\" class=\"yoast-schema-graph\">{\"@context\":\"https:\\\/\\\/schema.org\",\"@graph\":[{\"@type\":\"WebPage\",\"@id\":\"https:\\\/\\\/evervue.com.pa\\\/tienda\\\/producto\\\/actualizacion-a-android-smart-tv\\\/\",\"url\":\"https:\\\/\\\/evervue.com.pa\\\/tienda\\\/producto\\\/actualizacion-a-android-smart-tv\\\/\",\"name\":\"Actualizaci\u00f3n a Android Smart TV | Evervue Am\u00e9ricas S.A.\",\"isPartOf\":{\"@id\":\"https:\\\/\\\/evervue.com.pa\\\/tienda\\\/#website\"},\"primaryImageOfPage\":{\"@id\":\"https:\\\/\\\/evervue.com.pa\\\/tienda\\\/producto\\\/actualizacion-a-android-smart-tv\\\/#primaryimage\"},\"image\":{\"@id\":\"https:\\\/\\\/evervue.com.pa\\\/tienda\\\/producto\\\/actualizacion-a-android-smart-tv\\\/#primaryimage\"},\"thumbnailUrl\":\"https:\\\/\\\/evervue.com.pa\\\/tienda\\\/wp-content\\\/uploads\\\/android-tv.webp\",\"datePublished\":\"2026-02-19T09:13:43+00:00\",\"dateModified\":\"2026-02-19T09:22:28+00:00\",\"description\":\"Actualiza tu TV Evervue al Android TV m\u00e1s reciente.\",\"breadcrumb\":{\"@id\":\"https:\\\/\\\/evervue.com.pa\\\/tienda\\\/producto\\\/actualizacion-a-android-smart-tv\\\/#breadcrumb\"},\"inLanguage\":\"es\",\"potentialAction\":[{\"@type\":\"ReadAction\",\"target\":[\"https:\\\/\\\/evervue.com.pa\\\/tienda\\\/producto\\\/actualizacion-a-android-smart-tv\\\/\"]}]},{\"@type\":\"ImageObject\",\"inLanguage\":\"es\",\"@id\":\"https:\\\/\\\/evervue.com.pa\\\/tienda\\\/producto\\\/actualizacion-a-android-smart-tv\\\/#primaryimage\",\"url\":\"https:\\\/\\\/evervue.com.pa\\\/tienda\\\/wp-content\\\/uploads\\\/android-tv.webp\",\"contentUrl\":\"https:\\\/\\\/evervue.com.pa\\\/tienda\\\/wp-content\\\/uploads\\\/android-tv.webp\",\"width\":900,\"height\":900},{\"@type\":\"BreadcrumbList\",\"@id\":\"https:\\\/\\\/evervue.com.pa\\\/tienda\\\/producto\\\/actualizacion-a-android-smart-tv\\\/#breadcrumb\",\"itemListElement\":[{\"@type\":\"ListItem\",\"position\":1,\"name\":\"Home\",\"item\":\"https:\\\/\\\/evervue.com.pa\\\/tienda\\\/\"},{\"@type\":\"ListItem\",\"position\":2,\"name\":\"Comprar\",\"item\":\"https:\\\/\\\/evervue.com.pa\\\/tienda\\\/store\\\/\"},{\"@type\":\"ListItem\",\"position\":3,\"name\":\"Actualizaci\u00f3n a Android Smart TV\"}]},{\"@type\":\"WebSite\",\"@id\":\"https:\\\/\\\/evervue.com.pa\\\/tienda\\\/#website\",\"url\":\"https:\\\/\\\/evervue.com.pa\\\/tienda\\\/\",\"name\":\"Evervue Am\u00e9ricas S.A.\",\"description\":\"\",\"potentialAction\":[{\"@type\":\"SearchAction\",\"target\":{\"@type\":\"EntryPoint\",\"urlTemplate\":\"https:\\\/\\\/evervue.com.pa\\\/tienda\\\/?s={search_term_string}\"},\"query-input\":{\"@type\":\"PropertyValueSpecification\",\"valueRequired\":true,\"valueName\":\"search_term_string\"}}],\"inLanguage\":\"es\"}]}<\/script>\n<!-- \/ Yoast SEO plugin. -->","yoast_head_json":{"title":"Actualizaci\u00f3n a Android Smart TV | Evervue Am\u00e9ricas S.A.","description":"Actualiza tu TV Evervue al Android TV m\u00e1s reciente.","robots":{"index":"index","follow":"follow","max-snippet":"max-snippet:-1","max-image-preview":"max-image-preview:large","max-video-preview":"max-video-preview:-1"},"canonical":"https:\/\/evervue.com.pa\/tienda\/producto\/actualizacion-a-android-smart-tv\/","og_locale":"es_ES","og_type":"article","og_title":"Actualizaci\u00f3n a Android Smart TV | Evervue Am\u00e9ricas S.A.","og_description":"Actualiza tu TV Evervue al Android TV m\u00e1s reciente.","og_url":"https:\/\/evervue.com.pa\/tienda\/producto\/actualizacion-a-android-smart-tv\/","og_site_name":"Evervue Am\u00e9ricas S.A.","article_modified_time":"2026-02-19T09:22:28+00:00","og_image":[{"width":900,"height":900,"url":"https:\/\/evervue.com.pa\/tienda\/wp-content\/uploads\/android-tv.webp","type":"image\/webp"}],"twitter_card":"summary_large_image","twitter_misc":{"Tiempo de lectura":"1 minuto"},"schema":{"@context":"https:\/\/schema.org","@graph":[{"@type":"WebPage","@id":"https:\/\/evervue.com.pa\/tienda\/producto\/actualizacion-a-android-smart-tv\/","url":"https:\/\/evervue.com.pa\/tienda\/producto\/actualizacion-a-android-smart-tv\/","name":"Actualizaci\u00f3n a Android Smart TV | Evervue Am\u00e9ricas S.A.","isPartOf":{"@id":"https:\/\/evervue.com.pa\/tienda\/#website"},"primaryImageOfPage":{"@id":"https:\/\/evervue.com.pa\/tienda\/producto\/actualizacion-a-android-smart-tv\/#primaryimage"},"image":{"@id":"https:\/\/evervue.com.pa\/tienda\/producto\/actualizacion-a-android-smart-tv\/#primaryimage"},"thumbnailUrl":"https:\/\/evervue.com.pa\/tienda\/wp-content\/uploads\/android-tv.webp","datePublished":"2026-02-19T09:13:43+00:00","dateModified":"2026-02-19T09:22:28+00:00","description":"Actualiza tu TV Evervue al Android TV m\u00e1s reciente.","breadcrumb":{"@id":"https:\/\/evervue.com.pa\/tienda\/producto\/actualizacion-a-android-smart-tv\/#breadcrumb"},"inLanguage":"es","potentialAction":[{"@type":"ReadAction","target":["https:\/\/evervue.com.pa\/tienda\/producto\/actualizacion-a-android-smart-tv\/"]}]},{"@type":"ImageObject","inLanguage":"es","@id":"https:\/\/evervue.com.pa\/tienda\/producto\/actualizacion-a-android-smart-tv\/#primaryimage","url":"https:\/\/evervue.com.pa\/tienda\/wp-content\/uploads\/android-tv.webp","contentUrl":"https:\/\/evervue.com.pa\/tienda\/wp-content\/uploads\/android-tv.webp","width":900,"height":900},{"@type":"BreadcrumbList","@id":"https:\/\/evervue.com.pa\/tienda\/producto\/actualizacion-a-android-smart-tv\/#breadcrumb","itemListElement":[{"@type":"ListItem","position":1,"name":"Home","item":"https:\/\/evervue.com.pa\/tienda\/"},{"@type":"ListItem","position":2,"name":"Comprar","item":"https:\/\/evervue.com.pa\/tienda\/store\/"},{"@type":"ListItem","position":3,"name":"Actualizaci\u00f3n a Android Smart TV"}]},{"@type":"WebSite","@id":"https:\/\/evervue.com.pa\/tienda\/#website","url":"https:\/\/evervue.com.pa\/tienda\/","name":"Evervue Am\u00e9ricas S.A.","description":"","potentialAction":[{"@type":"SearchAction","target":{"@type":"EntryPoint","urlTemplate":"https:\/\/evervue.com.pa\/tienda\/?s={search_term_string}"},"query-input":{"@type":"PropertyValueSpecification","valueRequired":true,"valueName":"search_term_string"}}],"inLanguage":"es"}]}},"_links":{"self":[{"href":"https:\/\/evervue.com.pa\/tienda\/wp-json\/wp\/v2\/product\/493","targetHints":{"allow":["GET"]}}],"collection":[{"href":"https:\/\/evervue.com.pa\/tienda\/wp-json\/wp\/v2\/product"}],"about":[{"href":"https:\/\/evervue.com.pa\/tienda\/wp-json\/wp\/v2\/types\/product"}],"replies":[{"embeddable":true,"href":"https:\/\/evervue.com.pa\/tienda\/wp-json\/wp\/v2\/comments?post=493"}],"wp:featuredmedia":[{"embeddable":true,"href":"https:\/\/evervue.com.pa\/tienda\/wp-json\/wp\/v2\/media\/506"}],"wp:attachment":[{"href":"https:\/\/evervue.com.pa\/tienda\/wp-json\/wp\/v2\/media?parent=493"}],"wp:term":[{"taxonomy":"product_brand","embeddable":true,"href":"https:\/\/evervue.com.pa\/tienda\/wp-json\/wp\/v2\/product_brand?post=493"},{"taxonomy":"product_cat","embeddable":true,"href":"https:\/\/evervue.com.pa\/tienda\/wp-json\/wp\/v2\/product_cat?post=493"},{"taxonomy":"product_tag","embeddable":true,"href":"https:\/\/evervue.com.pa\/tienda\/wp-json\/wp\/v2\/product_tag?post=493"}],"curies":[{"name":"wp","href":"https:\/\/api.w.org\/{rel}","templated":true}]}}