{"id":496,"date":"2026-02-19T09:13:43","date_gmt":"2026-02-19T09:13:43","guid":{"rendered":"https:\/\/catfiesta.com\/evstorepa\/?post_type=product&#038;p=496"},"modified":"2026-03-05T03:08:24","modified_gmt":"2026-03-05T03:08:24","slug":"fuente-de-alimentacion-de-repuesto","status":"publish","type":"product","link":"https:\/\/evervue.com.pa\/tienda\/producto\/fuente-de-alimentacion-de-repuesto\/","title":{"rendered":"Fuente de Alimentaci\u00f3n de Repuesto"},"content":{"rendered":"","protected":false},"excerpt":{"rendered":"<p>Le recomendamos que pida fuentes de alimentaci\u00f3n de repuesto aqu\u00ed, para asegurar la compatibilidad con su producto Evervue. El uso de una fuente de alimentaci\u00f3n incorrecta puede da\u00f1ar el producto. Antes de conectar una nueva fuente de alimentaci\u00f3n, compruebe siempre si el voltaje de salida es el mismo que el de la fuente de alimentaci\u00f3n original.<\/p>\n","protected":false},"featured_media":509,"comment_status":"closed","ping_status":"closed","template":"","meta":[],"product_brand":[],"product_cat":[36],"product_tag":[],"class_list":{"0":"post-496","1":"product","2":"type-product","3":"status-publish","4":"has-post-thumbnail","6":"product_cat-accesorios","7":"tm-has-options","9":"first","10":"instock","11":"taxable","12":"shipping-taxable","13":"purchasable","14":"product-type-simple"},"yoast_head":"<!-- This site is optimized with the Yoast SEO plugin v27.4 - https:\/\/yoast.com\/product\/yoast-seo-wordpress\/ -->\n<title>Fuente de Alimentaci\u00f3n de Repuesto - Accesorios | Evervue Am\u00e9ricas S.A.<\/title>\n<meta name=\"description\" content=\"Comprar fuentes de alimentaci\u00f3n de repuesto para productos Evervue. Tienda a trav\u00e9s de las especificaciones de potencia en voltaje o amperios o elegir qu\u00e9 l\u00ednea de productos Evervue.\" \/>\n<meta name=\"robots\" content=\"index, follow, max-snippet:-1, max-image-preview:large, max-video-preview:-1\" \/>\n<link rel=\"canonical\" href=\"https:\/\/evervue.com.pa\/tienda\/producto\/fuente-de-alimentacion-de-repuesto\/\" \/>\n<meta property=\"og:locale\" content=\"es_ES\" \/>\n<meta property=\"og:type\" content=\"article\" \/>\n<meta property=\"og:title\" content=\"Fuente de Alimentaci\u00f3n de Repuesto - Accesorios | Evervue Am\u00e9ricas S.A.\" \/>\n<meta property=\"og:description\" content=\"Comprar fuentes de alimentaci\u00f3n de repuesto para productos Evervue. Tienda a trav\u00e9s de las especificaciones de potencia en voltaje o amperios o elegir qu\u00e9 l\u00ednea de productos Evervue.\" \/>\n<meta property=\"og:url\" content=\"https:\/\/evervue.com.pa\/tienda\/producto\/fuente-de-alimentacion-de-repuesto\/\" \/>\n<meta property=\"og:site_name\" content=\"Evervue Am\u00e9ricas S.A.\" \/>\n<meta property=\"article:modified_time\" content=\"2026-03-05T03:08:24+00:00\" \/>\n<meta property=\"og:image\" content=\"https:\/\/evervue.com.pa\/tienda\/wp-content\/uploads\/power-supply.webp\" \/>\n\t<meta property=\"og:image:width\" content=\"900\" \/>\n\t<meta property=\"og:image:height\" content=\"900\" \/>\n\t<meta property=\"og:image:type\" content=\"image\/webp\" \/>\n<meta name=\"twitter:card\" content=\"summary_large_image\" \/>\n<meta name=\"twitter:label1\" content=\"Tiempo de lectura\" \/>\n\t<meta name=\"twitter:data1\" content=\"1 minuto\" \/>\n<script type=\"application\/ld+json\" class=\"yoast-schema-graph\">{\"@context\":\"https:\\\/\\\/schema.org\",\"@graph\":[{\"@type\":\"WebPage\",\"@id\":\"https:\\\/\\\/evervue.com.pa\\\/tienda\\\/producto\\\/fuente-de-alimentacion-de-repuesto\\\/\",\"url\":\"https:\\\/\\\/evervue.com.pa\\\/tienda\\\/producto\\\/fuente-de-alimentacion-de-repuesto\\\/\",\"name\":\"Fuente de Alimentaci\u00f3n de Repuesto - Accesorios | Evervue Am\u00e9ricas S.A.\",\"isPartOf\":{\"@id\":\"https:\\\/\\\/evervue.com.pa\\\/tienda\\\/#website\"},\"primaryImageOfPage\":{\"@id\":\"https:\\\/\\\/evervue.com.pa\\\/tienda\\\/producto\\\/fuente-de-alimentacion-de-repuesto\\\/#primaryimage\"},\"image\":{\"@id\":\"https:\\\/\\\/evervue.com.pa\\\/tienda\\\/producto\\\/fuente-de-alimentacion-de-repuesto\\\/#primaryimage\"},\"thumbnailUrl\":\"https:\\\/\\\/evervue.com.pa\\\/tienda\\\/wp-content\\\/uploads\\\/power-supply.webp\",\"datePublished\":\"2026-02-19T09:13:43+00:00\",\"dateModified\":\"2026-03-05T03:08:24+00:00\",\"description\":\"Comprar fuentes de alimentaci\u00f3n de repuesto para productos Evervue. Tienda a trav\u00e9s de las especificaciones de potencia en voltaje o amperios o elegir qu\u00e9 l\u00ednea de productos Evervue.\",\"breadcrumb\":{\"@id\":\"https:\\\/\\\/evervue.com.pa\\\/tienda\\\/producto\\\/fuente-de-alimentacion-de-repuesto\\\/#breadcrumb\"},\"inLanguage\":\"es\",\"potentialAction\":[{\"@type\":\"ReadAction\",\"target\":[\"https:\\\/\\\/evervue.com.pa\\\/tienda\\\/producto\\\/fuente-de-alimentacion-de-repuesto\\\/\"]}]},{\"@type\":\"ImageObject\",\"inLanguage\":\"es\",\"@id\":\"https:\\\/\\\/evervue.com.pa\\\/tienda\\\/producto\\\/fuente-de-alimentacion-de-repuesto\\\/#primaryimage\",\"url\":\"https:\\\/\\\/evervue.com.pa\\\/tienda\\\/wp-content\\\/uploads\\\/power-supply.webp\",\"contentUrl\":\"https:\\\/\\\/evervue.com.pa\\\/tienda\\\/wp-content\\\/uploads\\\/power-supply.webp\",\"width\":900,\"height\":900},{\"@type\":\"BreadcrumbList\",\"@id\":\"https:\\\/\\\/evervue.com.pa\\\/tienda\\\/producto\\\/fuente-de-alimentacion-de-repuesto\\\/#breadcrumb\",\"itemListElement\":[{\"@type\":\"ListItem\",\"position\":1,\"name\":\"Home\",\"item\":\"https:\\\/\\\/evervue.com.pa\\\/tienda\\\/\"},{\"@type\":\"ListItem\",\"position\":2,\"name\":\"Comprar\",\"item\":\"https:\\\/\\\/evervue.com.pa\\\/tienda\\\/store\\\/\"},{\"@type\":\"ListItem\",\"position\":3,\"name\":\"Fuente de Alimentaci\u00f3n de Repuesto\"}]},{\"@type\":\"WebSite\",\"@id\":\"https:\\\/\\\/evervue.com.pa\\\/tienda\\\/#website\",\"url\":\"https:\\\/\\\/evervue.com.pa\\\/tienda\\\/\",\"name\":\"Evervue Am\u00e9ricas S.A.\",\"description\":\"\",\"potentialAction\":[{\"@type\":\"SearchAction\",\"target\":{\"@type\":\"EntryPoint\",\"urlTemplate\":\"https:\\\/\\\/evervue.com.pa\\\/tienda\\\/?s={search_term_string}\"},\"query-input\":{\"@type\":\"PropertyValueSpecification\",\"valueRequired\":true,\"valueName\":\"search_term_string\"}}],\"inLanguage\":\"es\"}]}<\/script>\n<!-- \/ Yoast SEO plugin. -->","yoast_head_json":{"title":"Fuente de Alimentaci\u00f3n de Repuesto - Accesorios | Evervue Am\u00e9ricas S.A.","description":"Comprar fuentes de alimentaci\u00f3n de repuesto para productos Evervue. Tienda a trav\u00e9s de las especificaciones de potencia en voltaje o amperios o elegir qu\u00e9 l\u00ednea de productos Evervue.","robots":{"index":"index","follow":"follow","max-snippet":"max-snippet:-1","max-image-preview":"max-image-preview:large","max-video-preview":"max-video-preview:-1"},"canonical":"https:\/\/evervue.com.pa\/tienda\/producto\/fuente-de-alimentacion-de-repuesto\/","og_locale":"es_ES","og_type":"article","og_title":"Fuente de Alimentaci\u00f3n de Repuesto - Accesorios | Evervue Am\u00e9ricas S.A.","og_description":"Comprar fuentes de alimentaci\u00f3n de repuesto para productos Evervue. Tienda a trav\u00e9s de las especificaciones de potencia en voltaje o amperios o elegir qu\u00e9 l\u00ednea de productos Evervue.","og_url":"https:\/\/evervue.com.pa\/tienda\/producto\/fuente-de-alimentacion-de-repuesto\/","og_site_name":"Evervue Am\u00e9ricas S.A.","article_modified_time":"2026-03-05T03:08:24+00:00","og_image":[{"width":900,"height":900,"url":"https:\/\/evervue.com.pa\/tienda\/wp-content\/uploads\/power-supply.webp","type":"image\/webp"}],"twitter_card":"summary_large_image","twitter_misc":{"Tiempo de lectura":"1 minuto"},"schema":{"@context":"https:\/\/schema.org","@graph":[{"@type":"WebPage","@id":"https:\/\/evervue.com.pa\/tienda\/producto\/fuente-de-alimentacion-de-repuesto\/","url":"https:\/\/evervue.com.pa\/tienda\/producto\/fuente-de-alimentacion-de-repuesto\/","name":"Fuente de Alimentaci\u00f3n de Repuesto - Accesorios | Evervue Am\u00e9ricas S.A.","isPartOf":{"@id":"https:\/\/evervue.com.pa\/tienda\/#website"},"primaryImageOfPage":{"@id":"https:\/\/evervue.com.pa\/tienda\/producto\/fuente-de-alimentacion-de-repuesto\/#primaryimage"},"image":{"@id":"https:\/\/evervue.com.pa\/tienda\/producto\/fuente-de-alimentacion-de-repuesto\/#primaryimage"},"thumbnailUrl":"https:\/\/evervue.com.pa\/tienda\/wp-content\/uploads\/power-supply.webp","datePublished":"2026-02-19T09:13:43+00:00","dateModified":"2026-03-05T03:08:24+00:00","description":"Comprar fuentes de alimentaci\u00f3n de repuesto para productos Evervue. Tienda a trav\u00e9s de las especificaciones de potencia en voltaje o amperios o elegir qu\u00e9 l\u00ednea de productos Evervue.","breadcrumb":{"@id":"https:\/\/evervue.com.pa\/tienda\/producto\/fuente-de-alimentacion-de-repuesto\/#breadcrumb"},"inLanguage":"es","potentialAction":[{"@type":"ReadAction","target":["https:\/\/evervue.com.pa\/tienda\/producto\/fuente-de-alimentacion-de-repuesto\/"]}]},{"@type":"ImageObject","inLanguage":"es","@id":"https:\/\/evervue.com.pa\/tienda\/producto\/fuente-de-alimentacion-de-repuesto\/#primaryimage","url":"https:\/\/evervue.com.pa\/tienda\/wp-content\/uploads\/power-supply.webp","contentUrl":"https:\/\/evervue.com.pa\/tienda\/wp-content\/uploads\/power-supply.webp","width":900,"height":900},{"@type":"BreadcrumbList","@id":"https:\/\/evervue.com.pa\/tienda\/producto\/fuente-de-alimentacion-de-repuesto\/#breadcrumb","itemListElement":[{"@type":"ListItem","position":1,"name":"Home","item":"https:\/\/evervue.com.pa\/tienda\/"},{"@type":"ListItem","position":2,"name":"Comprar","item":"https:\/\/evervue.com.pa\/tienda\/store\/"},{"@type":"ListItem","position":3,"name":"Fuente de Alimentaci\u00f3n de Repuesto"}]},{"@type":"WebSite","@id":"https:\/\/evervue.com.pa\/tienda\/#website","url":"https:\/\/evervue.com.pa\/tienda\/","name":"Evervue Am\u00e9ricas S.A.","description":"","potentialAction":[{"@type":"SearchAction","target":{"@type":"EntryPoint","urlTemplate":"https:\/\/evervue.com.pa\/tienda\/?s={search_term_string}"},"query-input":{"@type":"PropertyValueSpecification","valueRequired":true,"valueName":"search_term_string"}}],"inLanguage":"es"}]}},"_links":{"self":[{"href":"https:\/\/evervue.com.pa\/tienda\/wp-json\/wp\/v2\/product\/496","targetHints":{"allow":["GET"]}}],"collection":[{"href":"https:\/\/evervue.com.pa\/tienda\/wp-json\/wp\/v2\/product"}],"about":[{"href":"https:\/\/evervue.com.pa\/tienda\/wp-json\/wp\/v2\/types\/product"}],"replies":[{"embeddable":true,"href":"https:\/\/evervue.com.pa\/tienda\/wp-json\/wp\/v2\/comments?post=496"}],"wp:featuredmedia":[{"embeddable":true,"href":"https:\/\/evervue.com.pa\/tienda\/wp-json\/wp\/v2\/media\/509"}],"wp:attachment":[{"href":"https:\/\/evervue.com.pa\/tienda\/wp-json\/wp\/v2\/media?parent=496"}],"wp:term":[{"taxonomy":"product_brand","embeddable":true,"href":"https:\/\/evervue.com.pa\/tienda\/wp-json\/wp\/v2\/product_brand?post=496"},{"taxonomy":"product_cat","embeddable":true,"href":"https:\/\/evervue.com.pa\/tienda\/wp-json\/wp\/v2\/product_cat?post=496"},{"taxonomy":"product_tag","embeddable":true,"href":"https:\/\/evervue.com.pa\/tienda\/wp-json\/wp\/v2\/product_tag?post=496"}],"curies":[{"name":"wp","href":"https:\/\/api.w.org\/{rel}","templated":true}]}}