{"id":497,"date":"2026-02-19T09:13:43","date_gmt":"2026-02-19T09:13:43","guid":{"rendered":"https:\/\/catfiesta.com\/evstorepa\/?post_type=product&#038;p=497"},"modified":"2026-02-19T10:40:26","modified_gmt":"2026-02-19T10:40:26","slug":"cable-de-alimentacion-invisible","status":"publish","type":"product","link":"https:\/\/evervue.com.pa\/tienda\/producto\/cable-de-alimentacion-invisible\/","title":{"rendered":"Cable de Alimentaci\u00f3n Invisible"},"content":{"rendered":"","protected":false},"excerpt":{"rendered":"<ul>\n<li>Cable de alimentaci\u00f3n invisible de 20\u2019\/6 metros para Spectrum, DecoVue, Grand Mirrors y MirrorVue. Esta fuente de alimentaci\u00f3n es compatible \u00fanicamente con estos productos.<\/li>\n<li>Con\u00e9ctalo como un cable de alimentaci\u00f3n normal entre la fuente de alimentaci\u00f3n y el televisor.<\/li>\n<li>Nota: No se puede usar con electrodom\u00e9sticos de 110-220 voltios.<\/li>\n<\/ul>\n<p>&nbsp;<\/p>\n","protected":false},"featured_media":510,"comment_status":"closed","ping_status":"closed","template":"","meta":[],"product_brand":[],"product_cat":[36],"product_tag":[],"class_list":{"0":"post-497","1":"product","2":"type-product","3":"status-publish","4":"has-post-thumbnail","6":"product_cat-accesorios","7":"tm-has-options","9":"first","10":"instock","11":"taxable","12":"shipping-taxable","13":"purchasable","14":"product-type-simple"},"yoast_head":"<!-- This site is optimized with the Yoast SEO plugin v27.4 - https:\/\/yoast.com\/product\/yoast-seo-wordpress\/ -->\n<title>Cable de Alimentaci\u00f3n Invisible | Evervue Am\u00e9ricas S.A.<\/title>\n<meta name=\"description\" content=\"Compra el Cable de Alimentaci\u00f3n Invisible para Spectrum Smart TV Display. Obt\u00e9n un cable de alimentaci\u00f3n invisible de 20&#039;\/6 metros para Spectrum.\" \/>\n<meta name=\"robots\" content=\"index, follow, max-snippet:-1, max-image-preview:large, max-video-preview:-1\" \/>\n<link rel=\"canonical\" href=\"https:\/\/evervue.com.pa\/tienda\/producto\/cable-de-alimentacion-invisible\/\" \/>\n<meta property=\"og:locale\" content=\"es_ES\" \/>\n<meta property=\"og:type\" content=\"article\" \/>\n<meta property=\"og:title\" content=\"Cable de Alimentaci\u00f3n Invisible | Evervue Am\u00e9ricas S.A.\" \/>\n<meta property=\"og:description\" content=\"Compra el Cable de Alimentaci\u00f3n Invisible para Spectrum Smart TV Display. Obt\u00e9n un cable de alimentaci\u00f3n invisible de 20&#039;\/6 metros para Spectrum.\" \/>\n<meta property=\"og:url\" content=\"https:\/\/evervue.com.pa\/tienda\/producto\/cable-de-alimentacion-invisible\/\" \/>\n<meta property=\"og:site_name\" content=\"Evervue Am\u00e9ricas S.A.\" \/>\n<meta property=\"article:modified_time\" content=\"2026-02-19T10:40:26+00:00\" \/>\n<meta property=\"og:image\" content=\"https:\/\/evervue.com.pa\/tienda\/wp-content\/uploads\/invisible-power-cable.gif\" \/>\n\t<meta property=\"og:image:width\" content=\"1000\" \/>\n\t<meta property=\"og:image:height\" content=\"1000\" \/>\n\t<meta property=\"og:image:type\" content=\"image\/gif\" \/>\n<meta name=\"twitter:card\" content=\"summary_large_image\" \/>\n<meta name=\"twitter:label1\" content=\"Tiempo de lectura\" \/>\n\t<meta name=\"twitter:data1\" content=\"1 minuto\" \/>\n<script type=\"application\/ld+json\" class=\"yoast-schema-graph\">{\"@context\":\"https:\\\/\\\/schema.org\",\"@graph\":[{\"@type\":\"WebPage\",\"@id\":\"https:\\\/\\\/evervue.com.pa\\\/tienda\\\/producto\\\/cable-de-alimentacion-invisible\\\/\",\"url\":\"https:\\\/\\\/evervue.com.pa\\\/tienda\\\/producto\\\/cable-de-alimentacion-invisible\\\/\",\"name\":\"Cable de Alimentaci\u00f3n Invisible | Evervue Am\u00e9ricas S.A.\",\"isPartOf\":{\"@id\":\"https:\\\/\\\/evervue.com.pa\\\/tienda\\\/#website\"},\"primaryImageOfPage\":{\"@id\":\"https:\\\/\\\/evervue.com.pa\\\/tienda\\\/producto\\\/cable-de-alimentacion-invisible\\\/#primaryimage\"},\"image\":{\"@id\":\"https:\\\/\\\/evervue.com.pa\\\/tienda\\\/producto\\\/cable-de-alimentacion-invisible\\\/#primaryimage\"},\"thumbnailUrl\":\"https:\\\/\\\/evervue.com.pa\\\/tienda\\\/wp-content\\\/uploads\\\/invisible-power-cable.gif\",\"datePublished\":\"2026-02-19T09:13:43+00:00\",\"dateModified\":\"2026-02-19T10:40:26+00:00\",\"description\":\"Compra el Cable de Alimentaci\u00f3n Invisible para Spectrum Smart TV Display. Obt\u00e9n un cable de alimentaci\u00f3n invisible de 20'\\\/6 metros para Spectrum.\",\"breadcrumb\":{\"@id\":\"https:\\\/\\\/evervue.com.pa\\\/tienda\\\/producto\\\/cable-de-alimentacion-invisible\\\/#breadcrumb\"},\"inLanguage\":\"es\",\"potentialAction\":[{\"@type\":\"ReadAction\",\"target\":[\"https:\\\/\\\/evervue.com.pa\\\/tienda\\\/producto\\\/cable-de-alimentacion-invisible\\\/\"]}]},{\"@type\":\"ImageObject\",\"inLanguage\":\"es\",\"@id\":\"https:\\\/\\\/evervue.com.pa\\\/tienda\\\/producto\\\/cable-de-alimentacion-invisible\\\/#primaryimage\",\"url\":\"https:\\\/\\\/evervue.com.pa\\\/tienda\\\/wp-content\\\/uploads\\\/invisible-power-cable.gif\",\"contentUrl\":\"https:\\\/\\\/evervue.com.pa\\\/tienda\\\/wp-content\\\/uploads\\\/invisible-power-cable.gif\",\"width\":1000,\"height\":1000},{\"@type\":\"BreadcrumbList\",\"@id\":\"https:\\\/\\\/evervue.com.pa\\\/tienda\\\/producto\\\/cable-de-alimentacion-invisible\\\/#breadcrumb\",\"itemListElement\":[{\"@type\":\"ListItem\",\"position\":1,\"name\":\"Home\",\"item\":\"https:\\\/\\\/evervue.com.pa\\\/tienda\\\/\"},{\"@type\":\"ListItem\",\"position\":2,\"name\":\"Comprar\",\"item\":\"https:\\\/\\\/evervue.com.pa\\\/tienda\\\/store\\\/\"},{\"@type\":\"ListItem\",\"position\":3,\"name\":\"Cable de Alimentaci\u00f3n Invisible\"}]},{\"@type\":\"WebSite\",\"@id\":\"https:\\\/\\\/evervue.com.pa\\\/tienda\\\/#website\",\"url\":\"https:\\\/\\\/evervue.com.pa\\\/tienda\\\/\",\"name\":\"Evervue Am\u00e9ricas S.A.\",\"description\":\"\",\"potentialAction\":[{\"@type\":\"SearchAction\",\"target\":{\"@type\":\"EntryPoint\",\"urlTemplate\":\"https:\\\/\\\/evervue.com.pa\\\/tienda\\\/?s={search_term_string}\"},\"query-input\":{\"@type\":\"PropertyValueSpecification\",\"valueRequired\":true,\"valueName\":\"search_term_string\"}}],\"inLanguage\":\"es\"}]}<\/script>\n<!-- \/ Yoast SEO plugin. -->","yoast_head_json":{"title":"Cable de Alimentaci\u00f3n Invisible | Evervue Am\u00e9ricas S.A.","description":"Compra el Cable de Alimentaci\u00f3n Invisible para Spectrum Smart TV Display. Obt\u00e9n un cable de alimentaci\u00f3n invisible de 20'\/6 metros para Spectrum.","robots":{"index":"index","follow":"follow","max-snippet":"max-snippet:-1","max-image-preview":"max-image-preview:large","max-video-preview":"max-video-preview:-1"},"canonical":"https:\/\/evervue.com.pa\/tienda\/producto\/cable-de-alimentacion-invisible\/","og_locale":"es_ES","og_type":"article","og_title":"Cable de Alimentaci\u00f3n Invisible | Evervue Am\u00e9ricas S.A.","og_description":"Compra el Cable de Alimentaci\u00f3n Invisible para Spectrum Smart TV Display. Obt\u00e9n un cable de alimentaci\u00f3n invisible de 20'\/6 metros para Spectrum.","og_url":"https:\/\/evervue.com.pa\/tienda\/producto\/cable-de-alimentacion-invisible\/","og_site_name":"Evervue Am\u00e9ricas S.A.","article_modified_time":"2026-02-19T10:40:26+00:00","og_image":[{"width":1000,"height":1000,"url":"https:\/\/evervue.com.pa\/tienda\/wp-content\/uploads\/invisible-power-cable.gif","type":"image\/gif"}],"twitter_card":"summary_large_image","twitter_misc":{"Tiempo de lectura":"1 minuto"},"schema":{"@context":"https:\/\/schema.org","@graph":[{"@type":"WebPage","@id":"https:\/\/evervue.com.pa\/tienda\/producto\/cable-de-alimentacion-invisible\/","url":"https:\/\/evervue.com.pa\/tienda\/producto\/cable-de-alimentacion-invisible\/","name":"Cable de Alimentaci\u00f3n Invisible | Evervue Am\u00e9ricas S.A.","isPartOf":{"@id":"https:\/\/evervue.com.pa\/tienda\/#website"},"primaryImageOfPage":{"@id":"https:\/\/evervue.com.pa\/tienda\/producto\/cable-de-alimentacion-invisible\/#primaryimage"},"image":{"@id":"https:\/\/evervue.com.pa\/tienda\/producto\/cable-de-alimentacion-invisible\/#primaryimage"},"thumbnailUrl":"https:\/\/evervue.com.pa\/tienda\/wp-content\/uploads\/invisible-power-cable.gif","datePublished":"2026-02-19T09:13:43+00:00","dateModified":"2026-02-19T10:40:26+00:00","description":"Compra el Cable de Alimentaci\u00f3n Invisible para Spectrum Smart TV Display. Obt\u00e9n un cable de alimentaci\u00f3n invisible de 20'\/6 metros para Spectrum.","breadcrumb":{"@id":"https:\/\/evervue.com.pa\/tienda\/producto\/cable-de-alimentacion-invisible\/#breadcrumb"},"inLanguage":"es","potentialAction":[{"@type":"ReadAction","target":["https:\/\/evervue.com.pa\/tienda\/producto\/cable-de-alimentacion-invisible\/"]}]},{"@type":"ImageObject","inLanguage":"es","@id":"https:\/\/evervue.com.pa\/tienda\/producto\/cable-de-alimentacion-invisible\/#primaryimage","url":"https:\/\/evervue.com.pa\/tienda\/wp-content\/uploads\/invisible-power-cable.gif","contentUrl":"https:\/\/evervue.com.pa\/tienda\/wp-content\/uploads\/invisible-power-cable.gif","width":1000,"height":1000},{"@type":"BreadcrumbList","@id":"https:\/\/evervue.com.pa\/tienda\/producto\/cable-de-alimentacion-invisible\/#breadcrumb","itemListElement":[{"@type":"ListItem","position":1,"name":"Home","item":"https:\/\/evervue.com.pa\/tienda\/"},{"@type":"ListItem","position":2,"name":"Comprar","item":"https:\/\/evervue.com.pa\/tienda\/store\/"},{"@type":"ListItem","position":3,"name":"Cable de Alimentaci\u00f3n Invisible"}]},{"@type":"WebSite","@id":"https:\/\/evervue.com.pa\/tienda\/#website","url":"https:\/\/evervue.com.pa\/tienda\/","name":"Evervue Am\u00e9ricas S.A.","description":"","potentialAction":[{"@type":"SearchAction","target":{"@type":"EntryPoint","urlTemplate":"https:\/\/evervue.com.pa\/tienda\/?s={search_term_string}"},"query-input":{"@type":"PropertyValueSpecification","valueRequired":true,"valueName":"search_term_string"}}],"inLanguage":"es"}]}},"_links":{"self":[{"href":"https:\/\/evervue.com.pa\/tienda\/wp-json\/wp\/v2\/product\/497","targetHints":{"allow":["GET"]}}],"collection":[{"href":"https:\/\/evervue.com.pa\/tienda\/wp-json\/wp\/v2\/product"}],"about":[{"href":"https:\/\/evervue.com.pa\/tienda\/wp-json\/wp\/v2\/types\/product"}],"replies":[{"embeddable":true,"href":"https:\/\/evervue.com.pa\/tienda\/wp-json\/wp\/v2\/comments?post=497"}],"wp:featuredmedia":[{"embeddable":true,"href":"https:\/\/evervue.com.pa\/tienda\/wp-json\/wp\/v2\/media\/510"}],"wp:attachment":[{"href":"https:\/\/evervue.com.pa\/tienda\/wp-json\/wp\/v2\/media?parent=497"}],"wp:term":[{"taxonomy":"product_brand","embeddable":true,"href":"https:\/\/evervue.com.pa\/tienda\/wp-json\/wp\/v2\/product_brand?post=497"},{"taxonomy":"product_cat","embeddable":true,"href":"https:\/\/evervue.com.pa\/tienda\/wp-json\/wp\/v2\/product_cat?post=497"},{"taxonomy":"product_tag","embeddable":true,"href":"https:\/\/evervue.com.pa\/tienda\/wp-json\/wp\/v2\/product_tag?post=497"}],"curies":[{"name":"wp","href":"https:\/\/api.w.org\/{rel}","templated":true}]}}