{"id":499,"date":"2026-02-19T09:13:43","date_gmt":"2026-02-19T09:13:43","guid":{"rendered":"https:\/\/catfiesta.com\/evstorepa\/?post_type=product&#038;p=499"},"modified":"2026-03-03T09:20:08","modified_gmt":"2026-03-03T09:20:08","slug":"control-tactil","status":"publish","type":"product","link":"https:\/\/evervue.com.pa\/tienda\/producto\/control-tactil\/","title":{"rendered":"Control T\u00e1ctil"},"content":{"rendered":"","protected":false},"excerpt":{"rendered":"<p>Experimenta la facilidad y simplicidad de controlar las luces de tu espejo con el Grand Mirrors Touch Control. Dise\u00f1ado para un manejo sin esfuerzo, nuestro sistema de control t\u00e1ctil ofrece una variedad de funciones para mejorar tu experiencia con el espejo.<\/p>\n<ul>\n<li>Touch Control 400: Para LED Fr\u00edo, C\u00e1lido y Philips LED Light.<\/li>\n<li>Touch Control 430: Para LED True Light.<\/li>\n<li>Touch Control 450: Para LED Multicolor.<\/li>\n<li>Wi-Fi Relay WT1: La soluci\u00f3n definitiva para gestionar m\u00faltiples espejos.<\/li>\n<\/ul>\n","protected":false},"featured_media":1163,"comment_status":"closed","ping_status":"closed","template":"","meta":[],"product_brand":[],"product_cat":[36],"product_tag":[],"class_list":{"0":"post-499","1":"product","2":"type-product","3":"status-publish","4":"has-post-thumbnail","6":"product_cat-accesorios","7":"tm-has-options","9":"first","10":"instock","11":"taxable","12":"shipping-taxable","13":"purchasable","14":"product-type-simple"},"yoast_head":"<!-- This site is optimized with the Yoast SEO plugin v27.4 - https:\/\/yoast.com\/product\/yoast-seo-wordpress\/ -->\n<title>Control T\u00e1ctil - Accesorios | Evervue Am\u00e9ricas S.A.<\/title>\n<meta name=\"description\" content=\"Experimenta la facilidad y simplicidad de controlar las luces de tu espejo con el Control T\u00e1ctil de Grand Mirrors.\" \/>\n<meta name=\"robots\" content=\"index, follow, max-snippet:-1, max-image-preview:large, max-video-preview:-1\" \/>\n<link rel=\"canonical\" href=\"https:\/\/evervue.com.pa\/tienda\/producto\/control-tactil\/\" \/>\n<meta property=\"og:locale\" content=\"es_ES\" \/>\n<meta property=\"og:type\" content=\"article\" \/>\n<meta property=\"og:title\" content=\"Control T\u00e1ctil - Accesorios | Evervue Am\u00e9ricas S.A.\" \/>\n<meta property=\"og:description\" content=\"Experimenta la facilidad y simplicidad de controlar las luces de tu espejo con el Control T\u00e1ctil de Grand Mirrors.\" \/>\n<meta property=\"og:url\" content=\"https:\/\/evervue.com.pa\/tienda\/producto\/control-tactil\/\" \/>\n<meta property=\"og:site_name\" content=\"Evervue Am\u00e9ricas S.A.\" \/>\n<meta property=\"article:modified_time\" content=\"2026-03-03T09:20:08+00:00\" \/>\n<meta property=\"og:image\" content=\"https:\/\/evervue.com.pa\/tienda\/wp-content\/uploads\/touch-control.webp\" \/>\n\t<meta property=\"og:image:width\" content=\"1920\" \/>\n\t<meta property=\"og:image:height\" content=\"1920\" \/>\n\t<meta property=\"og:image:type\" content=\"image\/webp\" \/>\n<meta name=\"twitter:card\" content=\"summary_large_image\" \/>\n<meta name=\"twitter:label1\" content=\"Tiempo de lectura\" \/>\n\t<meta name=\"twitter:data1\" content=\"1 minuto\" \/>\n<script type=\"application\/ld+json\" class=\"yoast-schema-graph\">{\"@context\":\"https:\\\/\\\/schema.org\",\"@graph\":[{\"@type\":\"WebPage\",\"@id\":\"https:\\\/\\\/evervue.com.pa\\\/tienda\\\/producto\\\/control-tactil\\\/\",\"url\":\"https:\\\/\\\/evervue.com.pa\\\/tienda\\\/producto\\\/control-tactil\\\/\",\"name\":\"Control T\u00e1ctil - Accesorios | Evervue Am\u00e9ricas S.A.\",\"isPartOf\":{\"@id\":\"https:\\\/\\\/evervue.com.pa\\\/tienda\\\/#website\"},\"primaryImageOfPage\":{\"@id\":\"https:\\\/\\\/evervue.com.pa\\\/tienda\\\/producto\\\/control-tactil\\\/#primaryimage\"},\"image\":{\"@id\":\"https:\\\/\\\/evervue.com.pa\\\/tienda\\\/producto\\\/control-tactil\\\/#primaryimage\"},\"thumbnailUrl\":\"https:\\\/\\\/evervue.com.pa\\\/tienda\\\/wp-content\\\/uploads\\\/control-tactil.webp\",\"datePublished\":\"2026-02-19T09:13:43+00:00\",\"dateModified\":\"2026-03-03T09:20:08+00:00\",\"description\":\"Experimenta la facilidad y simplicidad de controlar las luces de tu espejo con el Control T\u00e1ctil de Grand Mirrors.\",\"breadcrumb\":{\"@id\":\"https:\\\/\\\/evervue.com.pa\\\/tienda\\\/producto\\\/control-tactil\\\/#breadcrumb\"},\"inLanguage\":\"es\",\"potentialAction\":[{\"@type\":\"ReadAction\",\"target\":[\"https:\\\/\\\/evervue.com.pa\\\/tienda\\\/producto\\\/control-tactil\\\/\"]}]},{\"@type\":\"ImageObject\",\"inLanguage\":\"es\",\"@id\":\"https:\\\/\\\/evervue.com.pa\\\/tienda\\\/producto\\\/control-tactil\\\/#primaryimage\",\"url\":\"https:\\\/\\\/evervue.com.pa\\\/tienda\\\/wp-content\\\/uploads\\\/control-tactil.webp\",\"contentUrl\":\"https:\\\/\\\/evervue.com.pa\\\/tienda\\\/wp-content\\\/uploads\\\/control-tactil.webp\",\"width\":1920,\"height\":1920},{\"@type\":\"BreadcrumbList\",\"@id\":\"https:\\\/\\\/evervue.com.pa\\\/tienda\\\/producto\\\/control-tactil\\\/#breadcrumb\",\"itemListElement\":[{\"@type\":\"ListItem\",\"position\":1,\"name\":\"Home\",\"item\":\"https:\\\/\\\/evervue.com.pa\\\/tienda\\\/\"},{\"@type\":\"ListItem\",\"position\":2,\"name\":\"Comprar\",\"item\":\"https:\\\/\\\/evervue.com.pa\\\/tienda\\\/store\\\/\"},{\"@type\":\"ListItem\",\"position\":3,\"name\":\"Control T\u00e1ctil\"}]},{\"@type\":\"WebSite\",\"@id\":\"https:\\\/\\\/evervue.com.pa\\\/tienda\\\/#website\",\"url\":\"https:\\\/\\\/evervue.com.pa\\\/tienda\\\/\",\"name\":\"Evervue Am\u00e9ricas S.A.\",\"description\":\"\",\"potentialAction\":[{\"@type\":\"SearchAction\",\"target\":{\"@type\":\"EntryPoint\",\"urlTemplate\":\"https:\\\/\\\/evervue.com.pa\\\/tienda\\\/?s={search_term_string}\"},\"query-input\":{\"@type\":\"PropertyValueSpecification\",\"valueRequired\":true,\"valueName\":\"search_term_string\"}}],\"inLanguage\":\"es\"}]}<\/script>\n<!-- \/ Yoast SEO plugin. -->","yoast_head_json":{"title":"Control T\u00e1ctil - Accesorios | Evervue Am\u00e9ricas S.A.","description":"Experimenta la facilidad y simplicidad de controlar las luces de tu espejo con el Control T\u00e1ctil de Grand Mirrors.","robots":{"index":"index","follow":"follow","max-snippet":"max-snippet:-1","max-image-preview":"max-image-preview:large","max-video-preview":"max-video-preview:-1"},"canonical":"https:\/\/evervue.com.pa\/tienda\/producto\/control-tactil\/","og_locale":"es_ES","og_type":"article","og_title":"Control T\u00e1ctil - Accesorios | Evervue Am\u00e9ricas S.A.","og_description":"Experimenta la facilidad y simplicidad de controlar las luces de tu espejo con el Control T\u00e1ctil de Grand Mirrors.","og_url":"https:\/\/evervue.com.pa\/tienda\/producto\/control-tactil\/","og_site_name":"Evervue Am\u00e9ricas S.A.","article_modified_time":"2026-03-03T09:20:08+00:00","og_image":[{"width":1920,"height":1920,"url":"https:\/\/evervue.com.pa\/tienda\/wp-content\/uploads\/touch-control.webp","type":"image\/webp"}],"twitter_card":"summary_large_image","twitter_misc":{"Tiempo de lectura":"1 minuto"},"schema":{"@context":"https:\/\/schema.org","@graph":[{"@type":"WebPage","@id":"https:\/\/evervue.com.pa\/tienda\/producto\/control-tactil\/","url":"https:\/\/evervue.com.pa\/tienda\/producto\/control-tactil\/","name":"Control T\u00e1ctil - Accesorios | Evervue Am\u00e9ricas S.A.","isPartOf":{"@id":"https:\/\/evervue.com.pa\/tienda\/#website"},"primaryImageOfPage":{"@id":"https:\/\/evervue.com.pa\/tienda\/producto\/control-tactil\/#primaryimage"},"image":{"@id":"https:\/\/evervue.com.pa\/tienda\/producto\/control-tactil\/#primaryimage"},"thumbnailUrl":"https:\/\/evervue.com.pa\/tienda\/wp-content\/uploads\/control-tactil.webp","datePublished":"2026-02-19T09:13:43+00:00","dateModified":"2026-03-03T09:20:08+00:00","description":"Experimenta la facilidad y simplicidad de controlar las luces de tu espejo con el Control T\u00e1ctil de Grand Mirrors.","breadcrumb":{"@id":"https:\/\/evervue.com.pa\/tienda\/producto\/control-tactil\/#breadcrumb"},"inLanguage":"es","potentialAction":[{"@type":"ReadAction","target":["https:\/\/evervue.com.pa\/tienda\/producto\/control-tactil\/"]}]},{"@type":"ImageObject","inLanguage":"es","@id":"https:\/\/evervue.com.pa\/tienda\/producto\/control-tactil\/#primaryimage","url":"https:\/\/evervue.com.pa\/tienda\/wp-content\/uploads\/control-tactil.webp","contentUrl":"https:\/\/evervue.com.pa\/tienda\/wp-content\/uploads\/control-tactil.webp","width":1920,"height":1920},{"@type":"BreadcrumbList","@id":"https:\/\/evervue.com.pa\/tienda\/producto\/control-tactil\/#breadcrumb","itemListElement":[{"@type":"ListItem","position":1,"name":"Home","item":"https:\/\/evervue.com.pa\/tienda\/"},{"@type":"ListItem","position":2,"name":"Comprar","item":"https:\/\/evervue.com.pa\/tienda\/store\/"},{"@type":"ListItem","position":3,"name":"Control T\u00e1ctil"}]},{"@type":"WebSite","@id":"https:\/\/evervue.com.pa\/tienda\/#website","url":"https:\/\/evervue.com.pa\/tienda\/","name":"Evervue Am\u00e9ricas S.A.","description":"","potentialAction":[{"@type":"SearchAction","target":{"@type":"EntryPoint","urlTemplate":"https:\/\/evervue.com.pa\/tienda\/?s={search_term_string}"},"query-input":{"@type":"PropertyValueSpecification","valueRequired":true,"valueName":"search_term_string"}}],"inLanguage":"es"}]}},"_links":{"self":[{"href":"https:\/\/evervue.com.pa\/tienda\/wp-json\/wp\/v2\/product\/499","targetHints":{"allow":["GET"]}}],"collection":[{"href":"https:\/\/evervue.com.pa\/tienda\/wp-json\/wp\/v2\/product"}],"about":[{"href":"https:\/\/evervue.com.pa\/tienda\/wp-json\/wp\/v2\/types\/product"}],"replies":[{"embeddable":true,"href":"https:\/\/evervue.com.pa\/tienda\/wp-json\/wp\/v2\/comments?post=499"}],"wp:featuredmedia":[{"embeddable":true,"href":"https:\/\/evervue.com.pa\/tienda\/wp-json\/wp\/v2\/media\/1163"}],"wp:attachment":[{"href":"https:\/\/evervue.com.pa\/tienda\/wp-json\/wp\/v2\/media?parent=499"}],"wp:term":[{"taxonomy":"product_brand","embeddable":true,"href":"https:\/\/evervue.com.pa\/tienda\/wp-json\/wp\/v2\/product_brand?post=499"},{"taxonomy":"product_cat","embeddable":true,"href":"https:\/\/evervue.com.pa\/tienda\/wp-json\/wp\/v2\/product_cat?post=499"},{"taxonomy":"product_tag","embeddable":true,"href":"https:\/\/evervue.com.pa\/tienda\/wp-json\/wp\/v2\/product_tag?post=499"}],"curies":[{"name":"wp","href":"https:\/\/api.w.org\/{rel}","templated":true}]}}