{"id":526,"date":"2026-02-19T09:28:30","date_gmt":"2026-02-19T09:28:30","guid":{"rendered":"https:\/\/catfiesta.com\/evstorepa\/?post_type=product&#038;p=526"},"modified":"2026-03-03T07:17:00","modified_gmt":"2026-03-03T07:17:00","slug":"tv-de-exterior-cosmos-50","status":"publish","type":"product","link":"https:\/\/evervue.com.pa\/tienda\/producto\/tv-de-exterior-cosmos-50\/","title":{"rendered":"TV Exterior Cosmos 50\u201d 4K Ultra HD (Modelo 2026)"},"content":{"rendered":"<p><iframe src=\"https:\/\/www.youtube.com\/embed\/l1ZeZPHbJME?si=dySzEBumTjE5Ow4c\" title=\"YouTube video player\" frameborder=\"0\" allow=\"accelerometer; autoplay; clipboard-write; encrypted-media; gyroscope; picture-in-picture; web-share\" referrerpolicy=\"strict-origin-when-cross-origin\" allowfullscreen><\/iframe><\/p>\n","protected":false},"excerpt":{"rendered":"<p class=\"red\">Con una amplia variedad de marcas disponibles, es importante considerar todas las caracter\u00edsticas disponibles.<\/p>\n<p class=\"red bold\">Los clientes bien informados eligen Cosmos Outdoor TV.<\/p>\n<ul>\n<li class=\"red\">\n<p>Real TV Smart 4K con todas las funciones y tecnolog\u00eda m\u00e1s recientes.<\/p>\n<\/li>\n<li class=\"red\">Acero inoxidable indestructible. El TV m\u00e1s fuerte y duradero del mercado.<\/li>\n<li class=\"red\">Sistema de energ\u00eda seguro de 24 voltios. Puede conectarse a 100-240 voltios, o directamente a tu red de 24 voltios.<\/li>\n<li class=\"red\">El mejor dise\u00f1o de TV exterior que complementar\u00e1 tu jard\u00edn.<\/li>\n<li class=\"red\">El mejor audio gracias a los streamers de audio dise\u00f1ados para un sonido \u00f3ptimo.<\/li>\n<li class=\"red\">Protecci\u00f3n contra lluvia, nieve y sol. \u00a1La mejor protecci\u00f3n y se ve genial!<\/li>\n<li class=\"red\">\u00a1Y mucho m\u00e1s! <a class=\"red\" href=\"https:\/\/evervue.com.pa\/cosmos\/technology\/\" target=\"_blank\" rel=\"noopener noreferrer\">Haz clic aqu\u00ed para comparar antes de comprar.<\/a><\/li>\n<\/ul>\n<p><span class=\"bold\">Ahora en env\u00edo: <\/span>Los nuevos modelos Cosmos Outdoor TV 2025.<\/p>\n<ul>\n<li>\n<p>La \u00daNICA TV inteligente exterior todo clima de acero inoxidable. Indestructible.<\/p>\n<\/li>\n<li>Sistema seguro de 24 voltios (mucho m\u00e1s seguro que 110 o 220 voltios en el c\u00e9sped o cerca de la piscina).<\/li>\n<li>Resoluci\u00f3n 4K Ultra Alta Definici\u00f3n. Excelente calidad de imagen.<\/li>\n<li>Con control por voz est\u00e1ndar (Google Assistant).<\/li>\n<li>Sistema completo de control de temperatura; \u00fasalo en cualquier lugar, en cualquier momento. Config\u00faralo y olv\u00eddalo, todo el a\u00f1o (mant\u00e9nlo conectado a la energ\u00eda todo el tiempo).<\/li>\n<li>Capucha patentada para el clima, streamers de audio patentados. Excelente calidad de audio dirigida hacia ti.<\/li>\n<li>Compartimento separado para set-top box. F\u00e1cil de actualizar despu\u00e9s de algunos a\u00f1os. (muy importante)<\/li>\n<li>Receptor de control remoto de \u00e1ngulo amplio.<\/li>\n<li>Con control remoto Zepp resistente al agua. Con soporte conveniente con ventosas.<\/li>\n<li>\u00daltima versi\u00f3n disponible de Android TV preinstalada. Con\u00e9ctalo a Wi-Fi y listo para usar.<\/li>\n<li>Altavoces de calidad integrados para un gran audio. Los streamers dirigen el audio hacia ti.<\/li>\n<li>Viene con cable de alimentaci\u00f3n exterior de 20\u2032\/6 metros.<\/li>\n<li>Compatible con la aplicaci\u00f3n Mirror Feeds. <a href=\"https:\/\/www.mirrorfeeds.com\/\" target=\"_blank\" rel=\"noopener noreferrer\">\u00bfQu\u00e9 es esto?<\/a><\/li>\n<li>Hermosas cubiertas Sunbrella disponibles en muchos colores.<\/li>\n<li>Consulta nuestros soportes de acero inoxidable. Un TV al aire libre, con viento y lluvia, necesitas un soporte fuerte y s\u00f3lido.<\/li>\n<li>Garant\u00eda de 12 meses.<\/li>\n<li>Pol\u00edtica de devoluci\u00f3n de 14 d\u00edas (solo en EE. UU.).<\/li>\n<\/ul>\n<p>Estado de stock: En existencia, env\u00edo r\u00e1pido.<\/p>\n<p>Haz clic <a href=\"https:\/\/evervue.com.pa\/cosmos\/\" target=\"_blank\" rel=\"noopener noreferrer\">aqu\u00ed<\/a> para obtener m\u00e1s informaci\u00f3n sobre este producto.<\/p>\n","protected":false},"featured_media":529,"comment_status":"open","ping_status":"closed","template":"","meta":[],"product_brand":[],"product_cat":[34],"product_tag":[],"class_list":{"0":"post-526","1":"product","2":"type-product","3":"status-publish","4":"has-post-thumbnail","6":"product_cat-cosmos-outdoor-tv","7":"tm-has-options","9":"first","10":"instock","11":"taxable","12":"shipping-taxable","13":"purchasable","14":"product-type-simple"},"yoast_head":"<!-- This site is optimized with the Yoast SEO plugin v27.4 - https:\/\/yoast.com\/product\/yoast-seo-wordpress\/ -->\n<title>TV Exterior Cosmos 50&quot; | Evervue Am\u00e9ricas S.A.<\/title>\n<meta name=\"description\" content=\"Compra el TV Exterior Cosmos de 50 pulgadas. Cosmos es un televisor exterior todo clima con alimentaci\u00f3n segura de 24 voltios. Est\u00e1 construido con calidad de TV 4K Ultra HD, Google Assistant, altavoces de alta calidad y otras funciones inteligentes.\" \/>\n<meta name=\"robots\" content=\"index, follow, max-snippet:-1, max-image-preview:large, max-video-preview:-1\" \/>\n<link rel=\"canonical\" href=\"https:\/\/evervue.com.pa\/tienda\/producto\/tv-de-exterior-cosmos-50\/\" \/>\n<meta property=\"og:locale\" content=\"es_ES\" \/>\n<meta property=\"og:type\" content=\"article\" \/>\n<meta property=\"og:title\" content=\"TV Exterior Cosmos 50&quot; | Evervue Am\u00e9ricas S.A.\" \/>\n<meta property=\"og:description\" content=\"Compra el TV Exterior Cosmos de 50 pulgadas. Cosmos es un televisor exterior todo clima con alimentaci\u00f3n segura de 24 voltios. Est\u00e1 construido con calidad de TV 4K Ultra HD, Google Assistant, altavoces de alta calidad y otras funciones inteligentes.\" \/>\n<meta property=\"og:url\" content=\"https:\/\/evervue.com.pa\/tienda\/producto\/tv-de-exterior-cosmos-50\/\" \/>\n<meta property=\"og:site_name\" content=\"Evervue Am\u00e9ricas S.A.\" \/>\n<meta property=\"article:modified_time\" content=\"2026-03-03T07:17:00+00:00\" \/>\n<meta property=\"og:image\" content=\"https:\/\/evervue.com.pa\/tienda\/wp-content\/uploads\/cosmos-50.webp\" \/>\n\t<meta property=\"og:image:width\" content=\"1000\" \/>\n\t<meta property=\"og:image:height\" content=\"1000\" \/>\n\t<meta property=\"og:image:type\" content=\"image\/webp\" \/>\n<meta name=\"twitter:card\" content=\"summary_large_image\" \/>\n<meta name=\"twitter:label1\" content=\"Tiempo de lectura\" \/>\n\t<meta name=\"twitter:data1\" content=\"1 minuto\" \/>\n<script type=\"application\/ld+json\" class=\"yoast-schema-graph\">{\"@context\":\"https:\\\/\\\/schema.org\",\"@graph\":[{\"@type\":\"WebPage\",\"@id\":\"https:\\\/\\\/evervue.com.pa\\\/tienda\\\/producto\\\/tv-de-exterior-cosmos-50\\\/\",\"url\":\"https:\\\/\\\/evervue.com.pa\\\/tienda\\\/producto\\\/tv-de-exterior-cosmos-50\\\/\",\"name\":\"TV Exterior Cosmos 50\\\" | Evervue Am\u00e9ricas S.A.\",\"isPartOf\":{\"@id\":\"https:\\\/\\\/evervue.com.pa\\\/tienda\\\/#website\"},\"primaryImageOfPage\":{\"@id\":\"https:\\\/\\\/evervue.com.pa\\\/tienda\\\/producto\\\/tv-de-exterior-cosmos-50\\\/#primaryimage\"},\"image\":{\"@id\":\"https:\\\/\\\/evervue.com.pa\\\/tienda\\\/producto\\\/tv-de-exterior-cosmos-50\\\/#primaryimage\"},\"thumbnailUrl\":\"https:\\\/\\\/evervue.com.pa\\\/tienda\\\/wp-content\\\/uploads\\\/cosmos-50.webp\",\"datePublished\":\"2026-02-19T09:28:30+00:00\",\"dateModified\":\"2026-03-03T07:17:00+00:00\",\"description\":\"Compra el TV Exterior Cosmos de 50 pulgadas. Cosmos es un televisor exterior todo clima con alimentaci\u00f3n segura de 24 voltios. Est\u00e1 construido con calidad de TV 4K Ultra HD, Google Assistant, altavoces de alta calidad y otras funciones inteligentes.\",\"breadcrumb\":{\"@id\":\"https:\\\/\\\/evervue.com.pa\\\/tienda\\\/producto\\\/tv-de-exterior-cosmos-50\\\/#breadcrumb\"},\"inLanguage\":\"es\",\"potentialAction\":[{\"@type\":\"ReadAction\",\"target\":[\"https:\\\/\\\/evervue.com.pa\\\/tienda\\\/producto\\\/tv-de-exterior-cosmos-50\\\/\"]}]},{\"@type\":\"ImageObject\",\"inLanguage\":\"es\",\"@id\":\"https:\\\/\\\/evervue.com.pa\\\/tienda\\\/producto\\\/tv-de-exterior-cosmos-50\\\/#primaryimage\",\"url\":\"https:\\\/\\\/evervue.com.pa\\\/tienda\\\/wp-content\\\/uploads\\\/cosmos-50.webp\",\"contentUrl\":\"https:\\\/\\\/evervue.com.pa\\\/tienda\\\/wp-content\\\/uploads\\\/cosmos-50.webp\",\"width\":1000,\"height\":1000},{\"@type\":\"BreadcrumbList\",\"@id\":\"https:\\\/\\\/evervue.com.pa\\\/tienda\\\/producto\\\/tv-de-exterior-cosmos-50\\\/#breadcrumb\",\"itemListElement\":[{\"@type\":\"ListItem\",\"position\":1,\"name\":\"Home\",\"item\":\"https:\\\/\\\/evervue.com.pa\\\/tienda\\\/\"},{\"@type\":\"ListItem\",\"position\":2,\"name\":\"Comprar\",\"item\":\"https:\\\/\\\/evervue.com.pa\\\/tienda\\\/store\\\/\"},{\"@type\":\"ListItem\",\"position\":3,\"name\":\"TV Exterior Cosmos 50\u201d 4K Ultra HD (Modelo 2026)\"}]},{\"@type\":\"WebSite\",\"@id\":\"https:\\\/\\\/evervue.com.pa\\\/tienda\\\/#website\",\"url\":\"https:\\\/\\\/evervue.com.pa\\\/tienda\\\/\",\"name\":\"Evervue Am\u00e9ricas S.A.\",\"description\":\"\",\"potentialAction\":[{\"@type\":\"SearchAction\",\"target\":{\"@type\":\"EntryPoint\",\"urlTemplate\":\"https:\\\/\\\/evervue.com.pa\\\/tienda\\\/?s={search_term_string}\"},\"query-input\":{\"@type\":\"PropertyValueSpecification\",\"valueRequired\":true,\"valueName\":\"search_term_string\"}}],\"inLanguage\":\"es\"}]}<\/script>\n<!-- \/ Yoast SEO plugin. -->","yoast_head_json":{"title":"TV Exterior Cosmos 50\" | Evervue Am\u00e9ricas S.A.","description":"Compra el TV Exterior Cosmos de 50 pulgadas. Cosmos es un televisor exterior todo clima con alimentaci\u00f3n segura de 24 voltios. Est\u00e1 construido con calidad de TV 4K Ultra HD, Google Assistant, altavoces de alta calidad y otras funciones inteligentes.","robots":{"index":"index","follow":"follow","max-snippet":"max-snippet:-1","max-image-preview":"max-image-preview:large","max-video-preview":"max-video-preview:-1"},"canonical":"https:\/\/evervue.com.pa\/tienda\/producto\/tv-de-exterior-cosmos-50\/","og_locale":"es_ES","og_type":"article","og_title":"TV Exterior Cosmos 50\" | Evervue Am\u00e9ricas S.A.","og_description":"Compra el TV Exterior Cosmos de 50 pulgadas. Cosmos es un televisor exterior todo clima con alimentaci\u00f3n segura de 24 voltios. Est\u00e1 construido con calidad de TV 4K Ultra HD, Google Assistant, altavoces de alta calidad y otras funciones inteligentes.","og_url":"https:\/\/evervue.com.pa\/tienda\/producto\/tv-de-exterior-cosmos-50\/","og_site_name":"Evervue Am\u00e9ricas S.A.","article_modified_time":"2026-03-03T07:17:00+00:00","og_image":[{"width":1000,"height":1000,"url":"https:\/\/evervue.com.pa\/tienda\/wp-content\/uploads\/cosmos-50.webp","type":"image\/webp"}],"twitter_card":"summary_large_image","twitter_misc":{"Tiempo de lectura":"1 minuto"},"schema":{"@context":"https:\/\/schema.org","@graph":[{"@type":"WebPage","@id":"https:\/\/evervue.com.pa\/tienda\/producto\/tv-de-exterior-cosmos-50\/","url":"https:\/\/evervue.com.pa\/tienda\/producto\/tv-de-exterior-cosmos-50\/","name":"TV Exterior Cosmos 50\" | Evervue Am\u00e9ricas S.A.","isPartOf":{"@id":"https:\/\/evervue.com.pa\/tienda\/#website"},"primaryImageOfPage":{"@id":"https:\/\/evervue.com.pa\/tienda\/producto\/tv-de-exterior-cosmos-50\/#primaryimage"},"image":{"@id":"https:\/\/evervue.com.pa\/tienda\/producto\/tv-de-exterior-cosmos-50\/#primaryimage"},"thumbnailUrl":"https:\/\/evervue.com.pa\/tienda\/wp-content\/uploads\/cosmos-50.webp","datePublished":"2026-02-19T09:28:30+00:00","dateModified":"2026-03-03T07:17:00+00:00","description":"Compra el TV Exterior Cosmos de 50 pulgadas. Cosmos es un televisor exterior todo clima con alimentaci\u00f3n segura de 24 voltios. Est\u00e1 construido con calidad de TV 4K Ultra HD, Google Assistant, altavoces de alta calidad y otras funciones inteligentes.","breadcrumb":{"@id":"https:\/\/evervue.com.pa\/tienda\/producto\/tv-de-exterior-cosmos-50\/#breadcrumb"},"inLanguage":"es","potentialAction":[{"@type":"ReadAction","target":["https:\/\/evervue.com.pa\/tienda\/producto\/tv-de-exterior-cosmos-50\/"]}]},{"@type":"ImageObject","inLanguage":"es","@id":"https:\/\/evervue.com.pa\/tienda\/producto\/tv-de-exterior-cosmos-50\/#primaryimage","url":"https:\/\/evervue.com.pa\/tienda\/wp-content\/uploads\/cosmos-50.webp","contentUrl":"https:\/\/evervue.com.pa\/tienda\/wp-content\/uploads\/cosmos-50.webp","width":1000,"height":1000},{"@type":"BreadcrumbList","@id":"https:\/\/evervue.com.pa\/tienda\/producto\/tv-de-exterior-cosmos-50\/#breadcrumb","itemListElement":[{"@type":"ListItem","position":1,"name":"Home","item":"https:\/\/evervue.com.pa\/tienda\/"},{"@type":"ListItem","position":2,"name":"Comprar","item":"https:\/\/evervue.com.pa\/tienda\/store\/"},{"@type":"ListItem","position":3,"name":"TV Exterior Cosmos 50\u201d 4K Ultra HD (Modelo 2026)"}]},{"@type":"WebSite","@id":"https:\/\/evervue.com.pa\/tienda\/#website","url":"https:\/\/evervue.com.pa\/tienda\/","name":"Evervue Am\u00e9ricas S.A.","description":"","potentialAction":[{"@type":"SearchAction","target":{"@type":"EntryPoint","urlTemplate":"https:\/\/evervue.com.pa\/tienda\/?s={search_term_string}"},"query-input":{"@type":"PropertyValueSpecification","valueRequired":true,"valueName":"search_term_string"}}],"inLanguage":"es"}]}},"_links":{"self":[{"href":"https:\/\/evervue.com.pa\/tienda\/wp-json\/wp\/v2\/product\/526","targetHints":{"allow":["GET"]}}],"collection":[{"href":"https:\/\/evervue.com.pa\/tienda\/wp-json\/wp\/v2\/product"}],"about":[{"href":"https:\/\/evervue.com.pa\/tienda\/wp-json\/wp\/v2\/types\/product"}],"replies":[{"embeddable":true,"href":"https:\/\/evervue.com.pa\/tienda\/wp-json\/wp\/v2\/comments?post=526"}],"wp:featuredmedia":[{"embeddable":true,"href":"https:\/\/evervue.com.pa\/tienda\/wp-json\/wp\/v2\/media\/529"}],"wp:attachment":[{"href":"https:\/\/evervue.com.pa\/tienda\/wp-json\/wp\/v2\/media?parent=526"}],"wp:term":[{"taxonomy":"product_brand","embeddable":true,"href":"https:\/\/evervue.com.pa\/tienda\/wp-json\/wp\/v2\/product_brand?post=526"},{"taxonomy":"product_cat","embeddable":true,"href":"https:\/\/evervue.com.pa\/tienda\/wp-json\/wp\/v2\/product_cat?post=526"},{"taxonomy":"product_tag","embeddable":true,"href":"https:\/\/evervue.com.pa\/tienda\/wp-json\/wp\/v2\/product_tag?post=526"}],"curies":[{"name":"wp","href":"https:\/\/api.w.org\/{rel}","templated":true}]}}